{"id":92352,"date":"2022-09-30T09:33:30","date_gmt":"2022-09-30T07:33:30","guid":{"rendered":"https:\/\/musikabulegoa.eus\/hub\/mb\/transparencia\/"},"modified":"2023-12-01T14:51:52","modified_gmt":"2023-12-01T13:51:52","slug":"transparencia","status":"publish","type":"page","link":"https:\/\/musikabulegoa.eus\/hub\/en\/mb\/transparencia\/","title":{"rendered":"Transparencia"},"content":{"rendered":"<div class=\"wpb-content-wrapper\"><p>[vc_row row_height_percent=&#8221;0&#8243; override_padding=&#8221;yes&#8221; h_padding=&#8221;2&#8243; top_padding=&#8221;0&#8243; bottom_padding=&#8221;0&#8243; overlay_alpha=&#8221;50&#8243; gutter_size=&#8221;3&#8243; column_width_percent=&#8221;100&#8243; shift_y=&#8221;0&#8243; z_index=&#8221;0&#8243; uncode_shortcode_id=&#8221;143252&#8243;][vc_column column_width_percent=&#8221;100&#8243; gutter_size=&#8221;3&#8243; override_padding=&#8221;yes&#8221; column_padding=&#8221;0&#8243; overlay_alpha=&#8221;50&#8243; shift_x=&#8221;0&#8243; shift_y=&#8221;0&#8243; shift_y_down=&#8221;0&#8243; z_index=&#8221;0&#8243; medium_width=&#8221;0&#8243; mobile_width=&#8221;0&#8243; width=&#8221;1\/1&#8243; uncode_shortcode_id=&#8221;233862&#8243;][vc_empty_space empty_h=&#8221;1&#8243;][\/vc_column][\/vc_row][vc_row row_height_percent=&#8221;0&#8243; override_padding=&#8221;yes&#8221; h_padding=&#8221;3&#8243; top_padding=&#8221;4&#8243; bottom_padding=&#8221;3&#8243; back_color=&#8221;color-lxmt&#8221; overlay_alpha=&#8221;50&#8243; equal_height=&#8221;yes&#8221; gutter_size=&#8221;4&#8243; column_width_percent=&#8221;100&#8243; shift_y=&#8221;0&#8243; z_index=&#8221;0&#8243; enable_top_divider=&#8221;default&#8221; top_divider=&#8221;tilt&#8221; shape_top_h_use_pixel=&#8221;&#8221; shape_top_height=&#8221;50&#8243; shape_top_color=&#8221;color-jevc&#8221; shape_top_opacity=&#8221;100&#8243; shape_top_index=&#8221;0&#8243; bottom_divider=&#8221;tilt&#8221; uncode_shortcode_id=&#8221;117308&#8243; shape_top_color_type=&#8221;uncode-palette&#8221; back_color_type=&#8221;uncode-palette&#8221;][vc_column column_width_percent=&#8221;100&#8243; position_vertical=&#8221;middle&#8221; gutter_size=&#8221;3&#8243; overlay_alpha=&#8221;50&#8243; shift_x=&#8221;0&#8243; shift_y=&#8221;0&#8243; shift_y_down=&#8221;0&#8243; z_index=&#8221;0&#8243; medium_width=&#8221;0&#8243; mobile_width=&#8221;0&#8243; width=&#8221;1\/4&#8243; uncode_shortcode_id=&#8221;778780&#8243;][\/vc_column][vc_column column_width_percent=&#8221;100&#8243; position_vertical=&#8221;middle&#8221; gutter_size=&#8221;0&#8243; overlay_alpha=&#8221;50&#8243; shift_x=&#8221;0&#8243; shift_y=&#8221;0&#8243; shift_y_down=&#8221;0&#8243; z_index=&#8221;0&#8243; medium_width=&#8221;0&#8243; mobile_width=&#8221;0&#8243; width=&#8221;1\/2&#8243; uncode_shortcode_id=&#8221;122516&#8243;][vc_column_text uncode_shortcode_id=&#8221;508583&#8243; el_class=&#8221;ES&#8221;]Musika Bulegoa es una entidad con vocaci\u00f3n de servicio p\u00fablico y uno de sus principales ejes ser\u00e1 impulsar una comunicaci\u00f3n transparente destinada a sus miembros participantes, agentes sociales y, en \u00faltimo t\u00e9rmino, a la sociedad en general. Como ejemplo de compromiso, Musika Bulegoa pone a disposici\u00f3n de las personas interesadas sus estatutos, sus informes de actividad anuales, as\u00ed como los reglamentos y criterios de selecci\u00f3n que rigen las diversas actividades y convocatorias que realiza la asociaci\u00f3n.<\/p>\n<p>Para garantizar el \u00e9xito de una pol\u00edtica transparente, la informaci\u00f3n publicada ser\u00e1 comprensible y accesible a todas las personas. Por su parte, Musika Bulegoa adoptar\u00e1 una actitud activa de supervisi\u00f3n de protocolos y f\u00f3rmulas para mejorar los criterios vigentes establecidos a fin de proteger y promover una pol\u00edtica de transparencia real y democr\u00e1tica.[\/vc_column_text][vc_column_text uncode_shortcode_id=&#8221;422810&#8243; el_class=&#8221;EU&#8221;]Musika Bulegoa zerbitzu publikoko bokazioa duen erakunde bat da, eta bere ardatz nagusietako bat izango da bere bazkideei, eragile sozialei eta, azken batean, gizartea osoari zuzendutako komunikazio gardena bultzatzea. Konpromisoaren erakusle, Musika Bulegoak interesdunen esku jartzen ditu bere estatutuak, urteko jarduera-txostenak eta elkarteak egiten dituen jarduerak eta deialdiak arautzen dituzten erregelamenduak eta irizpideak ere.<\/p>\n<p>Gardentasun-politikaren arrakasta bermatzeko, argitaratzen den informazioa ulerterraza eta pertsona guztiek eskuratzeko modukoa izango da. Bestalde, Musika Bulegoak aktiboki gainbegiratuko ditu protokoloak eta formulak, ezarritako irizpideak hobetzeko; hartara, benetako gardentasun-politika demokratiko bat babestu eta sustatzeko.[\/vc_column_text][vc_column_text uncode_shortcode_id=&#8221;630831&#8243; el_class=&#8221;EN&#8221;]Musika Bulegoa is an entity with a public service vocation and one of its main axes will be to promote transparent communication aimed at its participating members, social stakeholders and, ultimately, society in general. As an example of its commitment, Musika Bulegoa makes its statutes, annual activity reports, and the regulations and selection criteria that govern the various calls made by the association available to interested parties.<\/p>\n<p>In order to guarantee the success of a transparent policy, the information published will be comprehensible and accessible to everyone. For its part, Musika Bulegoa will adopt an active attitude of monitoring protocols and formulas to improve the current criteria established in order to protect and promote a policy of real and democratic transparency.[\/vc_column_text][vc_column_text uncode_shortcode_id=&#8221;210852&#8243; el_class=&#8221;FR&#8221;]Musika Bulegoa est une entit\u00e9 \u00e0 vocation de service public et l\u2019un de ses principaux axes consistera \u00e0 promouvoir une communication transparente destin\u00e9e \u00e0 ses membres participants, ses agents sociaux et, enfin, \u00e0 la soci\u00e9t\u00e9 en g\u00e9n\u00e9ral. Pour d\u00e9montrer son engagement, Musika Bulegoa met \u00e0 la disposition des personnes int\u00e9ress\u00e9es ses statuts, ses rapports d\u2019activit\u00e9 annuels, ainsi que les r\u00e8glements et crit\u00e8res de s\u00e9lection qui r\u00e9gissent les divers(es) activit\u00e9s et appels \u00e0 projets r\u00e9alis\u00e9s par l\u2019association.<\/p>\n<p>Pour garantir la r\u00e9ussite d&#8217;une politique transparente, les informations publi\u00e9es seront compr\u00e9hensibles et accessibles \u00e0 tous. Pour sa part, Musika Bulegoa adoptera une attitude active de surveillance des protocoles et formules afin d\u2019am\u00e9liorer les crit\u00e8res en vigueur d\u00e9finis en vu de prot\u00e9ger et promouvoir une politique de transparence r\u00e9elle et d\u00e9mocratique.[\/vc_column_text][uncode_vertical_text text_align=&#8221;top&#8221; vertical_text_h_pos=&#8221;-2&#8243; vertical_text_v_pos=&#8221;0&#8243; z_index=&#8221;0&#8243; text_size=&#8221;fontsize-739966&#8243; text_weight=&#8221;800&#8243; text_color=&#8221;color-210407&#8243; uncode_shortcode_id=&#8221;476057&#8243; text_color_type=&#8221;uncode-palette&#8221; el_class=&#8221;vertical-tit&#8221;]<span class=\"ES\">Transparencia<\/span><span class=\"EU\">Gardentasuna<\/span><span class=\"EN\">Transparency<\/span><span class=\"FR\">Transparence<\/span>[\/uncode_vertical_text][\/vc_column][vc_column width=&#8221;1\/4&#8243;][\/vc_column][\/vc_row][vc_row row_height_percent=&#8221;0&#8243; override_padding=&#8221;yes&#8221; h_padding=&#8221;3&#8243; top_padding=&#8221;4&#8243; bottom_padding=&#8221;3&#8243; back_color=&#8221;color-lxmt&#8221; overlay_alpha=&#8221;50&#8243; equal_height=&#8221;yes&#8221; gutter_size=&#8221;4&#8243; column_width_percent=&#8221;100&#8243; shift_y=&#8221;0&#8243; z_index=&#8221;0&#8243; enable_top_divider=&#8221;default&#8221; top_divider=&#8221;tilt&#8221; shape_top_h_use_pixel=&#8221;&#8221; shape_top_height=&#8221;50&#8243; shape_top_color=&#8221;color-jevc&#8221; shape_top_opacity=&#8221;100&#8243; shape_top_index=&#8221;0&#8243; bottom_divider=&#8221;tilt&#8221; desktop_visibility=&#8221;yes&#8221; medium_visibility=&#8221;yes&#8221; mobile_visibility=&#8221;yes&#8221; uncode_shortcode_id=&#8221;734381&#8243; shape_top_color_type=&#8221;uncode-palette&#8221; back_color_type=&#8221;uncode-palette&#8221;][vc_column column_width_percent=&#8221;100&#8243; position_vertical=&#8221;middle&#8221; gutter_size=&#8221;0&#8243; overlay_alpha=&#8221;50&#8243; shift_x=&#8221;0&#8243; shift_y=&#8221;0&#8243; shift_y_down=&#8221;0&#8243; z_index=&#8221;0&#8243; medium_width=&#8221;0&#8243; mobile_width=&#8221;0&#8243; width=&#8221;1\/2&#8243; uncode_shortcode_id=&#8221;213321&#8243;][vc_column_text uncode_shortcode_id=&#8221;508583&#8243; el_class=&#8221;ES&#8221;]Musika Bulegoa es una entidad con vocaci\u00f3n de servicio p\u00fablico y uno de sus principales ejes ser\u00e1 impulsar una comunicaci\u00f3n transparente destinada a sus miembros participantes, agentes sociales y, en \u00faltimo t\u00e9rmino, a la sociedad en general. Como ejemplo de compromiso, Musika Bulegoa pone a disposici\u00f3n de las personas interesadas sus estatutos, sus informes de actividad anuales, as\u00ed como los reglamentos y criterios de selecci\u00f3n que rigen las diversas actividades y convocatorias que realiza la asociaci\u00f3n.<\/p>\n<p>Para garantizar el \u00e9xito de una pol\u00edtica transparente, la informaci\u00f3n publicada ser\u00e1 comprensible y accesible a todas las personas. Por su parte, Musika Bulegoa adoptar\u00e1 una actitud activa de supervisi\u00f3n de protocolos y f\u00f3rmulas para mejorar los criterios vigentes establecidos a fin de proteger y promover una pol\u00edtica de transparencia real y democr\u00e1tica.[\/vc_column_text][vc_column_text uncode_shortcode_id=&#8221;630831&#8243; el_class=&#8221;EN&#8221;]Musika Bulegoa is an entity with a public service vocation and one of its main axes will be to promote transparent communication aimed at its participating members, social stakeholders and, ultimately, society in general. As an example of its commitment, Musika Bulegoa makes its statutes, annual activity reports, and the regulations and selection criteria that govern the various calls made by the association available to interested parties.<\/p>\n<p>In order to guarantee the success of a transparent policy, the information published will be comprehensible and accessible to everyone. For its part, Musika Bulegoa will adopt an active attitude of monitoring protocols and formulas to improve the current criteria established in order to protect and promote a policy of real and democratic transparency.[\/vc_column_text][vc_column_text uncode_shortcode_id=&#8221;422810&#8243; el_class=&#8221;EU&#8221;]Musika Bulegoa zerbitzu publikoko bokazioa duen erakunde bat da, eta bere ardatz nagusietako bat izango da bere bazkideei, eragile sozialei eta, azken batean, gizartea osoari zuzendutako komunikazio gardena bultzatzea. Konpromisoaren erakusle, Musika Bulegoak interesdunen esku jartzen ditu bere estatutuak, urteko jarduera-txostenak eta elkarteak egiten dituen jarduerak eta deialdiak arautzen dituzten erregelamenduak eta irizpideak ere.<\/p>\n<p>Gardentasun-politikaren arrakasta bermatzeko, argitaratzen den informazioa ulerterraza eta pertsona guztiek eskuratzeko modukoa izango da. Bestalde, Musika Bulegoak aktiboki gainbegiratuko ditu protokoloak eta formulak, ezarritako irizpideak hobetzeko; hartara, benetako gardentasun-politika demokratiko bat babestu eta sustatzeko.[\/vc_column_text][vc_column_text uncode_shortcode_id=&#8221;210852&#8243; el_class=&#8221;FR&#8221;]Musika Bulegoa est une entit\u00e9 \u00e0 vocation de service public et l\u2019un de ses principaux axes consistera \u00e0 promouvoir une communication transparente destin\u00e9e \u00e0 ses membres participants, ses agents sociaux et, enfin, \u00e0 la soci\u00e9t\u00e9 en g\u00e9n\u00e9ral. Pour d\u00e9montrer son engagement, Musika Bulegoa met \u00e0 la disposition des personnes int\u00e9ress\u00e9es ses statuts, ses rapports d\u2019activit\u00e9 annuels, ainsi que les r\u00e8glements et crit\u00e8res de s\u00e9lection qui r\u00e9gissent les divers(es) activit\u00e9s et appels \u00e0 projets r\u00e9alis\u00e9s par l\u2019association.<\/p>\n<p>Pour garantir la r\u00e9ussite d&#8217;une politique transparente, les informations publi\u00e9es seront compr\u00e9hensibles et accessibles \u00e0 tous. Pour sa part, Musika Bulegoa adoptera une attitude active de surveillance des protocoles et formules afin d\u2019am\u00e9liorer les crit\u00e8res en vigueur d\u00e9finis en vu de prot\u00e9ger et promouvoir une politique de transparence r\u00e9elle et d\u00e9mocratique.[\/vc_column_text][uncode_vertical_text text_align=&#8221;top&#8221; vertical_text_h_pos=&#8221;-2&#8243; vertical_text_v_pos=&#8221;0&#8243; z_index=&#8221;0&#8243; text_size=&#8221;fontsize-739966&#8243; text_weight=&#8221;800&#8243; text_color=&#8221;color-210407&#8243; uncode_shortcode_id=&#8221;911063&#8243; text_color_type=&#8221;uncode-palette&#8221; el_class=&#8221;vertical-tit&#8221;]<span class=\"ES\">Transparencia<\/span><span class=\"EU\">Gardentasuna<\/span><span class=\"EN\">Transparency<\/span><span class=\"FR\">Transparence<\/span>[\/uncode_vertical_text][\/vc_column][vc_column column_width_percent=&#8221;100&#8243; position_vertical=&#8221;middle&#8221; gutter_size=&#8221;3&#8243; overlay_alpha=&#8221;50&#8243; shift_x=&#8221;0&#8243; shift_y=&#8221;0&#8243; shift_y_down=&#8221;0&#8243; z_index=&#8221;0&#8243; medium_width=&#8221;0&#8243; mobile_width=&#8221;0&#8243; width=&#8221;1\/2&#8243; uncode_shortcode_id=&#8221;778780&#8243;][vc_column_text uncode_shortcode_id=&#8221;168202&#8243;][eeSFL folder=&#8217;Transparencia&#8217;][\/vc_column_text][\/vc_column][\/vc_row][vc_row unlock_row_content=&#8221;yes&#8221; row_height_percent=&#8221;40&#8243; override_padding=&#8221;yes&#8221; h_padding=&#8221;0&#8243; top_padding=&#8221;0&#8243; bottom_padding=&#8221;0&#8243; back_color=&#8221;color-jevc&#8221; back_image=&#8221;91983&#8243; back_attachment=&#8221;scroll&#8221; back_position=&#8221;center center&#8221; overlay_alpha=&#8221;50&#8243; gutter_size=&#8221;3&#8243; column_width_percent=&#8221;100&#8243; shift_y=&#8221;0&#8243; z_index=&#8221;0&#8243; enable_top_divider=&#8221;default&#8221; top_divider=&#8221;tilt&#8221; shape_top_flip=&#8221;yes&#8221; shape_top_h_use_pixel=&#8221;&#8221; shape_top_height=&#8221;30&#8243; shape_top_color=&#8221;color-lxmt&#8221; shape_top_opacity=&#8221;100&#8243; shape_top_index=&#8221;2&#8243; enable_bottom_divider=&#8221;default&#8221; bottom_divider=&#8221;tilt&#8221; shape_bottom_flip=&#8221;yes&#8221; shape_bottom_h_use_pixel=&#8221;&#8221; shape_bottom_height=&#8221;30&#8243; shape_bottom_color=&#8221;color-jevc&#8221; shape_bottom_opacity=&#8221;100&#8243; shape_bottom_index=&#8221;3&#8243; uncode_shortcode_id=&#8221;487856&#8243; back_color_type=&#8221;uncode-palette&#8221; shape_top_color_type=&#8221;uncode-palette&#8221; shape_bottom_color_type=&#8221;uncode-palette&#8221;][vc_column column_width_percent=&#8221;100&#8243; gutter_size=&#8221;3&#8243; expand_height=&#8221;yes&#8221; overlay_alpha=&#8221;50&#8243; shift_x=&#8221;0&#8243; shift_y=&#8221;0&#8243; shift_y_down=&#8221;0&#8243; z_index=&#8221;0&#8243; medium_width=&#8221;0&#8243; mobile_width=&#8221;0&#8243; width=&#8221;1\/1&#8243; uncode_shortcode_id=&#8221;856689&#8243;][\/vc_column][\/vc_row]<\/p>\n<\/div>","protected":false},"excerpt":{"rendered":"<p>[vc_row row_height_percent=&#8221;0&#8243; override_padding=&#8221;yes&#8221; h_padding=&#8221;2&#8243; top_padding=&#8221;0&#8243; bottom_padding=&#8221;0&#8243; overlay_alpha=&#8221;50&#8243; gutter_size=&#8221;3&#8243; column_width_percent=&#8221;100&#8243; shift_y=&#8221;0&#8243; z_index=&#8221;0&#8243; uncode_shortcode_id=&#8221;143252&#8243;][vc_column column_width_percent=&#8221;100&#8243; gutter_size=&#8221;3&#8243; override_padding=&#8221;yes&#8221; column_padding=&#8221;0&#8243; overlay_alpha=&#8221;50&#8243; shift_x=&#8221;0&#8243; shift_y=&#8221;0&#8243; shift_y_down=&#8221;0&#8243; [&hellip;]<\/p>\n","protected":false},"author":1,"featured_media":93424,"parent":92343,"menu_order":0,"comment_status":"closed","ping_status":"closed","template":"","meta":{"_acf_changed":false,"_monsterinsights_skip_tracking":false,"_monsterinsights_sitenote_active":false,"_monsterinsights_sitenote_note":"","_monsterinsights_sitenote_category":0,"footnotes":""},"tags":[],"class_list":["post-92352","page","type-page","status-publish","has-post-thumbnail","hentry"],"acf":[],"yoast_head":"<!-- This site is optimized with the Yoast SEO plugin v24.0 - https:\/\/yoast.com\/wordpress\/plugins\/seo\/ -->\n<title>Transparencia - Musika Bulegoa<\/title>\n<meta name=\"robots\" content=\"index, follow, max-snippet:-1, max-image-preview:large, max-video-preview:-1\" \/>\n<link rel=\"canonical\" href=\"https:\/\/musikabulegoa.eus\/hub\/en\/mb\/transparencia\/\" \/>\n<meta property=\"og:locale\" content=\"en_US\" \/>\n<meta property=\"og:type\" content=\"article\" \/>\n<meta property=\"og:title\" content=\"Transparencia - Musika Bulegoa\" \/>\n<meta property=\"og:description\" content=\"[vc_row row_height_percent=&#8221;0&#8243; override_padding=&#8221;yes&#8221; h_padding=&#8221;2&#8243; top_padding=&#8221;0&#8243; bottom_padding=&#8221;0&#8243; overlay_alpha=&#8221;50&#8243; gutter_size=&#8221;3&#8243; column_width_percent=&#8221;100&#8243; shift_y=&#8221;0&#8243; z_index=&#8221;0&#8243; uncode_shortcode_id=&#8221;143252&#8243;][vc_column column_width_percent=&#8221;100&#8243; gutter_size=&#8221;3&#8243; override_padding=&#8221;yes&#8221; column_padding=&#8221;0&#8243; overlay_alpha=&#8221;50&#8243; shift_x=&#8221;0&#8243; shift_y=&#8221;0&#8243; shift_y_down=&#8221;0&#8243; [&hellip;]\" \/>\n<meta property=\"og:url\" content=\"https:\/\/musikabulegoa.eus\/hub\/en\/mb\/transparencia\/\" \/>\n<meta property=\"og:site_name\" content=\"Musika Bulegoa\" \/>\n<meta property=\"article:modified_time\" content=\"2023-12-01T13:51:52+00:00\" \/>\n<meta property=\"og:image\" content=\"https:\/\/musikabulegoa.eus\/hub\/wp-content\/uploads\/2023\/04\/RECURSO-empty-red-chairs-for-audience-in-the-theater-2022-08-18-02-59-28-utc.jpg\" \/>\n\t<meta property=\"og:image:width\" content=\"600\" \/>\n\t<meta property=\"og:image:height\" content=\"600\" \/>\n\t<meta property=\"og:image:type\" content=\"image\/jpeg\" \/>\n<meta name=\"twitter:card\" content=\"summary_large_image\" \/>\n<meta name=\"twitter:label1\" content=\"Est. reading time\" \/>\n\t<meta name=\"twitter:data1\" content=\"8 minutes\" \/>\n<script type=\"application\/ld+json\" class=\"yoast-schema-graph\">{\"@context\":\"https:\/\/schema.org\",\"@graph\":[{\"@type\":\"WebPage\",\"@id\":\"https:\/\/musikabulegoa.eus\/hub\/en\/mb\/transparencia\/\",\"url\":\"https:\/\/musikabulegoa.eus\/hub\/en\/mb\/transparencia\/\",\"name\":\"Transparencia - Musika Bulegoa\",\"isPartOf\":{\"@id\":\"https:\/\/musikabulegoa.eus\/hub\/en\/#website\"},\"primaryImageOfPage\":{\"@id\":\"https:\/\/musikabulegoa.eus\/hub\/en\/mb\/transparencia\/#primaryimage\"},\"image\":{\"@id\":\"https:\/\/musikabulegoa.eus\/hub\/en\/mb\/transparencia\/#primaryimage\"},\"thumbnailUrl\":\"https:\/\/musikabulegoa.eus\/hub\/wp-content\/uploads\/2023\/04\/RECURSO-empty-red-chairs-for-audience-in-the-theater-2022-08-18-02-59-28-utc.jpg\",\"datePublished\":\"2022-09-30T07:33:30+00:00\",\"dateModified\":\"2023-12-01T13:51:52+00:00\",\"breadcrumb\":{\"@id\":\"https:\/\/musikabulegoa.eus\/hub\/en\/mb\/transparencia\/#breadcrumb\"},\"inLanguage\":\"en-US\",\"potentialAction\":[{\"@type\":\"ReadAction\",\"target\":[\"https:\/\/musikabulegoa.eus\/hub\/en\/mb\/transparencia\/\"]}]},{\"@type\":\"ImageObject\",\"inLanguage\":\"en-US\",\"@id\":\"https:\/\/musikabulegoa.eus\/hub\/en\/mb\/transparencia\/#primaryimage\",\"url\":\"https:\/\/musikabulegoa.eus\/hub\/wp-content\/uploads\/2023\/04\/RECURSO-empty-red-chairs-for-audience-in-the-theater-2022-08-18-02-59-28-utc.jpg\",\"contentUrl\":\"https:\/\/musikabulegoa.eus\/hub\/wp-content\/uploads\/2023\/04\/RECURSO-empty-red-chairs-for-audience-in-the-theater-2022-08-18-02-59-28-utc.jpg\",\"width\":600,\"height\":600},{\"@type\":\"BreadcrumbList\",\"@id\":\"https:\/\/musikabulegoa.eus\/hub\/en\/mb\/transparencia\/#breadcrumb\",\"itemListElement\":[{\"@type\":\"ListItem\",\"position\":1,\"name\":\"Portada\",\"item\":\"https:\/\/musikabulegoa.eus\/hub\/en\/hub\/\"},{\"@type\":\"ListItem\",\"position\":2,\"name\":\"The association\",\"item\":\"https:\/\/musikabulegoa.eus\/hub\/en\/mb\/\"},{\"@type\":\"ListItem\",\"position\":3,\"name\":\"Transparencia\"}]},{\"@type\":\"WebSite\",\"@id\":\"https:\/\/musikabulegoa.eus\/hub\/en\/#website\",\"url\":\"https:\/\/musikabulegoa.eus\/hub\/en\/\",\"name\":\"Musika Bulegoa\",\"description\":\"La Oficina de la M\u00fasica de Euskal Herria\",\"potentialAction\":[{\"@type\":\"SearchAction\",\"target\":{\"@type\":\"EntryPoint\",\"urlTemplate\":\"https:\/\/musikabulegoa.eus\/hub\/en\/?s={search_term_string}\"},\"query-input\":{\"@type\":\"PropertyValueSpecification\",\"valueRequired\":true,\"valueName\":\"search_term_string\"}}],\"inLanguage\":\"en-US\"}]}<\/script>\n<!-- \/ Yoast SEO plugin. -->","yoast_head_json":{"title":"Transparencia - Musika Bulegoa","robots":{"index":"index","follow":"follow","max-snippet":"max-snippet:-1","max-image-preview":"max-image-preview:large","max-video-preview":"max-video-preview:-1"},"canonical":"https:\/\/musikabulegoa.eus\/hub\/en\/mb\/transparencia\/","og_locale":"en_US","og_type":"article","og_title":"Transparencia - Musika Bulegoa","og_description":"[vc_row row_height_percent=&#8221;0&#8243; override_padding=&#8221;yes&#8221; h_padding=&#8221;2&#8243; top_padding=&#8221;0&#8243; bottom_padding=&#8221;0&#8243; overlay_alpha=&#8221;50&#8243; gutter_size=&#8221;3&#8243; column_width_percent=&#8221;100&#8243; shift_y=&#8221;0&#8243; z_index=&#8221;0&#8243; uncode_shortcode_id=&#8221;143252&#8243;][vc_column column_width_percent=&#8221;100&#8243; gutter_size=&#8221;3&#8243; override_padding=&#8221;yes&#8221; column_padding=&#8221;0&#8243; overlay_alpha=&#8221;50&#8243; shift_x=&#8221;0&#8243; shift_y=&#8221;0&#8243; shift_y_down=&#8221;0&#8243; [&hellip;]","og_url":"https:\/\/musikabulegoa.eus\/hub\/en\/mb\/transparencia\/","og_site_name":"Musika Bulegoa","article_modified_time":"2023-12-01T13:51:52+00:00","og_image":[{"width":600,"height":600,"url":"https:\/\/musikabulegoa.eus\/hub\/wp-content\/uploads\/2023\/04\/RECURSO-empty-red-chairs-for-audience-in-the-theater-2022-08-18-02-59-28-utc.jpg","type":"image\/jpeg"}],"twitter_card":"summary_large_image","twitter_misc":{"Est. reading time":"8 minutes"},"schema":{"@context":"https:\/\/schema.org","@graph":[{"@type":"WebPage","@id":"https:\/\/musikabulegoa.eus\/hub\/en\/mb\/transparencia\/","url":"https:\/\/musikabulegoa.eus\/hub\/en\/mb\/transparencia\/","name":"Transparencia - Musika Bulegoa","isPartOf":{"@id":"https:\/\/musikabulegoa.eus\/hub\/en\/#website"},"primaryImageOfPage":{"@id":"https:\/\/musikabulegoa.eus\/hub\/en\/mb\/transparencia\/#primaryimage"},"image":{"@id":"https:\/\/musikabulegoa.eus\/hub\/en\/mb\/transparencia\/#primaryimage"},"thumbnailUrl":"https:\/\/musikabulegoa.eus\/hub\/wp-content\/uploads\/2023\/04\/RECURSO-empty-red-chairs-for-audience-in-the-theater-2022-08-18-02-59-28-utc.jpg","datePublished":"2022-09-30T07:33:30+00:00","dateModified":"2023-12-01T13:51:52+00:00","breadcrumb":{"@id":"https:\/\/musikabulegoa.eus\/hub\/en\/mb\/transparencia\/#breadcrumb"},"inLanguage":"en-US","potentialAction":[{"@type":"ReadAction","target":["https:\/\/musikabulegoa.eus\/hub\/en\/mb\/transparencia\/"]}]},{"@type":"ImageObject","inLanguage":"en-US","@id":"https:\/\/musikabulegoa.eus\/hub\/en\/mb\/transparencia\/#primaryimage","url":"https:\/\/musikabulegoa.eus\/hub\/wp-content\/uploads\/2023\/04\/RECURSO-empty-red-chairs-for-audience-in-the-theater-2022-08-18-02-59-28-utc.jpg","contentUrl":"https:\/\/musikabulegoa.eus\/hub\/wp-content\/uploads\/2023\/04\/RECURSO-empty-red-chairs-for-audience-in-the-theater-2022-08-18-02-59-28-utc.jpg","width":600,"height":600},{"@type":"BreadcrumbList","@id":"https:\/\/musikabulegoa.eus\/hub\/en\/mb\/transparencia\/#breadcrumb","itemListElement":[{"@type":"ListItem","position":1,"name":"Portada","item":"https:\/\/musikabulegoa.eus\/hub\/en\/hub\/"},{"@type":"ListItem","position":2,"name":"The association","item":"https:\/\/musikabulegoa.eus\/hub\/en\/mb\/"},{"@type":"ListItem","position":3,"name":"Transparencia"}]},{"@type":"WebSite","@id":"https:\/\/musikabulegoa.eus\/hub\/en\/#website","url":"https:\/\/musikabulegoa.eus\/hub\/en\/","name":"Musika Bulegoa","description":"La Oficina de la M\u00fasica de Euskal Herria","potentialAction":[{"@type":"SearchAction","target":{"@type":"EntryPoint","urlTemplate":"https:\/\/musikabulegoa.eus\/hub\/en\/?s={search_term_string}"},"query-input":{"@type":"PropertyValueSpecification","valueRequired":true,"valueName":"search_term_string"}}],"inLanguage":"en-US"}]}},"_links":{"self":[{"href":"https:\/\/musikabulegoa.eus\/hub\/en\/wp-json\/wp\/v2\/pages\/92352","targetHints":{"allow":["GET"]}}],"collection":[{"href":"https:\/\/musikabulegoa.eus\/hub\/en\/wp-json\/wp\/v2\/pages"}],"about":[{"href":"https:\/\/musikabulegoa.eus\/hub\/en\/wp-json\/wp\/v2\/types\/page"}],"author":[{"embeddable":true,"href":"https:\/\/musikabulegoa.eus\/hub\/en\/wp-json\/wp\/v2\/users\/1"}],"replies":[{"embeddable":true,"href":"https:\/\/musikabulegoa.eus\/hub\/en\/wp-json\/wp\/v2\/comments?post=92352"}],"version-history":[{"count":10,"href":"https:\/\/musikabulegoa.eus\/hub\/en\/wp-json\/wp\/v2\/pages\/92352\/revisions"}],"predecessor-version":[{"id":101511,"href":"https:\/\/musikabulegoa.eus\/hub\/en\/wp-json\/wp\/v2\/pages\/92352\/revisions\/101511"}],"up":[{"embeddable":true,"href":"https:\/\/musikabulegoa.eus\/hub\/en\/wp-json\/wp\/v2\/pages\/92343"}],"wp:featuredmedia":[{"embeddable":true,"href":"https:\/\/musikabulegoa.eus\/hub\/en\/wp-json\/wp\/v2\/media\/93424"}],"wp:attachment":[{"href":"https:\/\/musikabulegoa.eus\/hub\/en\/wp-json\/wp\/v2\/media?parent=92352"}],"wp:term":[{"taxonomy":"post_tag","embeddable":true,"href":"https:\/\/musikabulegoa.eus\/hub\/en\/wp-json\/wp\/v2\/tags?post=92352"}],"curies":[{"name":"wp","href":"https:\/\/api.w.org\/{rel}","templated":true}]}}