{"id":92358,"date":"2021-05-01T19:21:32","date_gmt":"2021-05-01T17:21:32","guid":{"rendered":"https:\/\/musikabulegoa.eus\/hub\/mb\/aviso-legal\/"},"modified":"2023-11-30T15:18:59","modified_gmt":"2023-11-30T14:18:59","slug":"aviso-legal","status":"publish","type":"page","link":"https:\/\/musikabulegoa.eus\/hub\/en\/mb\/aviso-legal\/","title":{"rendered":"LEGAL INFORMATION"},"content":{"rendered":"<div class=\"wpb-content-wrapper\"><p>[vc_row row_height_percent=&#8221;0&#8243; override_padding=&#8221;yes&#8221; h_padding=&#8221;2&#8243; top_padding=&#8221;3&#8243; bottom_padding=&#8221;2&#8243; overlay_alpha=&#8221;50&#8243; gutter_size=&#8221;3&#8243; column_width_percent=&#8221;100&#8243; shift_y=&#8221;0&#8243; z_index=&#8221;0&#8243; enable_top_divider=&#8221;default&#8221; top_divider=&#8221;tilt&#8221; shape_top_h_use_pixel=&#8221;&#8221; shape_top_height=&#8221;50&#8243; shape_top_color=&#8221;color-jevc&#8221; shape_top_opacity=&#8221;100&#8243; shape_top_index=&#8221;0&#8243; uncode_shortcode_id=&#8221;126935&#8243; shape_dividers=&#8221;&#8221; shape_top_color_type=&#8221;uncode-palette&#8221;][vc_column column_width_percent=&#8221;60&#8243; gutter_size=&#8221;3&#8243; overlay_alpha=&#8221;50&#8243; shift_x=&#8221;0&#8243; shift_y=&#8221;0&#8243; shift_y_down=&#8221;0&#8243; z_index=&#8221;0&#8243; medium_width=&#8221;5&#8243; mobile_width=&#8221;7&#8243; width=&#8221;1\/1&#8243;][vc_custom_heading text_size=&#8221;h3&#8243; uncode_shortcode_id=&#8221;117793&#8243;]<span class=\"ES\">AVISO LEGAL<\/span><span class=\"EU\">LEGE OHARRA<\/span><span class=\"EN\">LEGAL INFORMATION<\/span><span class=\"FR\">MENTIONS L\u00c9GALES<\/span>[\/vc_custom_heading][vc_column_text uncode_shortcode_id=&#8221;105268&#8243;]<strong>Condiciones generales de uso del sitio web de\u00a0 Euskal Herriko Musika Bulego Elkartea<\/strong><br \/>\nwww.musikabulegoa.eus\/hub<\/p>\n<p>Euskal Herriko Musika Bulego Elkartea (EN ADELANTE EL PROPIETARIO) con domicilio a efectos de notificaciones en Arrasate 11 con NIF G01532167 pone a disposici\u00f3n en su sitio web\u00a0 www.musikabulegoa.eus\/hub determinados\u00a0 contenidos de car\u00e1cter informativo sobre sus actividades.Las presentes condiciones generales rigen \u00fanica y exclusivamente el uso del sitio web de EL PROPIETARIO por parte de los USUARIOS que accedan al mismo. Las presentes condiciones generales se le exponen al USUARIO en el sitio web www.musikabulegoa.eus\/hub\u00a0 en todas y cada una de las p\u00e1ginas, para que las lea, las imprima, archive y acepte a trav\u00e9s de internet y se encuentre plenamente informado.<\/p>\n<p>El acceso al sitio web de EL PROPIETARIO implica sin reservas la aceptaci\u00f3n de las presentes condiciones generales de uso que el USUARIO afirma comprender en su totalidad. El USUARIO se compromete no a utilizar el sitio web y los servicios que se ofrecen en el mismo para la realizaci\u00f3n de actividades contrarias a la ley y a respetar en todo momento las presentes condiciones generales.<\/p>\n<p><strong>PRIMERA.- CONDICIONES DE ACCESO Y USO<\/strong><\/p>\n<p>1.1.- La utilizaci\u00f3n del sitio web de EL PROPIETARIO, no conlleva la obligatoriedad de inscripci\u00f3n del USUARIO. Las condiciones de acceso y uso del presente sitio web se rigen estrictamente por la legalidad vigente y por el principio de buena fe comprometi\u00e9ndose el USUARIO a realizar un buen uso de la web.\u00a0 Quedan prohibidos todos los actos que vulneren la legalidad, derechos o intereses de terceros: derecho a la intimidad, protecci\u00f3n de datos, propiedad intelectual etc.<br \/>\nExpresamente EL PROPIETARIO proh\u00edbe los siguientes:<\/p>\n<p>1.1.1.- Realizar acciones que puedan producir en el sitio web o a trav\u00e9s del mismo por cualquier medio cualquier tipo de da\u00f1o a los sistemas de EL PROPIETARIO\u00a0 o a terceros.<\/p>\n<p>1.1.2.- Realizar sin la debida autorizaci\u00f3n cualquier tipo de publicidad o informaci\u00f3n comercial directamente o de forma encubierta, el env\u00edo de correos masivos (&#8220;spaming&#8221;) o env\u00edo de grandes mensajes con el fin de bloquear servidores de la red (&#8220;mail bombing&#8221;).<\/p>\n<p>1.2.- EL PROPIETARIO, podr\u00e1 interrumpir en cualquier momento el acceso a su sitio web si detecta un uso contrario a la legalidad, la buena fe o a las presentes condiciones generales- ver cl\u00e1usula quinta.<\/p>\n<p><strong>SEGUNDA.- CONTENIDOS:<\/strong><\/p>\n<p>Los contenidos incorporados en este sitio web han sido elaborados e incluidos por:<\/p>\n<p>2.1.- EL PROPIETARIO utilizando fuentes internas y externas de tal modo que EL PROPIETARIO \u00fanicamente se hace responsable por los contenidos elaborados de forma interna.<\/p>\n<p>2.2.- Los USUARIOS, a trav\u00e9s de colaboraciones o introducci\u00f3n voluntaria de contenidos,\u00a0 tanto gr\u00e1ficos como escritos, directa o indirectamente a trav\u00e9s de enlaces o links siendo \u00e9stos los \u00fanicos responsables de los mismos y quedando expresamente exento EL PROPIETARIO de toda responsabilidad. EL USUARIO que introduzca cualquier contenido en el sitio web del PROPIETARIO manifiesta la absoluta legalidad y autor\u00eda de los mismos y expresamente asume todo tipo de responsabilidad que se pueda derivar de estos<br \/>\ncontenidos. El USUARIO tambi\u00e9n se hace responsable de las opiniones introducidas en el chat y foros puestos a su disposici\u00f3n en el sitio web. EL PROPIETARIO no ser\u00e1 responsable en ning\u00fan caso de las opiniones vertidas en los referidos foros y podr\u00e1 retirar o impedir el acceso a los USUARIOS que vulneren la legalidad vigente as\u00ed como poner en conocimiento de Juzgados y Tribunales los hechos que sean constitutivos de alg\u00fan tipo de il\u00edcito penal o civil.<\/p>\n<p>2.3.- EL PROPIETARIO se reserva el derecho a modificar en cualquier momento los contenidos existentes en su sitio web. EL PROPIETARIO no asegura ni se responsabiliza del correcto funcionamiento de los enlaces a sitios web de terceros que figuren en www.musikabulegoa.eus\/hub. Adem\u00e1s a trav\u00e9s del sitio web del PROPIETARIO se ponen a disposici\u00f3n del usuario servicios gratu\u00edtos y de pago ofrecidos por terceros ajenos y que se regir\u00e1n por las condiciones particulares de cada uno de \u00e9llos. EL PROPIETARIO no garantiza la veracidad, exactitud o actualidad de los contenidos y servicios ofrecidos por terceros y queda expresamente exento de todo tipo de responsabilidad por los da\u00f1os y perjuicios que puedan derivarse de la falta de exactitud de estos contenidos y servicios.<\/p>\n<p><strong>TERCERA.- RESPONSABILIDAD<\/strong><\/p>\n<p>3.1.- EL PROPIETARIO en ning\u00fan caso ser\u00e1 responsable de:<\/p>\n<p>3.1.1.- Los fallos e incidencias que pudieran producirse en las comunicaciones, borrado o transmisiones incompletas de manera que no se garantiza que los servicios del sitio web est\u00e9n constantemente operativos.<\/p>\n<p>3.1.2.- De la producci\u00f3n de cualquier tipo de da\u00f1o que los USUARIOS o terceros pudiesen ocasionar en el sitio web.<\/p>\n<p>3.1.3.- De la fiabilidad y veracidad de las informaciones introducidas por terceros en el sitio web, bien directamente, bien a trav\u00e9s de enlaces o links. Asimismo, Euskal Herriko Musika Bulego Elkartea colaborar\u00e1 y notificar\u00e1 a la autoridad competente estas incidencias en el momento en que tenga conocimiento fehaciente de que los da\u00f1os ocasionados constituyan cualquier tipo de actividad il\u00edcita.<\/p>\n<p>3.2.- EL PROPIETARIO se reserva el derecho a suspender el acceso sin previo aviso de forma discrecional y con car\u00e1cter definitivo o temporal hasta el aseguramiento de la efectiva responsabilidad de los da\u00f1os que pudieran producirse. Asimismo, EL PROPIETARIO colaborar\u00e1 y notificar\u00e1 a la autoridad competente estas incidencias en el momento en que tenga conocimiento fehaciente de que los da\u00f1os ocasionados constituyan cualquier tipo de actividad il\u00edcita.<\/p>\n<p><strong>CUARTA.- DERECHOS DE AUTOR Y MARCA<\/strong><\/p>\n<p>El sitio web de EL PROPIETARIO &#8211; los contenidos propios, la programaci\u00f3n y el dise\u00f1o del sitio web- se encuentra plenamente protegido por los derechos de autor, quedando expresamente prohibida toda reproducci\u00f3n, comunicaci\u00f3n, distribuci\u00f3n y transformaci\u00f3n de los referidos elementos protegidos salvo consentimiento expreso de EL PROPIETARIO. Los materiales tanto gr\u00e1ficos como escritos enviados por los usuarios a trav\u00e9s de los medios que se ponen a su disposici\u00f3n en el sitio web son propiedad del usuario que afirma al enviarlos su leg\u00edtima autor\u00eda y cede los derechos de reproducci\u00f3n y distribuci\u00f3n al PROPIETARIO.<\/p>\n<p><strong>QUINTA.- JURISDICCI\u00d3N Y LEY APLICABLE<\/strong><\/p>\n<p>Las presentes condiciones generales se rigen por la legislaci\u00f3n espa\u00f1ola. Son competentes para resolver toda controversia o conflicto que se derive de las presentes condiciones generales los Juzgados de Vitoria-Gasteiz renunciando expresamente el USUARIO a cualquier otro fuero que pudiera corresponderle.<\/p>\n<p><strong>SEXTA.-<\/strong><\/p>\n<p>En caso de que cualquier cl\u00e1usula del presente documento sea declarada nula, las dem\u00e1s cl\u00e1usulas seguir\u00e1n vigentes y se interpretar\u00e1n teniendo en cuenta la voluntad de las partes y la finalidad misma de las presentes condiciones. EL PROPIETARIO podr\u00e1 no ejercitar alguno de los derechos y facultades conferidos en este documento lo que no implicar\u00e1 en ning\u00fan caso la renuncia a los mismos salvo reconocimiento expreso por parte de EL PROPIETARIO.[\/vc_column_text][\/vc_column][\/vc_row]<\/p>\n<\/div>","protected":false},"excerpt":{"rendered":"<p>[vc_row row_height_percent=&#8221;0&#8243; override_padding=&#8221;yes&#8221; h_padding=&#8221;2&#8243; top_padding=&#8221;3&#8243; bottom_padding=&#8221;2&#8243; overlay_alpha=&#8221;50&#8243; gutter_size=&#8221;3&#8243; column_width_percent=&#8221;100&#8243; shift_y=&#8221;0&#8243; z_index=&#8221;0&#8243; enable_top_divider=&#8221;default&#8221; top_divider=&#8221;tilt&#8221; shape_top_h_use_pixel=&#8221;&#8221; shape_top_height=&#8221;50&#8243; shape_top_color=&#8221;color-jevc&#8221; shape_top_opacity=&#8221;100&#8243; shape_top_index=&#8221;0&#8243; uncode_shortcode_id=&#8221;126935&#8243; shape_dividers=&#8221;&#8221; [&hellip;]<\/p>\n","protected":false},"author":1,"featured_media":0,"parent":92343,"menu_order":1,"comment_status":"closed","ping_status":"closed","template":"","meta":{"_acf_changed":false,"_monsterinsights_skip_tracking":false,"_monsterinsights_sitenote_active":false,"_monsterinsights_sitenote_note":"","_monsterinsights_sitenote_category":0,"footnotes":""},"tags":[],"class_list":["post-92358","page","type-page","status-publish","hentry"],"acf":[],"yoast_head":"<!-- This site is optimized with the Yoast SEO plugin v24.0 - https:\/\/yoast.com\/wordpress\/plugins\/seo\/ -->\n<title>LEGAL INFORMATION - Musika Bulegoa<\/title>\n<meta name=\"robots\" content=\"index, follow, max-snippet:-1, max-image-preview:large, max-video-preview:-1\" \/>\n<link rel=\"canonical\" href=\"https:\/\/musikabulegoa.eus\/hub\/en\/mb\/aviso-legal\/\" \/>\n<meta property=\"og:locale\" content=\"en_US\" \/>\n<meta property=\"og:type\" content=\"article\" \/>\n<meta property=\"og:title\" content=\"LEGAL INFORMATION - Musika Bulegoa\" \/>\n<meta property=\"og:description\" content=\"[vc_row row_height_percent=&#8221;0&#8243; override_padding=&#8221;yes&#8221; h_padding=&#8221;2&#8243; top_padding=&#8221;3&#8243; bottom_padding=&#8221;2&#8243; overlay_alpha=&#8221;50&#8243; gutter_size=&#8221;3&#8243; column_width_percent=&#8221;100&#8243; shift_y=&#8221;0&#8243; z_index=&#8221;0&#8243; enable_top_divider=&#8221;default&#8221; top_divider=&#8221;tilt&#8221; shape_top_h_use_pixel=&#8221;&#8221; shape_top_height=&#8221;50&#8243; shape_top_color=&#8221;color-jevc&#8221; shape_top_opacity=&#8221;100&#8243; shape_top_index=&#8221;0&#8243; uncode_shortcode_id=&#8221;126935&#8243; shape_dividers=&#8221;&#8221; [&hellip;]\" \/>\n<meta property=\"og:url\" content=\"https:\/\/musikabulegoa.eus\/hub\/en\/mb\/aviso-legal\/\" \/>\n<meta property=\"og:site_name\" content=\"Musika Bulegoa\" \/>\n<meta property=\"article:modified_time\" content=\"2023-11-30T14:18:59+00:00\" \/>\n<meta name=\"twitter:card\" content=\"summary_large_image\" \/>\n<meta name=\"twitter:label1\" content=\"Est. reading time\" \/>\n\t<meta name=\"twitter:data1\" content=\"6 minutes\" \/>\n<script type=\"application\/ld+json\" class=\"yoast-schema-graph\">{\"@context\":\"https:\/\/schema.org\",\"@graph\":[{\"@type\":\"WebPage\",\"@id\":\"https:\/\/musikabulegoa.eus\/hub\/en\/mb\/aviso-legal\/\",\"url\":\"https:\/\/musikabulegoa.eus\/hub\/en\/mb\/aviso-legal\/\",\"name\":\"LEGAL INFORMATION - Musika Bulegoa\",\"isPartOf\":{\"@id\":\"https:\/\/musikabulegoa.eus\/hub\/en\/#website\"},\"datePublished\":\"2021-05-01T17:21:32+00:00\",\"dateModified\":\"2023-11-30T14:18:59+00:00\",\"breadcrumb\":{\"@id\":\"https:\/\/musikabulegoa.eus\/hub\/en\/mb\/aviso-legal\/#breadcrumb\"},\"inLanguage\":\"en-US\",\"potentialAction\":[{\"@type\":\"ReadAction\",\"target\":[\"https:\/\/musikabulegoa.eus\/hub\/en\/mb\/aviso-legal\/\"]}]},{\"@type\":\"BreadcrumbList\",\"@id\":\"https:\/\/musikabulegoa.eus\/hub\/en\/mb\/aviso-legal\/#breadcrumb\",\"itemListElement\":[{\"@type\":\"ListItem\",\"position\":1,\"name\":\"Portada\",\"item\":\"https:\/\/musikabulegoa.eus\/hub\/en\/hub\/\"},{\"@type\":\"ListItem\",\"position\":2,\"name\":\"The association\",\"item\":\"https:\/\/musikabulegoa.eus\/hub\/en\/mb\/\"},{\"@type\":\"ListItem\",\"position\":3,\"name\":\"LEGAL INFORMATION\"}]},{\"@type\":\"WebSite\",\"@id\":\"https:\/\/musikabulegoa.eus\/hub\/en\/#website\",\"url\":\"https:\/\/musikabulegoa.eus\/hub\/en\/\",\"name\":\"Musika Bulegoa\",\"description\":\"La Oficina de la M\u00fasica de Euskal Herria\",\"potentialAction\":[{\"@type\":\"SearchAction\",\"target\":{\"@type\":\"EntryPoint\",\"urlTemplate\":\"https:\/\/musikabulegoa.eus\/hub\/en\/?s={search_term_string}\"},\"query-input\":{\"@type\":\"PropertyValueSpecification\",\"valueRequired\":true,\"valueName\":\"search_term_string\"}}],\"inLanguage\":\"en-US\"}]}<\/script>\n<!-- \/ Yoast SEO plugin. -->","yoast_head_json":{"title":"LEGAL INFORMATION - Musika Bulegoa","robots":{"index":"index","follow":"follow","max-snippet":"max-snippet:-1","max-image-preview":"max-image-preview:large","max-video-preview":"max-video-preview:-1"},"canonical":"https:\/\/musikabulegoa.eus\/hub\/en\/mb\/aviso-legal\/","og_locale":"en_US","og_type":"article","og_title":"LEGAL INFORMATION - Musika Bulegoa","og_description":"[vc_row row_height_percent=&#8221;0&#8243; override_padding=&#8221;yes&#8221; h_padding=&#8221;2&#8243; top_padding=&#8221;3&#8243; bottom_padding=&#8221;2&#8243; overlay_alpha=&#8221;50&#8243; gutter_size=&#8221;3&#8243; column_width_percent=&#8221;100&#8243; shift_y=&#8221;0&#8243; z_index=&#8221;0&#8243; enable_top_divider=&#8221;default&#8221; top_divider=&#8221;tilt&#8221; shape_top_h_use_pixel=&#8221;&#8221; shape_top_height=&#8221;50&#8243; shape_top_color=&#8221;color-jevc&#8221; shape_top_opacity=&#8221;100&#8243; shape_top_index=&#8221;0&#8243; uncode_shortcode_id=&#8221;126935&#8243; shape_dividers=&#8221;&#8221; [&hellip;]","og_url":"https:\/\/musikabulegoa.eus\/hub\/en\/mb\/aviso-legal\/","og_site_name":"Musika Bulegoa","article_modified_time":"2023-11-30T14:18:59+00:00","twitter_card":"summary_large_image","twitter_misc":{"Est. reading time":"6 minutes"},"schema":{"@context":"https:\/\/schema.org","@graph":[{"@type":"WebPage","@id":"https:\/\/musikabulegoa.eus\/hub\/en\/mb\/aviso-legal\/","url":"https:\/\/musikabulegoa.eus\/hub\/en\/mb\/aviso-legal\/","name":"LEGAL INFORMATION - Musika Bulegoa","isPartOf":{"@id":"https:\/\/musikabulegoa.eus\/hub\/en\/#website"},"datePublished":"2021-05-01T17:21:32+00:00","dateModified":"2023-11-30T14:18:59+00:00","breadcrumb":{"@id":"https:\/\/musikabulegoa.eus\/hub\/en\/mb\/aviso-legal\/#breadcrumb"},"inLanguage":"en-US","potentialAction":[{"@type":"ReadAction","target":["https:\/\/musikabulegoa.eus\/hub\/en\/mb\/aviso-legal\/"]}]},{"@type":"BreadcrumbList","@id":"https:\/\/musikabulegoa.eus\/hub\/en\/mb\/aviso-legal\/#breadcrumb","itemListElement":[{"@type":"ListItem","position":1,"name":"Portada","item":"https:\/\/musikabulegoa.eus\/hub\/en\/hub\/"},{"@type":"ListItem","position":2,"name":"The association","item":"https:\/\/musikabulegoa.eus\/hub\/en\/mb\/"},{"@type":"ListItem","position":3,"name":"LEGAL INFORMATION"}]},{"@type":"WebSite","@id":"https:\/\/musikabulegoa.eus\/hub\/en\/#website","url":"https:\/\/musikabulegoa.eus\/hub\/en\/","name":"Musika Bulegoa","description":"La Oficina de la M\u00fasica de Euskal Herria","potentialAction":[{"@type":"SearchAction","target":{"@type":"EntryPoint","urlTemplate":"https:\/\/musikabulegoa.eus\/hub\/en\/?s={search_term_string}"},"query-input":{"@type":"PropertyValueSpecification","valueRequired":true,"valueName":"search_term_string"}}],"inLanguage":"en-US"}]}},"_links":{"self":[{"href":"https:\/\/musikabulegoa.eus\/hub\/en\/wp-json\/wp\/v2\/pages\/92358","targetHints":{"allow":["GET"]}}],"collection":[{"href":"https:\/\/musikabulegoa.eus\/hub\/en\/wp-json\/wp\/v2\/pages"}],"about":[{"href":"https:\/\/musikabulegoa.eus\/hub\/en\/wp-json\/wp\/v2\/types\/page"}],"author":[{"embeddable":true,"href":"https:\/\/musikabulegoa.eus\/hub\/en\/wp-json\/wp\/v2\/users\/1"}],"replies":[{"embeddable":true,"href":"https:\/\/musikabulegoa.eus\/hub\/en\/wp-json\/wp\/v2\/comments?post=92358"}],"version-history":[{"count":6,"href":"https:\/\/musikabulegoa.eus\/hub\/en\/wp-json\/wp\/v2\/pages\/92358\/revisions"}],"predecessor-version":[{"id":101972,"href":"https:\/\/musikabulegoa.eus\/hub\/en\/wp-json\/wp\/v2\/pages\/92358\/revisions\/101972"}],"up":[{"embeddable":true,"href":"https:\/\/musikabulegoa.eus\/hub\/en\/wp-json\/wp\/v2\/pages\/92343"}],"wp:attachment":[{"href":"https:\/\/musikabulegoa.eus\/hub\/en\/wp-json\/wp\/v2\/media?parent=92358"}],"wp:term":[{"taxonomy":"post_tag","embeddable":true,"href":"https:\/\/musikabulegoa.eus\/hub\/en\/wp-json\/wp\/v2\/tags?post=92358"}],"curies":[{"name":"wp","href":"https:\/\/api.w.org\/{rel}","templated":true}]}}