{"id":92327,"date":"2022-02-09T16:23:20","date_gmt":"2022-02-09T15:23:20","guid":{"rendered":"https:\/\/musikabulegoa.eus\/hub\/hub\/"},"modified":"2024-05-12T12:15:09","modified_gmt":"2024-05-12T10:15:09","slug":"hub","status":"publish","type":"page","link":"https:\/\/musikabulegoa.eus\/hub\/eu\/","title":{"rendered":"HUB"},"content":{"rendered":"<div class=\"wpb-content-wrapper\"><p>[vc_row unlock_row_content=&#8221;yes&#8221; row_height_percent=&#8221;0&#8243; overlay_alpha=&#8221;50&#8243; gutter_size=&#8221;3&#8243; column_width_percent=&#8221;100&#8243; shift_y=&#8221;0&#8243; z_index=&#8221;0&#8243; uncode_shortcode_id=&#8221;148784&#8243;][vc_column width=&#8221;1\/1&#8243;][uncode_block id=&#8221;87150&#8243;][\/vc_column][\/vc_row][vc_row row_height_percent=&#8221;0&#8243; override_padding=&#8221;yes&#8221; h_padding=&#8221;2&#8243; top_padding=&#8221;2&#8243; bottom_padding=&#8221;2&#8243; overlay_alpha=&#8221;50&#8243; equal_height=&#8221;yes&#8221; gutter_size=&#8221;3&#8243; column_width_percent=&#8221;100&#8243; shift_y=&#8221;0&#8243; z_index=&#8221;0&#8243; uncode_shortcode_id=&#8221;222381&#8243; shape_dividers=&#8221;&#8221; el_class=&#8221;hub-search-column&#8221;][vc_column column_width_percent=&#8221;100&#8243; gutter_size=&#8221;2&#8243; style=&#8221;dark&#8221; overlay_alpha=&#8221;50&#8243; shift_x=&#8221;0&#8243; shift_y=&#8221;0&#8243; shift_y_down=&#8221;0&#8243; z_index=&#8221;0&#8243; medium_width=&#8221;0&#8243; mobile_width=&#8221;0&#8243; width=&#8221;2\/3&#8243; uncode_shortcode_id=&#8221;129178&#8243; el_class=&#8221;hub-info-column&#8221;][vc_custom_heading text_color=&#8221;color-xsdn&#8221; uncode_shortcode_id=&#8221;205695&#8243; text_color_type=&#8221;uncode-palette&#8221;]<span class=\"ES\">Espacio de conocimiento para el ecosistema musical de Euskadi<\/span><span class=\"EU\">Euskal Herriko musika-ekosistemarentzako ezagutza-espazioa<\/span><span class=\"EN\">Knowledge space for the Basque music ecosystem<\/span><span class=\"FR\">Espace de connaissance pour l\u2019\u00e9cosyst\u00e8me musical d\u2019Euskadi<\/span>[\/vc_custom_heading][vc_column_text uncode_shortcode_id=&#8221;104812&#8243;]<span class=\"ES\">Informaci\u00f3n jur\u00eddica, subvenciones, informaci\u00f3n fiscal&#8230;<\/span><span class=\"EU\">Informazio juridikoa, dirulaguntzak, zerga-informazioa&#8230;<\/span><span class=\"EN\">Legal information, subsidies, fiscal information\u2026<\/span><span class=\"FR\">Informations juridiques, subventions, informations fiscales&#8230;<\/span>[\/vc_column_text][\/vc_column][vc_column column_width_percent=&#8221;100&#8243; position_vertical=&#8221;bottom&#8221; gutter_size=&#8221;0&#8243; style=&#8221;dark&#8221; overlay_alpha=&#8221;50&#8243; shift_x=&#8221;0&#8243; shift_y=&#8221;0&#8243; shift_y_down=&#8221;0&#8243; z_index=&#8221;0&#8243; medium_width=&#8221;0&#8243; mobile_width=&#8221;0&#8243; width=&#8221;1\/3&#8243; uncode_shortcode_id=&#8221;124318&#8243;][vc_column_text uncode_shortcode_id=&#8221;438967&#8243;]<span class=\"ES\">Buscar en el HUB&#8230;<\/span><span class=\"EU\">Bilatu hubean&#8230;<\/span><span class=\"EN\">Search on the HUB&#8230;<\/span><span class=\"FR\">Chercher dans le HUB&#8230;<\/span>[\/vc_column_text][vc_raw_html]JTVCd2RfYXNwJTIwaWQlM0QxJTVE[\/vc_raw_html][\/vc_column][\/vc_row][vc_row row_height_percent=&#8221;0&#8243; override_padding=&#8221;yes&#8221; h_padding=&#8221;2&#8243; top_padding=&#8221;2&#8243; bottom_padding=&#8221;2&#8243; overlay_alpha=&#8221;50&#8243; equal_height=&#8221;yes&#8221; gutter_size=&#8221;3&#8243; column_width_percent=&#8221;100&#8243; shift_y=&#8221;0&#8243; z_index=&#8221;0&#8243; uncode_shortcode_id=&#8221;624440&#8243;][vc_column column_width_percent=&#8221;100&#8243; position_horizontal=&#8221;left&#8221; gutter_size=&#8221;0&#8243; override_padding=&#8221;yes&#8221; column_padding=&#8221;0&#8243; style=&#8221;dark&#8221; overlay_alpha=&#8221;50&#8243; shift_x=&#8221;0&#8243; shift_y=&#8221;0&#8243; shift_y_down=&#8221;0&#8243; z_index=&#8221;0&#8243; medium_width=&#8221;0&#8243; mobile_width=&#8221;0&#8243; width=&#8221;1\/2&#8243; uncode_shortcode_id=&#8221;177331&#8243; el_class=&#8221;hub-1&#8243;][vc_custom_heading text_color=&#8221;color-157627&#8243; text_size=&#8221;fontsize-739966&#8243; text_weight=&#8221;400&#8243; css_animation=&#8221;alpha-anim&#8221; uncode_shortcode_id=&#8221;162486&#8243; text_color_type=&#8221;uncode-palette&#8221;]<span class=\"ES\">Legal \/ Fiscal<\/span><span class=\"EU\">Legala \/ Fiskala<\/span><span class=\"EN\">Legal \/ Fiscal<\/span><span class=\"FR\">L\u00e9gal \/ Fiscal<\/span>[\/vc_custom_heading][vc_empty_space empty_h=&#8221;2&#8243;][uncode_index el_id=&#8221;index-131250-827&#8243; isotope_mode=&#8221;packery&#8221; loop=&#8221;size:1|order_by:date|post_type:hub|tax_query:208|taxonomy_count:10&#8243; screen_lg=&#8221;1000&#8243; screen_md=&#8221;600&#8243; screen_sm=&#8221;480&#8243; gutter_size=&#8221;0&#8243; hub_items=&#8221;media|featured|onpost|poster,title,text|full|200&#8243; single_text=&#8221;overlay&#8221; single_width=&#8221;12&#8243; images_size=&#8221;one-one&#8221; single_overlay_color=&#8221;color-jevc&#8221; single_overlay_coloration=&#8221;bottom_gradient&#8221; single_overlay_opacity=&#8221;50&#8243; single_overlay_visible=&#8221;yes&#8221; single_text_visible=&#8221;yes&#8221; single_text_anim=&#8221;no&#8221; single_v_position=&#8221;bottom&#8221; single_reduced=&#8221;three_quarter&#8221; single_padding=&#8221;2&#8243; single_title_semantic=&#8221;h2&#8243; single_title_dimension=&#8221;h2&#8243; single_text_lead=&#8221;small&#8221; single_border=&#8221;yes&#8221; single_css_animation=&#8221;alpha-anim&#8221; single_animation_delay=&#8221;100&#8243; uncode_shortcode_id=&#8221;490863&#8243;][vc_empty_space empty_h=&#8221;2&#8243;][uncode_index el_id=&#8221;MB-legal&#8212;&#8221; isotope_mode=&#8221;packery&#8221; loop=&#8221;size:2|order_by:date|order:DESC|post_type:hub|tax_query:208|taxonomy_count:10&#8243; screen_lg=&#8221;480&#8243; screen_md=&#8221;480&#8243; screen_sm=&#8221;480&#8243; gutter_size=&#8221;2&#8243; post_items=&#8221;meta|display-icon,title,text|full|200,link|default|small_size| ,media|featured|onpost|original&#8221; hub_items=&#8221;media|featured|onpost|poster,title,text|full|200&#8243; footer_style=&#8221;dark&#8221; footer_full_width=&#8221;yes&#8221; single_width=&#8221;6&#8243; images_size=&#8221;one-one&#8221; single_style=&#8221;dark&#8221; single_back_color=&#8221;color-jevc&#8221; single_overlay_opacity=&#8221;1&#8243; single_overlay_anim=&#8221;no&#8221; single_text_visible=&#8221;yes&#8221; single_text_anim_type=&#8221;btt&#8221; single_h_align_mobile=&#8221;left&#8221; single_padding=&#8221;1&#8243; single_thumb_hover=&#8221;yes&#8221; single_title_semantic=&#8221;h2&#8243; single_title_dimension=&#8221;h3&#8243; single_text_lead=&#8221;small&#8221; single_border=&#8221;yes&#8221; single_css_animation=&#8221;bottom-t-top&#8221; uncode_shortcode_id=&#8221;109126&#8243; offset=&#8221;1&#8243; el_class=&#8221;hub-posts-1&#8243;][vc_empty_space empty_h=&#8221;1&#8243;][vc_button radius=&#8221;btn-round&#8221; wide=&#8221;yes&#8221; hover_fx=&#8221;outlined&#8221; outline=&#8221;yes&#8221; text_skin=&#8221;yes&#8221; custom_typo=&#8221;yes&#8221; font_family=&#8221;font-412429&#8243; font_weight=&#8221;100&#8243; text_transform=&#8221;uppercase&#8221; letter_spacing=&#8221;fontspace-108263&#8243; border_width=&#8221;0&#8243; scale_mobile=&#8221;no&#8221; link=&#8221;url:https%3A%2F%2Fmusikabulegoa.eus\/hub%2Flegal-hub%2F|title:HUB-Legal%2FFiscal&#8221; uncode_shortcode_id=&#8221;670808&#8243; el_class=&#8221;hub-1-button&#8221;]<span class=\"ES\">Mas sobre Legal \/ Fiscal<\/span><span class=\"EU\">Arlo Legalari \/ Fiskalari buruzko informazio gehiago<\/span><span class=\"EN\">More on Legal \/ Fiscal<\/span><span class=\"FR\">L\u00e9gal \/ Fiscal<\/span>[\/vc_button][vc_empty_space empty_h=&#8221;2&#8243;][\/vc_column][vc_column column_width_percent=&#8221;100&#8243; position_horizontal=&#8221;left&#8221; gutter_size=&#8221;0&#8243; override_padding=&#8221;yes&#8221; column_padding=&#8221;0&#8243; style=&#8221;dark&#8221; overlay_alpha=&#8221;50&#8243; shift_x=&#8221;0&#8243; shift_y=&#8221;0&#8243; shift_y_down=&#8221;0&#8243; z_index=&#8221;0&#8243; medium_width=&#8221;0&#8243; mobile_width=&#8221;0&#8243; width=&#8221;1\/2&#8243; uncode_shortcode_id=&#8221;161273&#8243; el_class=&#8221;hub-2&#8243;][vc_custom_heading text_color=&#8221;color-157627&#8243; text_size=&#8221;fontsize-739966&#8243; text_weight=&#8221;400&#8243; css_animation=&#8221;alpha-anim&#8221; uncode_shortcode_id=&#8221;515428&#8243; text_color_type=&#8221;uncode-palette&#8221;]<span class=\"ES\">Propiedad intelectual<\/span><span class=\"EU\">Jabetza intelektuala<\/span><span class=\"EN\">Intellectual property<\/span><span class=\"FR\">Propri\u00e9t\u00e9 intellectuelle<\/span>[\/vc_custom_heading][vc_empty_space empty_h=&#8221;2&#8243;][uncode_index el_id=&#8221;index-163474-propiedad&#8221; index_type=&#8221;css_grid&#8221; loop=&#8221;size:6|order_by:date|post_type:hub|tax_query:209|taxonomy_count:10&#8243; grid_items=&#8221;1&#8243; screen_lg_items=&#8221;1&#8243; screen_lg_breakpoint=&#8221;1000&#8243; screen_md_items=&#8221;1&#8243; screen_md_breakpoint=&#8221;600&#8243; screen_sm_items=&#8221;1&#8243; screen_sm_breakpoint=&#8221;480&#8243; gutter_size=&#8221;2&#8243; css_grid_equal_height=&#8221;yes&#8221; hub_items=&#8221;title,link|default|default_size|scale_mobile,media|featured|onpost|poster&#8221; single_text=&#8221;lateral&#8221; css_grid_images_size=&#8221;one-one&#8221; single_image_position=&#8221;right&#8221; single_image_size=&#8221;4&#8243; single_back_color=&#8221;color-xsdn&#8221; single_shape=&#8221;round&#8221; single_overlay_opacity=&#8221;50&#8243; single_overlay_anim=&#8221;no&#8221; single_text_visible=&#8221;yes&#8221; single_padding=&#8221;2&#8243; single_text_reduced=&#8221;yes&#8221; single_title_semantic=&#8221;h2&#8243; single_title_dimension=&#8221;fontsize-445851&#8243; single_border=&#8221;yes&#8221; single_css_animation=&#8221;alpha-anim&#8221; single_animation_delay=&#8221;100&#8243; uncode_shortcode_id=&#8221;192655&#8243; el_class=&#8221;onlytitleposts&#8221;][vc_empty_space empty_h=&#8221;1&#8243;][vc_button radius=&#8221;btn-round&#8221; wide=&#8221;yes&#8221; hover_fx=&#8221;outlined&#8221; outline=&#8221;yes&#8221; text_skin=&#8221;yes&#8221; custom_typo=&#8221;yes&#8221; font_family=&#8221;font-412429&#8243; font_weight=&#8221;100&#8243; text_transform=&#8221;uppercase&#8221; letter_spacing=&#8221;fontspace-108263&#8243; border_width=&#8221;0&#8243; scale_mobile=&#8221;no&#8221; link=&#8221;url:https%3A%2F%2Fmusikabulegoa.eus\/hub%2Fpropiedad-hub%2F&#8221; uncode_shortcode_id=&#8221;149427&#8243;]<span class=\"ES\">M\u00e1s sobre Propiedad intelectual<\/span><span class=\"EU\">Jabetza intelektualari buruzko informazio gehiago<\/span><span class=\"EN\">More on Intellectual Property<\/span><span class=\"FR\">En savoir plus sur Propri\u00e9t\u00e9 intellectuelle<\/span>[\/vc_button][vc_empty_space empty_h=&#8221;1&#8243;][\/vc_column][\/vc_row][vc_row row_height_percent=&#8221;0&#8243; override_padding=&#8221;yes&#8221; h_padding=&#8221;2&#8243; top_padding=&#8221;2&#8243; bottom_padding=&#8221;3&#8243; overlay_alpha=&#8221;50&#8243; equal_height=&#8221;yes&#8221; gutter_size=&#8221;2&#8243; column_width_percent=&#8221;100&#8243; shift_y=&#8221;0&#8243; z_index=&#8221;0&#8243; uncode_shortcode_id=&#8221;187583&#8243; el_class=&#8221;subv&#8221;][vc_column column_width_percent=&#8221;100&#8243; gutter_size=&#8221;0&#8243; style=&#8221;dark&#8221; overlay_alpha=&#8221;50&#8243; shift_x=&#8221;0&#8243; shift_y=&#8221;0&#8243; shift_y_down=&#8221;0&#8243; z_index=&#8221;0&#8243; medium_width=&#8221;0&#8243; mobile_width=&#8221;0&#8243; width=&#8221;1\/4&#8243; uncode_shortcode_id=&#8221;955336&#8243;][vc_custom_heading text_color=&#8221;color-157627&#8243; text_size=&#8221;fontsize-739966&#8243; text_weight=&#8221;400&#8243; uncode_shortcode_id=&#8221;645484&#8243; text_color_type=&#8221;uncode-palette&#8221;]<span class=\"ES\">Subvenciones<\/span><span class=\"EU\">Dirulaguntzak<\/span><span class=\"EN\">Subsidies<\/span><span class=\"FR\">Subventions<\/span>[\/vc_custom_heading][vc_column_text uncode_shortcode_id=&#8221;621688&#8243;]<span class=\"ES\">Aqu\u00ed encontrar\u00e1s ayuda para conseguir tus objetivos<\/span><span class=\"EU\">Zure helburuak lortzeko laguntza aurkituko dituzu hemen<\/span><span class=\"EN\">Here you will find help to achieve your goals<\/span><span class=\"FR\">Ici, vous trouverez de l&#8217;aide pour atteindre vos objectifs<\/span>[\/vc_column_text][\/vc_column][vc_column column_width_percent=&#8221;100&#8243; gutter_size=&#8221;2&#8243; style=&#8221;dark&#8221; overlay_alpha=&#8221;50&#8243; shift_x=&#8221;0&#8243; shift_y=&#8221;0&#8243; shift_y_down=&#8221;0&#8243; z_index=&#8221;0&#8243; medium_width=&#8221;0&#8243; mobile_width=&#8221;0&#8243; width=&#8221;3\/4&#8243; uncode_shortcode_id=&#8221;241074&#8243; el_class=&#8221;hub-3&#8243;][uncode_index el_id=&#8221;index-163474-sub&#8221; index_type=&#8221;css_grid&#8221; loop=&#8221;size:6|order_by:date|post_type:hub|tax_query:210|taxonomy_count:10&#8243; grid_items=&#8221;2&#8243; screen_lg_items=&#8221;2&#8243; screen_lg_breakpoint=&#8221;600&#8243; screen_md_items=&#8221;2&#8243; screen_md_breakpoint=&#8221;600&#8243; screen_sm_items=&#8221;1&#8243; screen_sm_breakpoint=&#8221;480&#8243; gutter_size=&#8221;1&#8243; css_grid_equal_height=&#8221;yes&#8221; hub_items=&#8221;title,link|default|small_size|scale_mobile&#8221; css_grid_images_size=&#8221;one-one&#8221; single_style=&#8221;dark&#8221; single_back_color=&#8221;color-157627&#8243; single_shape=&#8221;round&#8221; single_overlay_opacity=&#8221;50&#8243; single_text_visible=&#8221;yes&#8221; single_image_coloration=&#8221;desaturated&#8221; single_padding=&#8221;2&#8243; single_thumb_hover=&#8221;yes&#8221; single_title_semantic=&#8221;h2&#8243; single_title_dimension=&#8221;h3&#8243; single_border=&#8221;yes&#8221; single_css_animation=&#8221;alpha-anim&#8221; single_animation_delay=&#8221;100&#8243; uncode_shortcode_id=&#8221;907725&#8243; el_class=&#8221;onlytitleposts&#8221;][vc_button radius=&#8221;btn-round&#8221; wide=&#8221;yes&#8221; hover_fx=&#8221;outlined&#8221; outline=&#8221;yes&#8221; text_skin=&#8221;yes&#8221; custom_typo=&#8221;yes&#8221; font_family=&#8221;font-412429&#8243; font_weight=&#8221;100&#8243; text_transform=&#8221;uppercase&#8221; letter_spacing=&#8221;fontspace-108263&#8243; border_width=&#8221;0&#8243; scale_mobile=&#8221;no&#8221; link=&#8221;url:https%3A%2F%2Fmusikabulegoa.eus\/hub%2Fsubvenciones-hub%2F&#8221; uncode_shortcode_id=&#8221;485071&#8243;]<span class=\"ES\">M\u00e1s sobre Subvenciones<\/span><span class=\"EU\">Dirulaguntzei buruzko informazio gehiago<\/span><span class=\"EN\">More on Subsidies<\/span><span class=\"FR\">En savoir plus sur Subventions<\/span>[\/vc_button][\/vc_column][\/vc_row]<\/p>\n<\/div>","protected":false},"excerpt":{"rendered":"<p>[vc_row unlock_row_content=&#8221;yes&#8221; row_height_percent=&#8221;0&#8243; overlay_alpha=&#8221;50&#8243; gutter_size=&#8221;3&#8243; column_width_percent=&#8221;100&#8243; shift_y=&#8221;0&#8243; z_index=&#8221;0&#8243; uncode_shortcode_id=&#8221;148784&#8243;][vc_column width=&#8221;1\/1&#8243;][uncode_block id=&#8221;87150&#8243;][\/vc_column][\/vc_row][vc_row row_height_percent=&#8221;0&#8243; override_padding=&#8221;yes&#8221; h_padding=&#8221;2&#8243; top_padding=&#8221;2&#8243; bottom_padding=&#8221;2&#8243; overlay_alpha=&#8221;50&#8243; equal_height=&#8221;yes&#8221; gutter_size=&#8221;3&#8243; column_width_percent=&#8221;100&#8243; [&hellip;]<\/p>\n","protected":false},"author":1,"featured_media":93306,"parent":0,"menu_order":0,"comment_status":"closed","ping_status":"closed","template":"","meta":{"_acf_changed":false,"_monsterinsights_skip_tracking":false,"_monsterinsights_sitenote_active":false,"_monsterinsights_sitenote_note":"","_monsterinsights_sitenote_category":0,"footnotes":""},"tags":[],"class_list":["post-92327","page","type-page","status-publish","has-post-thumbnail","hentry"],"acf":[],"yoast_head":"<!-- This site is optimized with the Yoast SEO plugin v24.0 - https:\/\/yoast.com\/wordpress\/plugins\/seo\/ -->\n<title>HUB - Musika Bulegoa<\/title>\n<meta name=\"description\" content=\"Euskal Herriko musika-ekosistemarentzako ezagutza-espazioa \/ Espacio de conocimiento para el ecosistema musical de Euskadi\" \/>\n<meta name=\"robots\" content=\"index, follow, max-snippet:-1, max-image-preview:large, max-video-preview:-1\" \/>\n<link rel=\"canonical\" href=\"https:\/\/musikabulegoa.eus\/hub\/eu\/\" \/>\n<meta property=\"og:locale\" content=\"eu_ES\" \/>\n<meta property=\"og:type\" content=\"article\" \/>\n<meta property=\"og:title\" content=\"HUB - Musika Bulegoa\" \/>\n<meta property=\"og:description\" content=\"Euskal Herriko musika-ekosistemarentzako ezagutza-espazioa \/ Espacio de conocimiento para el ecosistema musical de Euskadi\" \/>\n<meta property=\"og:url\" content=\"https:\/\/musikabulegoa.eus\/hub\/eu\/\" \/>\n<meta property=\"og:site_name\" content=\"Musika Bulegoa\" \/>\n<meta property=\"article:modified_time\" content=\"2024-05-12T10:15:09+00:00\" \/>\n<meta property=\"og:image\" content=\"https:\/\/musikabulegoa.eus\/hub\/wp-content\/uploads\/2023\/03\/hub2.png\" \/>\n\t<meta property=\"og:image:width\" content=\"800\" \/>\n\t<meta property=\"og:image:height\" content=\"800\" \/>\n\t<meta property=\"og:image:type\" content=\"image\/png\" \/>\n<meta name=\"twitter:card\" content=\"summary_large_image\" \/>\n<meta name=\"twitter:label1\" content=\"Est. reading time\" \/>\n\t<meta name=\"twitter:data1\" content=\"6 minutua\" \/>\n<script type=\"application\/ld+json\" class=\"yoast-schema-graph\">{\"@context\":\"https:\/\/schema.org\",\"@graph\":[{\"@type\":\"WebPage\",\"@id\":\"https:\/\/musikabulegoa.eus\/hub\/eu\/\",\"url\":\"https:\/\/musikabulegoa.eus\/hub\/eu\/\",\"name\":\"HUB - Musika Bulegoa\",\"isPartOf\":{\"@id\":\"https:\/\/musikabulegoa.eus\/hub\/eu\/#website\"},\"primaryImageOfPage\":{\"@id\":\"https:\/\/musikabulegoa.eus\/hub\/eu\/#primaryimage\"},\"image\":{\"@id\":\"https:\/\/musikabulegoa.eus\/hub\/eu\/#primaryimage\"},\"thumbnailUrl\":\"https:\/\/musikabulegoa.eus\/hub\/wp-content\/uploads\/2023\/03\/hub2.png\",\"datePublished\":\"2022-02-09T15:23:20+00:00\",\"dateModified\":\"2024-05-12T10:15:09+00:00\",\"description\":\"Euskal Herriko musika-ekosistemarentzako ezagutza-espazioa \/ Espacio de conocimiento para el ecosistema musical de Euskadi\",\"breadcrumb\":{\"@id\":\"https:\/\/musikabulegoa.eus\/hub\/eu\/#breadcrumb\"},\"inLanguage\":\"eu\",\"potentialAction\":[{\"@type\":\"ReadAction\",\"target\":[\"https:\/\/musikabulegoa.eus\/hub\/eu\/\"]}]},{\"@type\":\"ImageObject\",\"inLanguage\":\"eu\",\"@id\":\"https:\/\/musikabulegoa.eus\/hub\/eu\/#primaryimage\",\"url\":\"https:\/\/musikabulegoa.eus\/hub\/wp-content\/uploads\/2023\/03\/hub2.png\",\"contentUrl\":\"https:\/\/musikabulegoa.eus\/hub\/wp-content\/uploads\/2023\/03\/hub2.png\",\"width\":800,\"height\":800},{\"@type\":\"BreadcrumbList\",\"@id\":\"https:\/\/musikabulegoa.eus\/hub\/eu\/#breadcrumb\",\"itemListElement\":[{\"@type\":\"ListItem\",\"position\":1,\"name\":\"Portada\",\"item\":\"https:\/\/musikabulegoa.eus\/hub\/eu\/hub\/\"},{\"@type\":\"ListItem\",\"position\":2,\"name\":\"HUB\"}]},{\"@type\":\"WebSite\",\"@id\":\"https:\/\/musikabulegoa.eus\/hub\/eu\/#website\",\"url\":\"https:\/\/musikabulegoa.eus\/hub\/eu\/\",\"name\":\"Musika Bulegoa\",\"description\":\"La Oficina de la M\u00fasica de Euskal Herria\",\"potentialAction\":[{\"@type\":\"SearchAction\",\"target\":{\"@type\":\"EntryPoint\",\"urlTemplate\":\"https:\/\/musikabulegoa.eus\/hub\/eu\/?s={search_term_string}\"},\"query-input\":{\"@type\":\"PropertyValueSpecification\",\"valueRequired\":true,\"valueName\":\"search_term_string\"}}],\"inLanguage\":\"eu\"}]}<\/script>\n<!-- \/ Yoast SEO plugin. -->","yoast_head_json":{"title":"HUB - Musika Bulegoa","description":"Euskal Herriko musika-ekosistemarentzako ezagutza-espazioa \/ Espacio de conocimiento para el ecosistema musical de Euskadi","robots":{"index":"index","follow":"follow","max-snippet":"max-snippet:-1","max-image-preview":"max-image-preview:large","max-video-preview":"max-video-preview:-1"},"canonical":"https:\/\/musikabulegoa.eus\/hub\/eu\/","og_locale":"eu_ES","og_type":"article","og_title":"HUB - Musika Bulegoa","og_description":"Euskal Herriko musika-ekosistemarentzako ezagutza-espazioa \/ Espacio de conocimiento para el ecosistema musical de Euskadi","og_url":"https:\/\/musikabulegoa.eus\/hub\/eu\/","og_site_name":"Musika Bulegoa","article_modified_time":"2024-05-12T10:15:09+00:00","og_image":[{"width":800,"height":800,"url":"https:\/\/musikabulegoa.eus\/hub\/wp-content\/uploads\/2023\/03\/hub2.png","type":"image\/png"}],"twitter_card":"summary_large_image","twitter_misc":{"Est. reading time":"6 minutua"},"schema":{"@context":"https:\/\/schema.org","@graph":[{"@type":"WebPage","@id":"https:\/\/musikabulegoa.eus\/hub\/eu\/","url":"https:\/\/musikabulegoa.eus\/hub\/eu\/","name":"HUB - Musika Bulegoa","isPartOf":{"@id":"https:\/\/musikabulegoa.eus\/hub\/eu\/#website"},"primaryImageOfPage":{"@id":"https:\/\/musikabulegoa.eus\/hub\/eu\/#primaryimage"},"image":{"@id":"https:\/\/musikabulegoa.eus\/hub\/eu\/#primaryimage"},"thumbnailUrl":"https:\/\/musikabulegoa.eus\/hub\/wp-content\/uploads\/2023\/03\/hub2.png","datePublished":"2022-02-09T15:23:20+00:00","dateModified":"2024-05-12T10:15:09+00:00","description":"Euskal Herriko musika-ekosistemarentzako ezagutza-espazioa \/ Espacio de conocimiento para el ecosistema musical de Euskadi","breadcrumb":{"@id":"https:\/\/musikabulegoa.eus\/hub\/eu\/#breadcrumb"},"inLanguage":"eu","potentialAction":[{"@type":"ReadAction","target":["https:\/\/musikabulegoa.eus\/hub\/eu\/"]}]},{"@type":"ImageObject","inLanguage":"eu","@id":"https:\/\/musikabulegoa.eus\/hub\/eu\/#primaryimage","url":"https:\/\/musikabulegoa.eus\/hub\/wp-content\/uploads\/2023\/03\/hub2.png","contentUrl":"https:\/\/musikabulegoa.eus\/hub\/wp-content\/uploads\/2023\/03\/hub2.png","width":800,"height":800},{"@type":"BreadcrumbList","@id":"https:\/\/musikabulegoa.eus\/hub\/eu\/#breadcrumb","itemListElement":[{"@type":"ListItem","position":1,"name":"Portada","item":"https:\/\/musikabulegoa.eus\/hub\/eu\/hub\/"},{"@type":"ListItem","position":2,"name":"HUB"}]},{"@type":"WebSite","@id":"https:\/\/musikabulegoa.eus\/hub\/eu\/#website","url":"https:\/\/musikabulegoa.eus\/hub\/eu\/","name":"Musika Bulegoa","description":"La Oficina de la M\u00fasica de Euskal Herria","potentialAction":[{"@type":"SearchAction","target":{"@type":"EntryPoint","urlTemplate":"https:\/\/musikabulegoa.eus\/hub\/eu\/?s={search_term_string}"},"query-input":{"@type":"PropertyValueSpecification","valueRequired":true,"valueName":"search_term_string"}}],"inLanguage":"eu"}]}},"_links":{"self":[{"href":"https:\/\/musikabulegoa.eus\/hub\/eu\/wp-json\/wp\/v2\/pages\/92327","targetHints":{"allow":["GET"]}}],"collection":[{"href":"https:\/\/musikabulegoa.eus\/hub\/eu\/wp-json\/wp\/v2\/pages"}],"about":[{"href":"https:\/\/musikabulegoa.eus\/hub\/eu\/wp-json\/wp\/v2\/types\/page"}],"author":[{"embeddable":true,"href":"https:\/\/musikabulegoa.eus\/hub\/eu\/wp-json\/wp\/v2\/users\/1"}],"replies":[{"embeddable":true,"href":"https:\/\/musikabulegoa.eus\/hub\/eu\/wp-json\/wp\/v2\/comments?post=92327"}],"version-history":[{"count":13,"href":"https:\/\/musikabulegoa.eus\/hub\/eu\/wp-json\/wp\/v2\/pages\/92327\/revisions"}],"predecessor-version":[{"id":102027,"href":"https:\/\/musikabulegoa.eus\/hub\/eu\/wp-json\/wp\/v2\/pages\/92327\/revisions\/102027"}],"wp:featuredmedia":[{"embeddable":true,"href":"https:\/\/musikabulegoa.eus\/hub\/eu\/wp-json\/wp\/v2\/media\/93306"}],"wp:attachment":[{"href":"https:\/\/musikabulegoa.eus\/hub\/eu\/wp-json\/wp\/v2\/media?parent=92327"}],"wp:term":[{"taxonomy":"post_tag","embeddable":true,"href":"https:\/\/musikabulegoa.eus\/hub\/eu\/wp-json\/wp\/v2\/tags?post=92327"}],"curies":[{"name":"wp","href":"https:\/\/api.w.org\/{rel}","templated":true}]}}