{"id":92329,"date":"2024-04-05T16:23:20","date_gmt":"2024-04-05T14:23:20","guid":{"rendered":"https:\/\/musikabulegoa.eus\/hub\/hub\/"},"modified":"2024-05-12T12:26:14","modified_gmt":"2024-05-12T10:26:14","slug":"hub","status":"publish","type":"page","link":"https:\/\/musikabulegoa.eus\/hub\/fr\/","title":{"rendered":"HUB"},"content":{"rendered":"<div class=\"wpb-content-wrapper\"><p>[vc_row unlock_row_content=\u00a0\u00bbyes\u00a0\u00bb row_height_percent=\u00a0\u00bb0&Prime; overlay_alpha=\u00a0\u00bb50&Prime; gutter_size=\u00a0\u00bb3&Prime; column_width_percent=\u00a0\u00bb100&Prime; shift_y=\u00a0\u00bb0&Prime; z_index=\u00a0\u00bb0&Prime; uncode_shortcode_id=\u00a0\u00bb148784&Prime;][vc_column width=\u00a0\u00bb1\/1&Prime;][uncode_block id=\u00a0\u00bb87150&Prime;][\/vc_column][\/vc_row][vc_row row_height_percent=\u00a0\u00bb0&Prime; override_padding=\u00a0\u00bbyes\u00a0\u00bb h_padding=\u00a0\u00bb2&Prime; top_padding=\u00a0\u00bb2&Prime; bottom_padding=\u00a0\u00bb2&Prime; overlay_alpha=\u00a0\u00bb50&Prime; equal_height=\u00a0\u00bbyes\u00a0\u00bb gutter_size=\u00a0\u00bb3&Prime; column_width_percent=\u00a0\u00bb100&Prime; shift_y=\u00a0\u00bb0&Prime; z_index=\u00a0\u00bb0&Prime; uncode_shortcode_id=\u00a0\u00bb222381&Prime; shape_dividers=\u00a0\u00bb\u00a0\u00bb el_class=\u00a0\u00bbhub-search-column\u00a0\u00bb][vc_column column_width_percent=\u00a0\u00bb100&Prime; gutter_size=\u00a0\u00bb2&Prime; style=\u00a0\u00bbdark\u00a0\u00bb overlay_alpha=\u00a0\u00bb50&Prime; shift_x=\u00a0\u00bb0&Prime; shift_y=\u00a0\u00bb0&Prime; shift_y_down=\u00a0\u00bb0&Prime; z_index=\u00a0\u00bb0&Prime; medium_width=\u00a0\u00bb0&Prime; mobile_width=\u00a0\u00bb0&Prime; width=\u00a0\u00bb2\/3&Prime; uncode_shortcode_id=\u00a0\u00bb129178&Prime; el_class=\u00a0\u00bbhub-info-column\u00a0\u00bb][vc_custom_heading text_color=\u00a0\u00bbcolor-xsdn\u00a0\u00bb uncode_shortcode_id=\u00a0\u00bb205695&Prime; text_color_type=\u00a0\u00bbuncode-palette\u00a0\u00bb]<span class=\"ES\">Espacio de conocimiento para el ecosistema musical de Euskadi<\/span><span class=\"EU\">Euskal Herriko musika-ekosistemarentzako ezagutza-espazioa<\/span><span class=\"EN\">Knowledge space for the Basque music ecosystem<\/span><span class=\"FR\">Espace de connaissance pour l\u2019\u00e9cosyst\u00e8me musical d\u2019Euskadi<\/span>[\/vc_custom_heading][vc_column_text uncode_shortcode_id=\u00a0\u00bb104812&Prime;]<span class=\"ES\">Informaci\u00f3n jur\u00eddica, subvenciones, informaci\u00f3n fiscal&#8230;<\/span><span class=\"EU\">Informazio juridikoa, dirulaguntzak, zerga-informazioa&#8230;<\/span><span class=\"EN\">Legal information, subsidies, fiscal information\u2026<\/span><span class=\"FR\">Informations juridiques, subventions, informations fiscales&#8230;<\/span>[\/vc_column_text][\/vc_column][vc_column column_width_percent=\u00a0\u00bb100&Prime; position_vertical=\u00a0\u00bbbottom\u00a0\u00bb gutter_size=\u00a0\u00bb0&Prime; style=\u00a0\u00bbdark\u00a0\u00bb overlay_alpha=\u00a0\u00bb50&Prime; shift_x=\u00a0\u00bb0&Prime; shift_y=\u00a0\u00bb0&Prime; shift_y_down=\u00a0\u00bb0&Prime; z_index=\u00a0\u00bb0&Prime; medium_width=\u00a0\u00bb0&Prime; mobile_width=\u00a0\u00bb0&Prime; width=\u00a0\u00bb1\/3&Prime; uncode_shortcode_id=\u00a0\u00bb124318&Prime;][vc_column_text uncode_shortcode_id=\u00a0\u00bb438967&Prime;]<span class=\"ES\">Buscar en el HUB&#8230;<\/span><span class=\"EU\">Bilatu hubean&#8230;<\/span><span class=\"EN\">Search on the HUB&#8230;<\/span><span class=\"FR\">Chercher dans le HUB&#8230;<\/span>[\/vc_column_text][vc_raw_html]JTVCd2RfYXNwJTIwaWQlM0QxJTVE[\/vc_raw_html][\/vc_column][\/vc_row][vc_row row_height_percent=\u00a0\u00bb0&Prime; override_padding=\u00a0\u00bbyes\u00a0\u00bb h_padding=\u00a0\u00bb2&Prime; top_padding=\u00a0\u00bb2&Prime; bottom_padding=\u00a0\u00bb2&Prime; overlay_alpha=\u00a0\u00bb50&Prime; equal_height=\u00a0\u00bbyes\u00a0\u00bb gutter_size=\u00a0\u00bb3&Prime; column_width_percent=\u00a0\u00bb100&Prime; shift_y=\u00a0\u00bb0&Prime; z_index=\u00a0\u00bb0&Prime; uncode_shortcode_id=\u00a0\u00bb624440&Prime;][vc_column column_width_percent=\u00a0\u00bb100&Prime; position_horizontal=\u00a0\u00bbleft\u00a0\u00bb gutter_size=\u00a0\u00bb0&Prime; override_padding=\u00a0\u00bbyes\u00a0\u00bb column_padding=\u00a0\u00bb0&Prime; style=\u00a0\u00bbdark\u00a0\u00bb overlay_alpha=\u00a0\u00bb50&Prime; shift_x=\u00a0\u00bb0&Prime; shift_y=\u00a0\u00bb0&Prime; shift_y_down=\u00a0\u00bb0&Prime; z_index=\u00a0\u00bb0&Prime; medium_width=\u00a0\u00bb0&Prime; mobile_width=\u00a0\u00bb0&Prime; width=\u00a0\u00bb1\/2&Prime; uncode_shortcode_id=\u00a0\u00bb177331&Prime; el_class=\u00a0\u00bbhub-1&Prime;][vc_custom_heading text_color=\u00a0\u00bbcolor-157627&Prime; text_size=\u00a0\u00bbfontsize-739966&Prime; text_weight=\u00a0\u00bb400&Prime; css_animation=\u00a0\u00bbalpha-anim\u00a0\u00bb uncode_shortcode_id=\u00a0\u00bb162486&Prime; text_color_type=\u00a0\u00bbuncode-palette\u00a0\u00bb]<span class=\"ES\">Legal \/ Fiscal<\/span><span class=\"EU\">Legala \/ Fiskala<\/span><span class=\"EN\">Legal \/ Fiscal<\/span><span class=\"FR\">L\u00e9gal \/ Fiscal<\/span>[\/vc_custom_heading][vc_empty_space empty_h=\u00a0\u00bb2&Prime;][uncode_index el_id=\u00a0\u00bbindex-131250-827&Prime; isotope_mode=\u00a0\u00bbpackery\u00a0\u00bb loop=\u00a0\u00bbsize:1|order_by:date|post_type:hub|tax_query:208|taxonomy_count:10&Prime; screen_lg=\u00a0\u00bb1000&Prime; screen_md=\u00a0\u00bb600&Prime; screen_sm=\u00a0\u00bb480&Prime; gutter_size=\u00a0\u00bb0&Prime; hub_items=\u00a0\u00bbmedia|featured|onpost|poster,title,text|full|200&Prime; single_text=\u00a0\u00bboverlay\u00a0\u00bb single_width=\u00a0\u00bb12&Prime; images_size=\u00a0\u00bbone-one\u00a0\u00bb single_overlay_color=\u00a0\u00bbcolor-jevc\u00a0\u00bb single_overlay_coloration=\u00a0\u00bbbottom_gradient\u00a0\u00bb single_overlay_opacity=\u00a0\u00bb50&Prime; single_overlay_visible=\u00a0\u00bbyes\u00a0\u00bb single_text_visible=\u00a0\u00bbyes\u00a0\u00bb single_text_anim=\u00a0\u00bbno\u00a0\u00bb single_v_position=\u00a0\u00bbbottom\u00a0\u00bb single_reduced=\u00a0\u00bbthree_quarter\u00a0\u00bb single_padding=\u00a0\u00bb2&Prime; single_title_semantic=\u00a0\u00bbh2&Prime; single_title_dimension=\u00a0\u00bbh2&Prime; single_text_lead=\u00a0\u00bbsmall\u00a0\u00bb single_border=\u00a0\u00bbyes\u00a0\u00bb single_css_animation=\u00a0\u00bbalpha-anim\u00a0\u00bb single_animation_delay=\u00a0\u00bb100&Prime; uncode_shortcode_id=\u00a0\u00bb490863&Prime;][vc_empty_space empty_h=\u00a0\u00bb2&Prime;][uncode_index el_id=\u00a0\u00bbMB-legal&#8212;\u00a0\u00bb isotope_mode=\u00a0\u00bbpackery\u00a0\u00bb loop=\u00a0\u00bbsize:2|order_by:date|order:DESC|post_type:hub|tax_query:208|taxonomy_count:10&Prime; screen_lg=\u00a0\u00bb480&Prime; screen_md=\u00a0\u00bb480&Prime; screen_sm=\u00a0\u00bb480&Prime; gutter_size=\u00a0\u00bb2&Prime; post_items=\u00a0\u00bbmeta|display-icon,title,text|full|200,link|default|small_size| ,media|featured|onpost|original\u00a0\u00bb hub_items=\u00a0\u00bbmedia|featured|onpost|poster,title,text|full|200&Prime; footer_style=\u00a0\u00bbdark\u00a0\u00bb footer_full_width=\u00a0\u00bbyes\u00a0\u00bb single_width=\u00a0\u00bb6&Prime; images_size=\u00a0\u00bbone-one\u00a0\u00bb single_style=\u00a0\u00bbdark\u00a0\u00bb single_back_color=\u00a0\u00bbcolor-jevc\u00a0\u00bb single_overlay_opacity=\u00a0\u00bb1&Prime; single_overlay_anim=\u00a0\u00bbno\u00a0\u00bb single_text_visible=\u00a0\u00bbyes\u00a0\u00bb single_text_anim_type=\u00a0\u00bbbtt\u00a0\u00bb single_h_align_mobile=\u00a0\u00bbleft\u00a0\u00bb single_padding=\u00a0\u00bb1&Prime; single_thumb_hover=\u00a0\u00bbyes\u00a0\u00bb single_title_semantic=\u00a0\u00bbh2&Prime; single_title_dimension=\u00a0\u00bbh3&Prime; single_text_lead=\u00a0\u00bbsmall\u00a0\u00bb single_border=\u00a0\u00bbyes\u00a0\u00bb single_css_animation=\u00a0\u00bbbottom-t-top\u00a0\u00bb uncode_shortcode_id=\u00a0\u00bb109126&Prime; offset=\u00a0\u00bb1&Prime; el_class=\u00a0\u00bbhub-posts-1&Prime;][vc_empty_space empty_h=\u00a0\u00bb1&Prime;][vc_button radius=\u00a0\u00bbbtn-round\u00a0\u00bb wide=\u00a0\u00bbyes\u00a0\u00bb hover_fx=\u00a0\u00bboutlined\u00a0\u00bb outline=\u00a0\u00bbyes\u00a0\u00bb text_skin=\u00a0\u00bbyes\u00a0\u00bb custom_typo=\u00a0\u00bbyes\u00a0\u00bb font_family=\u00a0\u00bbfont-412429&Prime; font_weight=\u00a0\u00bb100&Prime; text_transform=\u00a0\u00bbuppercase\u00a0\u00bb letter_spacing=\u00a0\u00bbfontspace-108263&Prime; border_width=\u00a0\u00bb0&Prime; scale_mobile=\u00a0\u00bbno\u00a0\u00bb link=\u00a0\u00bburl:https%3A%2F%2Fmusikabulegoa.eus\/hub%2Flegal-hub%2F|title:HUB-Legal%2FFiscal\u00a0\u00bb uncode_shortcode_id=\u00a0\u00bb670808&Prime; el_class=\u00a0\u00bbhub-1-button\u00a0\u00bb]<span class=\"ES\">Mas sobre Legal \/ Fiscal<\/span><span class=\"EU\">Arlo Legalari \/ Fiskalari buruzko informazio gehiago<\/span><span class=\"EN\">More on Legal \/ Fiscal<\/span><span class=\"FR\">L\u00e9gal \/ Fiscal<\/span>[\/vc_button][vc_empty_space empty_h=\u00a0\u00bb2&Prime;][\/vc_column][vc_column column_width_percent=\u00a0\u00bb100&Prime; position_horizontal=\u00a0\u00bbleft\u00a0\u00bb gutter_size=\u00a0\u00bb0&Prime; override_padding=\u00a0\u00bbyes\u00a0\u00bb column_padding=\u00a0\u00bb0&Prime; style=\u00a0\u00bbdark\u00a0\u00bb overlay_alpha=\u00a0\u00bb50&Prime; shift_x=\u00a0\u00bb0&Prime; shift_y=\u00a0\u00bb0&Prime; shift_y_down=\u00a0\u00bb0&Prime; z_index=\u00a0\u00bb0&Prime; medium_width=\u00a0\u00bb0&Prime; mobile_width=\u00a0\u00bb0&Prime; width=\u00a0\u00bb1\/2&Prime; uncode_shortcode_id=\u00a0\u00bb161273&Prime; el_class=\u00a0\u00bbhub-2&Prime;][vc_custom_heading text_color=\u00a0\u00bbcolor-157627&Prime; text_size=\u00a0\u00bbfontsize-739966&Prime; text_weight=\u00a0\u00bb400&Prime; css_animation=\u00a0\u00bbalpha-anim\u00a0\u00bb uncode_shortcode_id=\u00a0\u00bb515428&Prime; text_color_type=\u00a0\u00bbuncode-palette\u00a0\u00bb]<span class=\"ES\">Propiedad intelectual<\/span><span class=\"EU\">Jabetza intelektuala<\/span><span class=\"EN\">Intellectual property<\/span><span class=\"FR\">Propri\u00e9t\u00e9 intellectuelle<\/span>[\/vc_custom_heading][vc_empty_space empty_h=\u00a0\u00bb2&Prime;][uncode_index el_id=\u00a0\u00bbindex-163474-propiedad\u00a0\u00bb index_type=\u00a0\u00bbcss_grid\u00a0\u00bb loop=\u00a0\u00bbsize:6|order_by:date|post_type:hub|tax_query:209|taxonomy_count:10&Prime; grid_items=\u00a0\u00bb1&Prime; screen_lg_items=\u00a0\u00bb1&Prime; screen_lg_breakpoint=\u00a0\u00bb1000&Prime; screen_md_items=\u00a0\u00bb1&Prime; screen_md_breakpoint=\u00a0\u00bb600&Prime; screen_sm_items=\u00a0\u00bb1&Prime; screen_sm_breakpoint=\u00a0\u00bb480&Prime; gutter_size=\u00a0\u00bb2&Prime; css_grid_equal_height=\u00a0\u00bbyes\u00a0\u00bb hub_items=\u00a0\u00bbtitle,link|default|default_size|scale_mobile,media|featured|onpost|poster\u00a0\u00bb single_text=\u00a0\u00bblateral\u00a0\u00bb css_grid_images_size=\u00a0\u00bbone-one\u00a0\u00bb single_image_position=\u00a0\u00bbright\u00a0\u00bb single_image_size=\u00a0\u00bb4&Prime; single_back_color=\u00a0\u00bbcolor-xsdn\u00a0\u00bb single_shape=\u00a0\u00bbround\u00a0\u00bb single_overlay_opacity=\u00a0\u00bb50&Prime; single_overlay_anim=\u00a0\u00bbno\u00a0\u00bb single_text_visible=\u00a0\u00bbyes\u00a0\u00bb single_padding=\u00a0\u00bb2&Prime; single_text_reduced=\u00a0\u00bbyes\u00a0\u00bb single_title_semantic=\u00a0\u00bbh2&Prime; single_title_dimension=\u00a0\u00bbfontsize-445851&Prime; single_border=\u00a0\u00bbyes\u00a0\u00bb single_css_animation=\u00a0\u00bbalpha-anim\u00a0\u00bb single_animation_delay=\u00a0\u00bb100&Prime; uncode_shortcode_id=\u00a0\u00bb192655&Prime; el_class=\u00a0\u00bbonlytitleposts\u00a0\u00bb][vc_empty_space empty_h=\u00a0\u00bb1&Prime;][vc_button radius=\u00a0\u00bbbtn-round\u00a0\u00bb wide=\u00a0\u00bbyes\u00a0\u00bb hover_fx=\u00a0\u00bboutlined\u00a0\u00bb outline=\u00a0\u00bbyes\u00a0\u00bb text_skin=\u00a0\u00bbyes\u00a0\u00bb custom_typo=\u00a0\u00bbyes\u00a0\u00bb font_family=\u00a0\u00bbfont-412429&Prime; font_weight=\u00a0\u00bb100&Prime; text_transform=\u00a0\u00bbuppercase\u00a0\u00bb letter_spacing=\u00a0\u00bbfontspace-108263&Prime; border_width=\u00a0\u00bb0&Prime; scale_mobile=\u00a0\u00bbno\u00a0\u00bb link=\u00a0\u00bburl:https%3A%2F%2Fmusikabulegoa.eus\/hub%2Fpropiedad-hub%2F\u00a0\u00bb uncode_shortcode_id=\u00a0\u00bb149427&Prime;]<span class=\"ES\">M\u00e1s sobre Propiedad intelectual<\/span><span class=\"EU\">Jabetza intelektualari buruzko informazio gehiago<\/span><span class=\"EN\">More on Intellectual Property<\/span><span class=\"FR\">En savoir plus sur Propri\u00e9t\u00e9 intellectuelle<\/span>[\/vc_button][vc_empty_space empty_h=\u00a0\u00bb1&Prime;][\/vc_column][\/vc_row][vc_row row_height_percent=\u00a0\u00bb0&Prime; override_padding=\u00a0\u00bbyes\u00a0\u00bb h_padding=\u00a0\u00bb2&Prime; top_padding=\u00a0\u00bb2&Prime; bottom_padding=\u00a0\u00bb3&Prime; overlay_alpha=\u00a0\u00bb50&Prime; equal_height=\u00a0\u00bbyes\u00a0\u00bb gutter_size=\u00a0\u00bb2&Prime; column_width_percent=\u00a0\u00bb100&Prime; shift_y=\u00a0\u00bb0&Prime; z_index=\u00a0\u00bb0&Prime; uncode_shortcode_id=\u00a0\u00bb187583&Prime; el_class=\u00a0\u00bbsubv\u00a0\u00bb][vc_column column_width_percent=\u00a0\u00bb100&Prime; gutter_size=\u00a0\u00bb0&Prime; style=\u00a0\u00bbdark\u00a0\u00bb overlay_alpha=\u00a0\u00bb50&Prime; shift_x=\u00a0\u00bb0&Prime; shift_y=\u00a0\u00bb0&Prime; shift_y_down=\u00a0\u00bb0&Prime; z_index=\u00a0\u00bb0&Prime; medium_width=\u00a0\u00bb0&Prime; mobile_width=\u00a0\u00bb0&Prime; width=\u00a0\u00bb1\/4&Prime; uncode_shortcode_id=\u00a0\u00bb955336&Prime;][vc_custom_heading text_color=\u00a0\u00bbcolor-157627&Prime; text_size=\u00a0\u00bbfontsize-739966&Prime; text_weight=\u00a0\u00bb400&Prime; uncode_shortcode_id=\u00a0\u00bb645484&Prime; text_color_type=\u00a0\u00bbuncode-palette\u00a0\u00bb]<span class=\"ES\">Subvenciones<\/span><span class=\"EU\">Dirulaguntzak<\/span><span class=\"EN\">Subsidies<\/span><span class=\"FR\">Subventions<\/span>[\/vc_custom_heading][vc_column_text uncode_shortcode_id=\u00a0\u00bb621688&Prime;]<span class=\"ES\">Aqu\u00ed encontrar\u00e1s ayuda para conseguir tus objetivos<\/span><span class=\"EU\">Zure helburuak lortzeko laguntza aurkituko dituzu hemen<\/span><span class=\"EN\">Here you will find help to achieve your goals<\/span><span class=\"FR\">Ici, vous trouverez de l&rsquo;aide pour atteindre vos objectifs<\/span>[\/vc_column_text][\/vc_column][vc_column column_width_percent=\u00a0\u00bb100&Prime; gutter_size=\u00a0\u00bb2&Prime; style=\u00a0\u00bbdark\u00a0\u00bb overlay_alpha=\u00a0\u00bb50&Prime; shift_x=\u00a0\u00bb0&Prime; shift_y=\u00a0\u00bb0&Prime; shift_y_down=\u00a0\u00bb0&Prime; z_index=\u00a0\u00bb0&Prime; medium_width=\u00a0\u00bb0&Prime; mobile_width=\u00a0\u00bb0&Prime; width=\u00a0\u00bb3\/4&Prime; uncode_shortcode_id=\u00a0\u00bb241074&Prime; el_class=\u00a0\u00bbhub-3&Prime;][uncode_index el_id=\u00a0\u00bbindex-163474-sub\u00a0\u00bb index_type=\u00a0\u00bbcss_grid\u00a0\u00bb loop=\u00a0\u00bbsize:6|order_by:date|post_type:hub|tax_query:210|taxonomy_count:10&Prime; grid_items=\u00a0\u00bb2&Prime; screen_lg_items=\u00a0\u00bb2&Prime; screen_lg_breakpoint=\u00a0\u00bb600&Prime; screen_md_items=\u00a0\u00bb2&Prime; screen_md_breakpoint=\u00a0\u00bb600&Prime; screen_sm_items=\u00a0\u00bb1&Prime; screen_sm_breakpoint=\u00a0\u00bb480&Prime; gutter_size=\u00a0\u00bb1&Prime; css_grid_equal_height=\u00a0\u00bbyes\u00a0\u00bb hub_items=\u00a0\u00bbtitle,link|default|small_size|scale_mobile\u00a0\u00bb css_grid_images_size=\u00a0\u00bbone-one\u00a0\u00bb single_style=\u00a0\u00bbdark\u00a0\u00bb single_back_color=\u00a0\u00bbcolor-157627&Prime; single_shape=\u00a0\u00bbround\u00a0\u00bb single_overlay_opacity=\u00a0\u00bb50&Prime; single_text_visible=\u00a0\u00bbyes\u00a0\u00bb single_image_coloration=\u00a0\u00bbdesaturated\u00a0\u00bb single_padding=\u00a0\u00bb2&Prime; single_thumb_hover=\u00a0\u00bbyes\u00a0\u00bb single_title_semantic=\u00a0\u00bbh2&Prime; single_title_dimension=\u00a0\u00bbh3&Prime; single_border=\u00a0\u00bbyes\u00a0\u00bb single_css_animation=\u00a0\u00bbalpha-anim\u00a0\u00bb single_animation_delay=\u00a0\u00bb100&Prime; uncode_shortcode_id=\u00a0\u00bb907725&Prime; el_class=\u00a0\u00bbonlytitleposts\u00a0\u00bb][vc_button radius=\u00a0\u00bbbtn-round\u00a0\u00bb wide=\u00a0\u00bbyes\u00a0\u00bb hover_fx=\u00a0\u00bboutlined\u00a0\u00bb outline=\u00a0\u00bbyes\u00a0\u00bb text_skin=\u00a0\u00bbyes\u00a0\u00bb custom_typo=\u00a0\u00bbyes\u00a0\u00bb font_family=\u00a0\u00bbfont-412429&Prime; font_weight=\u00a0\u00bb100&Prime; text_transform=\u00a0\u00bbuppercase\u00a0\u00bb letter_spacing=\u00a0\u00bbfontspace-108263&Prime; border_width=\u00a0\u00bb0&Prime; scale_mobile=\u00a0\u00bbno\u00a0\u00bb link=\u00a0\u00bburl:https%3A%2F%2Fmusikabulegoa.eus\/hub%2Fsubvenciones-hub%2F\u00a0\u00bb uncode_shortcode_id=\u00a0\u00bb485071&Prime;]<span class=\"ES\">M\u00e1s sobre Subvenciones<\/span><span class=\"EU\">Dirulaguntzei buruzko informazio gehiago<\/span><span class=\"EN\">More on Subsidies<\/span><span class=\"FR\">En savoir plus sur Subventions<\/span>[\/vc_button][\/vc_column][\/vc_row]<\/p>\n<\/div>","protected":false},"excerpt":{"rendered":"<p>[vc_row unlock_row_content=\u00a0\u00bbyes\u00a0\u00bb row_height_percent=\u00a0\u00bb0&Prime; overlay_alpha=\u00a0\u00bb50&Prime; gutter_size=\u00a0\u00bb3&Prime; column_width_percent=\u00a0\u00bb100&Prime; shift_y=\u00a0\u00bb0&Prime; z_index=\u00a0\u00bb0&Prime; uncode_shortcode_id=\u00a0\u00bb148784&Prime;][vc_column width=\u00a0\u00bb1\/1&Prime;][uncode_block id=\u00a0\u00bb87150&Prime;][\/vc_column][\/vc_row][vc_row row_height_percent=\u00a0\u00bb0&Prime; override_padding=\u00a0\u00bbyes\u00a0\u00bb h_padding=\u00a0\u00bb2&Prime; top_padding=\u00a0\u00bb2&Prime; bottom_padding=\u00a0\u00bb2&Prime; overlay_alpha=\u00a0\u00bb50&Prime; equal_height=\u00a0\u00bbyes\u00a0\u00bb gutter_size=\u00a0\u00bb3&Prime; column_width_percent=\u00a0\u00bb100&Prime; [&hellip;]<\/p>\n","protected":false},"author":1,"featured_media":93308,"parent":0,"menu_order":0,"comment_status":"closed","ping_status":"closed","template":"","meta":{"_acf_changed":false,"_monsterinsights_skip_tracking":false,"_monsterinsights_sitenote_active":false,"_monsterinsights_sitenote_note":"","_monsterinsights_sitenote_category":0,"footnotes":""},"tags":[],"class_list":["post-92329","page","type-page","status-publish","has-post-thumbnail","hentry"],"acf":[],"yoast_head":"<!-- This site is optimized with the Yoast SEO plugin v24.0 - https:\/\/yoast.com\/wordpress\/plugins\/seo\/ -->\n<title>HUB - Musika Bulegoa<\/title>\n<meta name=\"description\" content=\"Euskal Herriko musika-ekosistemarentzako ezagutza-espazioa \/ Espacio de conocimiento para el ecosistema musical de Euskadi\" \/>\n<meta name=\"robots\" content=\"index, follow, max-snippet:-1, max-image-preview:large, max-video-preview:-1\" \/>\n<link rel=\"canonical\" href=\"https:\/\/musikabulegoa.eus\/hub\/fr\/\" \/>\n<meta property=\"og:locale\" content=\"fr_FR\" \/>\n<meta property=\"og:type\" content=\"article\" \/>\n<meta property=\"og:title\" content=\"HUB - Musika Bulegoa\" \/>\n<meta property=\"og:description\" content=\"Euskal Herriko musika-ekosistemarentzako ezagutza-espazioa \/ Espacio de conocimiento para el ecosistema musical de Euskadi\" \/>\n<meta property=\"og:url\" content=\"https:\/\/musikabulegoa.eus\/hub\/fr\/\" \/>\n<meta property=\"og:site_name\" content=\"Musika Bulegoa\" \/>\n<meta property=\"article:modified_time\" content=\"2024-05-12T10:26:14+00:00\" \/>\n<meta property=\"og:image\" content=\"https:\/\/musikabulegoa.eus\/hub\/wp-content\/uploads\/2023\/03\/hub2.png\" \/>\n\t<meta property=\"og:image:width\" content=\"800\" \/>\n\t<meta property=\"og:image:height\" content=\"800\" \/>\n\t<meta property=\"og:image:type\" content=\"image\/png\" \/>\n<meta name=\"twitter:card\" content=\"summary_large_image\" \/>\n<meta name=\"twitter:label1\" content=\"Dur\u00e9e de lecture estim\u00e9e\" \/>\n\t<meta name=\"twitter:data1\" content=\"6 minutes\" \/>\n<script type=\"application\/ld+json\" class=\"yoast-schema-graph\">{\"@context\":\"https:\/\/schema.org\",\"@graph\":[{\"@type\":\"WebPage\",\"@id\":\"https:\/\/musikabulegoa.eus\/hub\/fr\/\",\"url\":\"https:\/\/musikabulegoa.eus\/hub\/fr\/\",\"name\":\"HUB - Musika Bulegoa\",\"isPartOf\":{\"@id\":\"https:\/\/musikabulegoa.eus\/hub\/fr\/#website\"},\"primaryImageOfPage\":{\"@id\":\"https:\/\/musikabulegoa.eus\/hub\/fr\/#primaryimage\"},\"image\":{\"@id\":\"https:\/\/musikabulegoa.eus\/hub\/fr\/#primaryimage\"},\"thumbnailUrl\":\"https:\/\/musikabulegoa.eus\/hub\/wp-content\/uploads\/2023\/03\/hub2.png\",\"datePublished\":\"2024-04-05T14:23:20+00:00\",\"dateModified\":\"2024-05-12T10:26:14+00:00\",\"description\":\"Euskal Herriko musika-ekosistemarentzako ezagutza-espazioa \/ Espacio de conocimiento para el ecosistema musical de Euskadi\",\"breadcrumb\":{\"@id\":\"https:\/\/musikabulegoa.eus\/hub\/fr\/#breadcrumb\"},\"inLanguage\":\"fr-FR\",\"potentialAction\":[{\"@type\":\"ReadAction\",\"target\":[\"https:\/\/musikabulegoa.eus\/hub\/fr\/\"]}]},{\"@type\":\"ImageObject\",\"inLanguage\":\"fr-FR\",\"@id\":\"https:\/\/musikabulegoa.eus\/hub\/fr\/#primaryimage\",\"url\":\"https:\/\/musikabulegoa.eus\/hub\/wp-content\/uploads\/2023\/03\/hub2.png\",\"contentUrl\":\"https:\/\/musikabulegoa.eus\/hub\/wp-content\/uploads\/2023\/03\/hub2.png\",\"width\":800,\"height\":800},{\"@type\":\"BreadcrumbList\",\"@id\":\"https:\/\/musikabulegoa.eus\/hub\/fr\/#breadcrumb\",\"itemListElement\":[{\"@type\":\"ListItem\",\"position\":1,\"name\":\"Portada\",\"item\":\"https:\/\/musikabulegoa.eus\/hub\/fr\/hub\/\"},{\"@type\":\"ListItem\",\"position\":2,\"name\":\"HUB\"}]},{\"@type\":\"WebSite\",\"@id\":\"https:\/\/musikabulegoa.eus\/hub\/fr\/#website\",\"url\":\"https:\/\/musikabulegoa.eus\/hub\/fr\/\",\"name\":\"Musika Bulegoa\",\"description\":\"La Oficina de la M\u00fasica de Euskal Herria\",\"potentialAction\":[{\"@type\":\"SearchAction\",\"target\":{\"@type\":\"EntryPoint\",\"urlTemplate\":\"https:\/\/musikabulegoa.eus\/hub\/fr\/?s={search_term_string}\"},\"query-input\":{\"@type\":\"PropertyValueSpecification\",\"valueRequired\":true,\"valueName\":\"search_term_string\"}}],\"inLanguage\":\"fr-FR\"}]}<\/script>\n<!-- \/ Yoast SEO plugin. -->","yoast_head_json":{"title":"HUB - Musika Bulegoa","description":"Euskal Herriko musika-ekosistemarentzako ezagutza-espazioa \/ Espacio de conocimiento para el ecosistema musical de Euskadi","robots":{"index":"index","follow":"follow","max-snippet":"max-snippet:-1","max-image-preview":"max-image-preview:large","max-video-preview":"max-video-preview:-1"},"canonical":"https:\/\/musikabulegoa.eus\/hub\/fr\/","og_locale":"fr_FR","og_type":"article","og_title":"HUB - Musika Bulegoa","og_description":"Euskal Herriko musika-ekosistemarentzako ezagutza-espazioa \/ Espacio de conocimiento para el ecosistema musical de Euskadi","og_url":"https:\/\/musikabulegoa.eus\/hub\/fr\/","og_site_name":"Musika Bulegoa","article_modified_time":"2024-05-12T10:26:14+00:00","og_image":[{"width":800,"height":800,"url":"https:\/\/musikabulegoa.eus\/hub\/wp-content\/uploads\/2023\/03\/hub2.png","type":"image\/png"}],"twitter_card":"summary_large_image","twitter_misc":{"Dur\u00e9e de lecture estim\u00e9e":"6 minutes"},"schema":{"@context":"https:\/\/schema.org","@graph":[{"@type":"WebPage","@id":"https:\/\/musikabulegoa.eus\/hub\/fr\/","url":"https:\/\/musikabulegoa.eus\/hub\/fr\/","name":"HUB - Musika Bulegoa","isPartOf":{"@id":"https:\/\/musikabulegoa.eus\/hub\/fr\/#website"},"primaryImageOfPage":{"@id":"https:\/\/musikabulegoa.eus\/hub\/fr\/#primaryimage"},"image":{"@id":"https:\/\/musikabulegoa.eus\/hub\/fr\/#primaryimage"},"thumbnailUrl":"https:\/\/musikabulegoa.eus\/hub\/wp-content\/uploads\/2023\/03\/hub2.png","datePublished":"2024-04-05T14:23:20+00:00","dateModified":"2024-05-12T10:26:14+00:00","description":"Euskal Herriko musika-ekosistemarentzako ezagutza-espazioa \/ Espacio de conocimiento para el ecosistema musical de Euskadi","breadcrumb":{"@id":"https:\/\/musikabulegoa.eus\/hub\/fr\/#breadcrumb"},"inLanguage":"fr-FR","potentialAction":[{"@type":"ReadAction","target":["https:\/\/musikabulegoa.eus\/hub\/fr\/"]}]},{"@type":"ImageObject","inLanguage":"fr-FR","@id":"https:\/\/musikabulegoa.eus\/hub\/fr\/#primaryimage","url":"https:\/\/musikabulegoa.eus\/hub\/wp-content\/uploads\/2023\/03\/hub2.png","contentUrl":"https:\/\/musikabulegoa.eus\/hub\/wp-content\/uploads\/2023\/03\/hub2.png","width":800,"height":800},{"@type":"BreadcrumbList","@id":"https:\/\/musikabulegoa.eus\/hub\/fr\/#breadcrumb","itemListElement":[{"@type":"ListItem","position":1,"name":"Portada","item":"https:\/\/musikabulegoa.eus\/hub\/fr\/hub\/"},{"@type":"ListItem","position":2,"name":"HUB"}]},{"@type":"WebSite","@id":"https:\/\/musikabulegoa.eus\/hub\/fr\/#website","url":"https:\/\/musikabulegoa.eus\/hub\/fr\/","name":"Musika Bulegoa","description":"La Oficina de la M\u00fasica de Euskal Herria","potentialAction":[{"@type":"SearchAction","target":{"@type":"EntryPoint","urlTemplate":"https:\/\/musikabulegoa.eus\/hub\/fr\/?s={search_term_string}"},"query-input":{"@type":"PropertyValueSpecification","valueRequired":true,"valueName":"search_term_string"}}],"inLanguage":"fr-FR"}]}},"_links":{"self":[{"href":"https:\/\/musikabulegoa.eus\/hub\/fr\/wp-json\/wp\/v2\/pages\/92329","targetHints":{"allow":["GET"]}}],"collection":[{"href":"https:\/\/musikabulegoa.eus\/hub\/fr\/wp-json\/wp\/v2\/pages"}],"about":[{"href":"https:\/\/musikabulegoa.eus\/hub\/fr\/wp-json\/wp\/v2\/types\/page"}],"author":[{"embeddable":true,"href":"https:\/\/musikabulegoa.eus\/hub\/fr\/wp-json\/wp\/v2\/users\/1"}],"replies":[{"embeddable":true,"href":"https:\/\/musikabulegoa.eus\/hub\/fr\/wp-json\/wp\/v2\/comments?post=92329"}],"version-history":[{"count":13,"href":"https:\/\/musikabulegoa.eus\/hub\/fr\/wp-json\/wp\/v2\/pages\/92329\/revisions"}],"predecessor-version":[{"id":102029,"href":"https:\/\/musikabulegoa.eus\/hub\/fr\/wp-json\/wp\/v2\/pages\/92329\/revisions\/102029"}],"wp:featuredmedia":[{"embeddable":true,"href":"https:\/\/musikabulegoa.eus\/hub\/fr\/wp-json\/wp\/v2\/media\/93308"}],"wp:attachment":[{"href":"https:\/\/musikabulegoa.eus\/hub\/fr\/wp-json\/wp\/v2\/media?parent=92329"}],"wp:term":[{"taxonomy":"post_tag","embeddable":true,"href":"https:\/\/musikabulegoa.eus\/hub\/fr\/wp-json\/wp\/v2\/tags?post=92329"}],"curies":[{"name":"wp","href":"https:\/\/api.w.org\/{rel}","templated":true}]}}