{"id":92350,"date":"2020-03-21T12:18:41","date_gmt":"2020-03-21T11:18:41","guid":{"rendered":"https:\/\/musikabulegoa.eus\/hub\/mb\/asesoria\/"},"modified":"2024-06-06T17:10:18","modified_gmt":"2024-06-06T15:10:18","slug":"conseils","status":"publish","type":"page","link":"https:\/\/musikabulegoa.eus\/hub\/fr\/mb\/conseils\/","title":{"rendered":"Conseils"},"content":{"rendered":"<div class=\"wpb-content-wrapper\"><p>[vc_row row_height_percent=\u00a0\u00bb0&Prime; override_padding=\u00a0\u00bbyes\u00a0\u00bb h_padding=\u00a0\u00bb2&Prime; top_padding=\u00a0\u00bb4&Prime; bottom_padding=\u00a0\u00bb2&Prime; back_color=\u00a0\u00bbcolor-651503&Prime; overlay_alpha=\u00a0\u00bb50&Prime; gutter_size=\u00a0\u00bb3&Prime; column_width_percent=\u00a0\u00bb100&Prime; shift_y=\u00a0\u00bb0&Prime; z_index=\u00a0\u00bb0&Prime; enable_top_divider=\u00a0\u00bbdefault\u00a0\u00bb top_divider=\u00a0\u00bbtilt\u00a0\u00bb shape_top_h_use_pixel=\u00a0\u00bb\u00a0\u00bb shape_top_height=\u00a0\u00bb120&Prime; shape_top_color=\u00a0\u00bbcolor-jevc\u00a0\u00bb shape_top_opacity=\u00a0\u00bb100&Prime; shape_top_index=\u00a0\u00bb0&Prime; bwd_tbc4vd_show_weekday=\u00a0\u00bb\u00a0\u00bb uncode_shortcode_id=\u00a0\u00bb578503&Prime; shape_top_color_type=\u00a0\u00bbuncode-palette\u00a0\u00bb back_color_type=\u00a0\u00bbuncode-palette\u00a0\u00bb][vc_column column_width_percent=\u00a0\u00bb100&Prime; gutter_size=\u00a0\u00bb2&Prime; overlay_alpha=\u00a0\u00bb50&Prime; shift_x=\u00a0\u00bb0&Prime; shift_y=\u00a0\u00bb0&Prime; shift_y_down=\u00a0\u00bb0&Prime; z_index=\u00a0\u00bb0&Prime; medium_width=\u00a0\u00bb0&Prime; align_mobile=\u00a0\u00bbalign_center_mobile\u00a0\u00bb mobile_width=\u00a0\u00bb0&Prime; css_animation=\u00a0\u00bbalpha-anim\u00a0\u00bb width=\u00a0\u00bb1\/1&Prime; uncode_shortcode_id=\u00a0\u00bb171209&Prime;][vc_custom_heading text_color=\u00a0\u00bbamrillo-contraste\u00a0\u00bb heading_semantic=\u00a0\u00bbh1&Prime; text_size=\u00a0\u00bbh1&Prime; uncode_shortcode_id=\u00a0\u00bb782770&Prime; text_color_type=\u00a0\u00bbuncode-palette\u00a0\u00bb]Conseils[\/vc_custom_heading][vc_column_text uncode_shortcode_id=\u00a0\u00bb125090&Prime;]<\/p>\n<p style=\"font-weight: 400;\">Musika Bulegoa met \u00e0 la disposition de ses partenaires un service de conseils englobant diff\u00e9rents domaines.<\/p>\n<p>[\/vc_column_text][\/vc_column][\/vc_row][vc_row row_height_percent=\u00a0\u00bb0&Prime; override_padding=\u00a0\u00bbyes\u00a0\u00bb h_padding=\u00a0\u00bb2&Prime; top_padding=\u00a0\u00bb0&Prime; bottom_padding=\u00a0\u00bb0&Prime; back_color=\u00a0\u00bbcolor-651503&Prime; overlay_alpha=\u00a0\u00bb50&Prime; equal_height=\u00a0\u00bbyes\u00a0\u00bb gutter_size=\u00a0\u00bb0&Prime; column_width_percent=\u00a0\u00bb100&Prime; shift_y=\u00a0\u00bb0&Prime; z_index=\u00a0\u00bb0&Prime; bwd_tbc4vd_show_weekday=\u00a0\u00bb\u00a0\u00bb uncode_shortcode_id=\u00a0\u00bb146223&Prime; el_class=\u00a0\u00bbasesoria\u00a0\u00bb row_height_pixel=\u00a0\u00bb423px\u00a0\u00bb back_color_type=\u00a0\u00bbuncode-palette\u00a0\u00bb][vc_column column_width_percent=\u00a0\u00bb100&Prime; position_vertical=\u00a0\u00bbmiddle\u00a0\u00bb gutter_size=\u00a0\u00bb3&Prime; override_padding=\u00a0\u00bbyes\u00a0\u00bb column_padding=\u00a0\u00bb3&Prime; back_image=\u00a0\u00bb91450&Prime; back_position=\u00a0\u00bbcenter center\u00a0\u00bb overlay_alpha=\u00a0\u00bb50&Prime; shift_x=\u00a0\u00bb0&Prime; shift_y=\u00a0\u00bb0&Prime; shift_y_down=\u00a0\u00bb0&Prime; z_index=\u00a0\u00bb3&Prime; medium_width=\u00a0\u00bb4&Prime; mobile_width=\u00a0\u00bb0&Prime; css_animation=\u00a0\u00bbalpha-anim\u00a0\u00bb width=\u00a0\u00bb1\/2&Prime; uncode_shortcode_id=\u00a0\u00bb585409&Prime; el_class=\u00a0\u00bbase-img\u00a0\u00bb back_size=\u00a0\u00bbcover\u00a0\u00bb][vc_single_image media=\u00a0\u00bb88490&Prime; media_width_use_pixel=\u00a0\u00bbyes\u00a0\u00bb uncode_shortcode_id=\u00a0\u00bb209055&Prime; media_width_pixel=\u00a0\u00bb340&Prime;][\/vc_column][vc_column column_width_percent=\u00a0\u00bb100&Prime; position_vertical=\u00a0\u00bbmiddle\u00a0\u00bb gutter_size=\u00a0\u00bb2&Prime; override_padding=\u00a0\u00bbyes\u00a0\u00bb column_padding=\u00a0\u00bb3&Prime; back_color=\u00a0\u00bbcolor-lxmt\u00a0\u00bb overlay_alpha=\u00a0\u00bb50&Prime; shift_x=\u00a0\u00bb0&Prime; shift_y=\u00a0\u00bb0&Prime; shift_y_down=\u00a0\u00bb0&Prime; z_index=\u00a0\u00bb4&Prime; medium_width=\u00a0\u00bb4&Prime; align_mobile=\u00a0\u00bbalign_center_mobile\u00a0\u00bb mobile_width=\u00a0\u00bb0&Prime; css_animation=\u00a0\u00bbalpha-anim\u00a0\u00bb animation_delay=\u00a0\u00bb200&Prime; width=\u00a0\u00bb1\/2&Prime; uncode_shortcode_id=\u00a0\u00bb534959&Prime; back_color_type=\u00a0\u00bbuncode-palette\u00a0\u00bb][vc_custom_heading text_color=\u00a0\u00bbcolor-jevc\u00a0\u00bb heading_semantic=\u00a0\u00bbh3&Prime; text_size=\u00a0\u00bbh3&Prime; uncode_shortcode_id=\u00a0\u00bb129761&Prime; text_color_type=\u00a0\u00bbuncode-palette\u00a0\u00bb]Sant\u00e9 mentale[\/vc_custom_heading][vc_column_text uncode_shortcode_id=\u00a0\u00bb183228&Prime;]Sous l\u2019\u00e9gide de la psychologue sp\u00e9cialis\u00e9e Rosana Corbacho, des techniques psychologiques seront mises en pratique lors de ces s\u00e9ances pour pr\u00e9venir et traiter les troubles habituels (anxi\u00e9t\u00e9, stress, burnout, blocages cr\u00e9atifs&#8230;). L&rsquo;objectif est d\u2019am\u00e9liorer la qualit\u00e9 de vie et l\u2019\u00e9quilibre des artistes et professionnels de la musique.[\/vc_column_text][\/vc_column][\/vc_row][vc_row row_height_percent=\u00a0\u00bb0&Prime; override_padding=\u00a0\u00bbyes\u00a0\u00bb h_padding=\u00a0\u00bb2&Prime; top_padding=\u00a0\u00bb0&Prime; bottom_padding=\u00a0\u00bb0&Prime; back_color=\u00a0\u00bbcolor-651503&Prime; overlay_alpha=\u00a0\u00bb50&Prime; equal_height=\u00a0\u00bbyes\u00a0\u00bb gutter_size=\u00a0\u00bb0&Prime; column_width_percent=\u00a0\u00bb100&Prime; shift_y=\u00a0\u00bb0&Prime; z_index=\u00a0\u00bb0&Prime; bottom_divider=\u00a0\u00bbtilt\u00a0\u00bb inverted_device_order=\u00a0\u00bbyes\u00a0\u00bb bwd_tbc4vd_show_weekday=\u00a0\u00bb\u00a0\u00bb uncode_shortcode_id=\u00a0\u00bb556154&Prime; el_class=\u00a0\u00bbasesoria\u00a0\u00bb row_height_pixel=\u00a0\u00bb423px\u00a0\u00bb back_color_type=\u00a0\u00bbuncode-palette\u00a0\u00bb][vc_column column_width_percent=\u00a0\u00bb100&Prime; position_vertical=\u00a0\u00bbmiddle\u00a0\u00bb gutter_size=\u00a0\u00bb2&Prime; override_padding=\u00a0\u00bbyes\u00a0\u00bb column_padding=\u00a0\u00bb3&Prime; back_color=\u00a0\u00bbcolor-lxmt\u00a0\u00bb overlay_alpha=\u00a0\u00bb50&Prime; shift_x=\u00a0\u00bb0&Prime; shift_y=\u00a0\u00bb0&Prime; shift_y_down=\u00a0\u00bb0&Prime; z_index=\u00a0\u00bb3&Prime; medium_width=\u00a0\u00bb4&Prime; align_mobile=\u00a0\u00bbalign_center_mobile\u00a0\u00bb mobile_width=\u00a0\u00bb0&Prime; css_animation=\u00a0\u00bbalpha-anim\u00a0\u00bb animation_delay=\u00a0\u00bb400&Prime; width=\u00a0\u00bb1\/2&Prime; uncode_shortcode_id=\u00a0\u00bb210850&Prime; back_color_type=\u00a0\u00bbuncode-palette\u00a0\u00bb][vc_custom_heading text_color=\u00a0\u00bbcolor-jevc\u00a0\u00bb heading_semantic=\u00a0\u00bbh3&Prime; text_size=\u00a0\u00bbh3&Prime; uncode_shortcode_id=\u00a0\u00bb638251&Prime; text_color_type=\u00a0\u00bbuncode-palette\u00a0\u00bb]L\u00e9gal \/ Fiscal \/ Professionnel[\/vc_custom_heading][vc_column_text uncode_shortcode_id=\u00a0\u00bb162350&Prime;]<\/p>\n<p style=\"font-weight: 400;\">Avec la collaboration du cabinet d&rsquo;avocats sp\u00e9cialis\u00e9s Sympathy for the Lawyer, des requ\u00eates pourront \u00eatre effectu\u00e9es sur les diff\u00e9rents sujets : propri\u00e9t\u00e9 intellectuelle, \u00e9dition musicale, gestion collective, contrats discographiques, joint ventures, recrutement d&rsquo;artistes, musique en live, industrie musicale, planification fiscale, ainsi que sur des sujets permettant aux personnes associ\u00e9es de se positionner dans leur secteur, faire du lobby et dialoguer\/n\u00e9gocier avec d&rsquo;autres int\u00e9ress\u00e9s et avec les autorit\u00e9s comp\u00e9tentes.<\/p>\n<p>[\/vc_column_text][\/vc_column][vc_column column_width_percent=\u00a0\u00bb100&Prime; position_vertical=\u00a0\u00bbmiddle\u00a0\u00bb gutter_size=\u00a0\u00bb3&Prime; override_padding=\u00a0\u00bbyes\u00a0\u00bb column_padding=\u00a0\u00bb3&Prime; back_image=\u00a0\u00bb91449&Prime; back_position=\u00a0\u00bbcenter center\u00a0\u00bb overlay_alpha=\u00a0\u00bb50&Prime; shift_x=\u00a0\u00bb0&Prime; shift_y=\u00a0\u00bb0&Prime; shift_y_down=\u00a0\u00bb0&Prime; z_index=\u00a0\u00bb7&Prime; medium_width=\u00a0\u00bb4&Prime; mobile_width=\u00a0\u00bb0&Prime; css_animation=\u00a0\u00bbalpha-anim\u00a0\u00bb animation_delay=\u00a0\u00bb600&Prime; width=\u00a0\u00bb1\/2&Prime; uncode_shortcode_id=\u00a0\u00bb106296&Prime; el_class=\u00a0\u00bbase-img\u00a0\u00bb back_size=\u00a0\u00bbcover\u00a0\u00bb][vc_single_image media=\u00a0\u00bb88490&Prime; media_width_use_pixel=\u00a0\u00bbyes\u00a0\u00bb uncode_shortcode_id=\u00a0\u00bb209055&Prime; media_width_pixel=\u00a0\u00bb340&Prime;][\/vc_column][\/vc_row][vc_row row_height_percent=\u00a0\u00bb0&Prime; override_padding=\u00a0\u00bbyes\u00a0\u00bb h_padding=\u00a0\u00bb2&Prime; top_padding=\u00a0\u00bb0&Prime; bottom_padding=\u00a0\u00bb0&Prime; back_color=\u00a0\u00bbcolor-651503&Prime; overlay_alpha=\u00a0\u00bb50&Prime; equal_height=\u00a0\u00bbyes\u00a0\u00bb gutter_size=\u00a0\u00bb0&Prime; column_width_percent=\u00a0\u00bb100&Prime; shift_y=\u00a0\u00bb0&Prime; z_index=\u00a0\u00bb0&Prime; top_divider=\u00a0\u00bbtilt\u00a0\u00bb bwd_tbc4vd_show_weekday=\u00a0\u00bb\u00a0\u00bb uncode_shortcode_id=\u00a0\u00bb138314&Prime; el_class=\u00a0\u00bbasesoria\u00a0\u00bb row_height_pixel=\u00a0\u00bb423px\u00a0\u00bb back_color_type=\u00a0\u00bbuncode-palette\u00a0\u00bb][vc_column column_width_percent=\u00a0\u00bb100&Prime; position_vertical=\u00a0\u00bbmiddle\u00a0\u00bb gutter_size=\u00a0\u00bb3&Prime; override_padding=\u00a0\u00bbyes\u00a0\u00bb column_padding=\u00a0\u00bb3&Prime; back_image=\u00a0\u00bb91448&Prime; back_position=\u00a0\u00bbcenter center\u00a0\u00bb overlay_alpha=\u00a0\u00bb50&Prime; shift_x=\u00a0\u00bb0&Prime; shift_y=\u00a0\u00bb0&Prime; shift_y_down=\u00a0\u00bb0&Prime; z_index=\u00a0\u00bb10&Prime; medium_width=\u00a0\u00bb4&Prime; mobile_width=\u00a0\u00bb0&Prime; css_animation=\u00a0\u00bbalpha-anim\u00a0\u00bb animation_delay=\u00a0\u00bb800&Prime; width=\u00a0\u00bb1\/2&Prime; uncode_shortcode_id=\u00a0\u00bb159759&Prime; el_class=\u00a0\u00bbase-img\u00a0\u00bb back_size=\u00a0\u00bbcover\u00a0\u00bb][vc_single_image media=\u00a0\u00bb88490&Prime; media_width_use_pixel=\u00a0\u00bbyes\u00a0\u00bb uncode_shortcode_id=\u00a0\u00bb209055&Prime; media_width_pixel=\u00a0\u00bb340&Prime;][\/vc_column][vc_column column_width_percent=\u00a0\u00bb100&Prime; position_vertical=\u00a0\u00bbmiddle\u00a0\u00bb gutter_size=\u00a0\u00bb2&Prime; override_padding=\u00a0\u00bbyes\u00a0\u00bb column_padding=\u00a0\u00bb3&Prime; back_color=\u00a0\u00bbcolor-lxmt\u00a0\u00bb overlay_alpha=\u00a0\u00bb50&Prime; shift_x=\u00a0\u00bb0&Prime; shift_y=\u00a0\u00bb0&Prime; shift_y_down=\u00a0\u00bb0&Prime; z_index=\u00a0\u00bb10&Prime; medium_width=\u00a0\u00bb4&Prime; align_mobile=\u00a0\u00bbalign_center_mobile\u00a0\u00bb mobile_width=\u00a0\u00bb0&Prime; css_animation=\u00a0\u00bbalpha-anim\u00a0\u00bb animation_delay=\u00a0\u00bb1200&Prime; width=\u00a0\u00bb1\/2&Prime; uncode_shortcode_id=\u00a0\u00bb146814&Prime; back_color_type=\u00a0\u00bbuncode-palette\u00a0\u00bb][vc_custom_heading text_color=\u00a0\u00bbcolor-jevc\u00a0\u00bb heading_semantic=\u00a0\u00bbh3&Prime; text_size=\u00a0\u00bbh3&Prime; uncode_shortcode_id=\u00a0\u00bb171601&Prime; text_color_type=\u00a0\u00bbuncode-palette\u00a0\u00bb]Propri\u00e9t\u00e9 intellectuelle[\/vc_custom_heading][vc_column_text uncode_shortcode_id=\u00a0\u00bb723381&Prime;]<\/p>\n<p style=\"font-weight: 400;\">G\u00e9r\u00e9 par l\u2019\u00e9quipe d\u2019Ainara LeGardon, ce service r\u00e9pond aux questions sur la propri\u00e9t\u00e9 intellectuelle et la gestion des droits d&rsquo;auteur : questions sur les contrats discographiques, maisons d\u2019\u00e9dition, entit\u00e9s de gestion collective et toutes les questions li\u00e9es \u00e0 la propri\u00e9t\u00e9 intellectuelle. Les questions sont g\u00e9r\u00e9es de mani\u00e8re personnalis\u00e9e et, selon le contenu et\/ou l&rsquo;urgence, seront trait\u00e9es par t\u00e9l\u00e9phone, e-mail ou r\u00e9union t\u00e9l\u00e9matique.<\/p>\n<p>[\/vc_column_text][\/vc_column][\/vc_row][vc_row row_height_percent=\u00a0\u00bb0&Prime; override_padding=\u00a0\u00bbyes\u00a0\u00bb h_padding=\u00a0\u00bb0&Prime; top_padding=\u00a0\u00bb1&Prime; bottom_padding=\u00a0\u00bb0&Prime; back_color=\u00a0\u00bbcolor-651503&Prime; overlay_alpha=\u00a0\u00bb50&Prime; gutter_size=\u00a0\u00bb3&Prime; column_width_percent=\u00a0\u00bb100&Prime; shift_y=\u00a0\u00bb0&Prime; z_index=\u00a0\u00bb0&Prime; top_divider=\u00a0\u00bbtilt\u00a0\u00bb enable_bottom_divider=\u00a0\u00bbdefault\u00a0\u00bb bottom_divider=\u00a0\u00bbtilt\u00a0\u00bb shape_bottom_h_use_pixel=\u00a0\u00bb\u00a0\u00bb shape_bottom_height=\u00a0\u00bb50&Prime; shape_bottom_color=\u00a0\u00bbcolor-jevc\u00a0\u00bb shape_bottom_opacity=\u00a0\u00bb100&Prime; shape_bottom_index=\u00a0\u00bb0&Prime; uncode_shortcode_id=\u00a0\u00bb181952&Prime; shape_bottom_color_type=\u00a0\u00bbuncode-palette\u00a0\u00bb back_color_type=\u00a0\u00bbuncode-palette\u00a0\u00bb][vc_column column_width_percent=\u00a0\u00bb100&Prime; gutter_size=\u00a0\u00bb3&Prime; override_padding=\u00a0\u00bbyes\u00a0\u00bb column_padding=\u00a0\u00bb3&Prime; overlay_alpha=\u00a0\u00bb50&Prime; shift_x=\u00a0\u00bb0&Prime; shift_y=\u00a0\u00bb0&Prime; shift_y_down=\u00a0\u00bb0&Prime; z_index=\u00a0\u00bb0&Prime; medium_width=\u00a0\u00bb0&Prime; align_mobile=\u00a0\u00bbalign_center_mobile\u00a0\u00bb mobile_width=\u00a0\u00bb0&Prime; css_animation=\u00a0\u00bbbottom-t-top\u00a0\u00bb animation_delay=\u00a0\u00bb100&Prime; width=\u00a0\u00bb1\/1&Prime; uncode_shortcode_id=\u00a0\u00bb517222&Prime;][vc_column_text text_lead=\u00a0\u00bbyes\u00a0\u00bb uncode_shortcode_id=\u00a0\u00bb747330&Prime;]De plus, dans notre <a href=\"https:\/\/musikabulegoa.eus\/hub\/fr\/hub\/\"><strong>HUB<\/strong><\/a>, vous pourrez trouver des guides sp\u00e9cialis\u00e9s et des webinaires sur ces questions et d&rsquo;autres, comme des aides, des subventions, etc.[\/vc_column_text][vc_empty_space empty_h=\u00a0\u00bb2&Prime;][\/vc_column][\/vc_row]<\/p>\n<\/div>","protected":false},"excerpt":{"rendered":"<p>[vc_row row_height_percent=\u00a0\u00bb0&Prime; override_padding=\u00a0\u00bbyes\u00a0\u00bb h_padding=\u00a0\u00bb2&Prime; top_padding=\u00a0\u00bb4&Prime; bottom_padding=\u00a0\u00bb2&Prime; back_color=\u00a0\u00bbcolor-651503&Prime; overlay_alpha=\u00a0\u00bb50&Prime; gutter_size=\u00a0\u00bb3&Prime; column_width_percent=\u00a0\u00bb100&Prime; shift_y=\u00a0\u00bb0&Prime; z_index=\u00a0\u00bb0&Prime; enable_top_divider=\u00a0\u00bbdefault\u00a0\u00bb top_divider=\u00a0\u00bbtilt\u00a0\u00bb shape_top_h_use_pixel=\u00a0\u00bb\u00a0\u00bb shape_top_height=\u00a0\u00bb120&Prime; shape_top_color=\u00a0\u00bbcolor-jevc\u00a0\u00bb shape_top_opacity=\u00a0\u00bb100&Prime; shape_top_index=\u00a0\u00bb0&Prime; bwd_tbc4vd_show_weekday=\u00a0\u00bb\u00a0\u00bb [&hellip;]<\/p>\n","protected":false},"author":1,"featured_media":88457,"parent":92344,"menu_order":0,"comment_status":"closed","ping_status":"closed","template":"","meta":{"_acf_changed":false,"_monsterinsights_skip_tracking":false,"_monsterinsights_sitenote_active":false,"_monsterinsights_sitenote_note":"","_monsterinsights_sitenote_category":0,"footnotes":""},"tags":[],"class_list":["post-92350","page","type-page","status-publish","has-post-thumbnail","hentry"],"acf":[],"yoast_head":"<!-- This site is optimized with the Yoast SEO plugin v24.0 - https:\/\/yoast.com\/wordpress\/plugins\/seo\/ -->\n<title>Conseils - Musika Bulegoa<\/title>\n<meta name=\"description\" content=\"Musika Bulegoa met \u00e0 la disposition de ses partenaires un service de conseils englobant diff\u00e9rents domaines.\" \/>\n<meta name=\"robots\" content=\"index, follow, max-snippet:-1, max-image-preview:large, max-video-preview:-1\" \/>\n<link rel=\"canonical\" href=\"https:\/\/musikabulegoa.eus\/hub\/fr\/mb\/conseils\/\" \/>\n<meta property=\"og:locale\" content=\"fr_FR\" \/>\n<meta property=\"og:type\" content=\"article\" \/>\n<meta property=\"og:title\" content=\"Conseils - Musika Bulegoa\" \/>\n<meta property=\"og:description\" content=\"Musika Bulegoa met \u00e0 la disposition de ses partenaires un service de conseils englobant diff\u00e9rents domaines.\" \/>\n<meta property=\"og:url\" content=\"https:\/\/musikabulegoa.eus\/hub\/fr\/mb\/conseils\/\" \/>\n<meta property=\"og:site_name\" content=\"Musika Bulegoa\" \/>\n<meta property=\"article:modified_time\" content=\"2024-06-06T15:10:18+00:00\" \/>\n<meta property=\"og:image\" content=\"https:\/\/musikabulegoa.eus\/hub\/wp-content\/uploads\/2023\/04\/musika-bulegoa-piano1-2.jpg\" \/>\n\t<meta property=\"og:image:width\" content=\"600\" \/>\n\t<meta property=\"og:image:height\" content=\"914\" \/>\n\t<meta property=\"og:image:type\" content=\"image\/jpeg\" \/>\n<meta name=\"twitter:card\" content=\"summary_large_image\" \/>\n<meta name=\"twitter:label1\" content=\"Dur\u00e9e de lecture estim\u00e9e\" \/>\n\t<meta name=\"twitter:data1\" content=\"6 minutes\" \/>\n<script type=\"application\/ld+json\" class=\"yoast-schema-graph\">{\"@context\":\"https:\/\/schema.org\",\"@graph\":[{\"@type\":\"WebPage\",\"@id\":\"https:\/\/musikabulegoa.eus\/hub\/fr\/mb\/conseils\/\",\"url\":\"https:\/\/musikabulegoa.eus\/hub\/fr\/mb\/conseils\/\",\"name\":\"Conseils - Musika Bulegoa\",\"isPartOf\":{\"@id\":\"https:\/\/musikabulegoa.eus\/hub\/fr\/#website\"},\"primaryImageOfPage\":{\"@id\":\"https:\/\/musikabulegoa.eus\/hub\/fr\/mb\/conseils\/#primaryimage\"},\"image\":{\"@id\":\"https:\/\/musikabulegoa.eus\/hub\/fr\/mb\/conseils\/#primaryimage\"},\"thumbnailUrl\":\"https:\/\/musikabulegoa.eus\/hub\/wp-content\/uploads\/2023\/04\/musika-bulegoa-piano1-2.jpg\",\"datePublished\":\"2020-03-21T11:18:41+00:00\",\"dateModified\":\"2024-06-06T15:10:18+00:00\",\"description\":\"Musika Bulegoa met \u00e0 la disposition de ses partenaires un service de conseils englobant diff\u00e9rents domaines.\",\"breadcrumb\":{\"@id\":\"https:\/\/musikabulegoa.eus\/hub\/fr\/mb\/conseils\/#breadcrumb\"},\"inLanguage\":\"fr-FR\",\"potentialAction\":[{\"@type\":\"ReadAction\",\"target\":[\"https:\/\/musikabulegoa.eus\/hub\/fr\/mb\/conseils\/\"]}]},{\"@type\":\"ImageObject\",\"inLanguage\":\"fr-FR\",\"@id\":\"https:\/\/musikabulegoa.eus\/hub\/fr\/mb\/conseils\/#primaryimage\",\"url\":\"https:\/\/musikabulegoa.eus\/hub\/wp-content\/uploads\/2023\/04\/musika-bulegoa-piano1-2.jpg\",\"contentUrl\":\"https:\/\/musikabulegoa.eus\/hub\/wp-content\/uploads\/2023\/04\/musika-bulegoa-piano1-2.jpg\",\"width\":600,\"height\":914,\"caption\":\"musika-bulegoa-piano\"},{\"@type\":\"BreadcrumbList\",\"@id\":\"https:\/\/musikabulegoa.eus\/hub\/fr\/mb\/conseils\/#breadcrumb\",\"itemListElement\":[{\"@type\":\"ListItem\",\"position\":1,\"name\":\"Portada\",\"item\":\"https:\/\/musikabulegoa.eus\/hub\/fr\/hub\/\"},{\"@type\":\"ListItem\",\"position\":2,\"name\":\"L&#039;association\",\"item\":\"https:\/\/musikabulegoa.eus\/hub\/fr\/mb\/\"},{\"@type\":\"ListItem\",\"position\":3,\"name\":\"Conseils\"}]},{\"@type\":\"WebSite\",\"@id\":\"https:\/\/musikabulegoa.eus\/hub\/fr\/#website\",\"url\":\"https:\/\/musikabulegoa.eus\/hub\/fr\/\",\"name\":\"Musika Bulegoa\",\"description\":\"La Oficina de la M\u00fasica de Euskal Herria\",\"potentialAction\":[{\"@type\":\"SearchAction\",\"target\":{\"@type\":\"EntryPoint\",\"urlTemplate\":\"https:\/\/musikabulegoa.eus\/hub\/fr\/?s={search_term_string}\"},\"query-input\":{\"@type\":\"PropertyValueSpecification\",\"valueRequired\":true,\"valueName\":\"search_term_string\"}}],\"inLanguage\":\"fr-FR\"}]}<\/script>\n<!-- \/ Yoast SEO plugin. -->","yoast_head_json":{"title":"Conseils - Musika Bulegoa","description":"Musika Bulegoa met \u00e0 la disposition de ses partenaires un service de conseils englobant diff\u00e9rents domaines.","robots":{"index":"index","follow":"follow","max-snippet":"max-snippet:-1","max-image-preview":"max-image-preview:large","max-video-preview":"max-video-preview:-1"},"canonical":"https:\/\/musikabulegoa.eus\/hub\/fr\/mb\/conseils\/","og_locale":"fr_FR","og_type":"article","og_title":"Conseils - Musika Bulegoa","og_description":"Musika Bulegoa met \u00e0 la disposition de ses partenaires un service de conseils englobant diff\u00e9rents domaines.","og_url":"https:\/\/musikabulegoa.eus\/hub\/fr\/mb\/conseils\/","og_site_name":"Musika Bulegoa","article_modified_time":"2024-06-06T15:10:18+00:00","og_image":[{"width":600,"height":914,"url":"https:\/\/musikabulegoa.eus\/hub\/wp-content\/uploads\/2023\/04\/musika-bulegoa-piano1-2.jpg","type":"image\/jpeg"}],"twitter_card":"summary_large_image","twitter_misc":{"Dur\u00e9e de lecture estim\u00e9e":"6 minutes"},"schema":{"@context":"https:\/\/schema.org","@graph":[{"@type":"WebPage","@id":"https:\/\/musikabulegoa.eus\/hub\/fr\/mb\/conseils\/","url":"https:\/\/musikabulegoa.eus\/hub\/fr\/mb\/conseils\/","name":"Conseils - Musika Bulegoa","isPartOf":{"@id":"https:\/\/musikabulegoa.eus\/hub\/fr\/#website"},"primaryImageOfPage":{"@id":"https:\/\/musikabulegoa.eus\/hub\/fr\/mb\/conseils\/#primaryimage"},"image":{"@id":"https:\/\/musikabulegoa.eus\/hub\/fr\/mb\/conseils\/#primaryimage"},"thumbnailUrl":"https:\/\/musikabulegoa.eus\/hub\/wp-content\/uploads\/2023\/04\/musika-bulegoa-piano1-2.jpg","datePublished":"2020-03-21T11:18:41+00:00","dateModified":"2024-06-06T15:10:18+00:00","description":"Musika Bulegoa met \u00e0 la disposition de ses partenaires un service de conseils englobant diff\u00e9rents domaines.","breadcrumb":{"@id":"https:\/\/musikabulegoa.eus\/hub\/fr\/mb\/conseils\/#breadcrumb"},"inLanguage":"fr-FR","potentialAction":[{"@type":"ReadAction","target":["https:\/\/musikabulegoa.eus\/hub\/fr\/mb\/conseils\/"]}]},{"@type":"ImageObject","inLanguage":"fr-FR","@id":"https:\/\/musikabulegoa.eus\/hub\/fr\/mb\/conseils\/#primaryimage","url":"https:\/\/musikabulegoa.eus\/hub\/wp-content\/uploads\/2023\/04\/musika-bulegoa-piano1-2.jpg","contentUrl":"https:\/\/musikabulegoa.eus\/hub\/wp-content\/uploads\/2023\/04\/musika-bulegoa-piano1-2.jpg","width":600,"height":914,"caption":"musika-bulegoa-piano"},{"@type":"BreadcrumbList","@id":"https:\/\/musikabulegoa.eus\/hub\/fr\/mb\/conseils\/#breadcrumb","itemListElement":[{"@type":"ListItem","position":1,"name":"Portada","item":"https:\/\/musikabulegoa.eus\/hub\/fr\/hub\/"},{"@type":"ListItem","position":2,"name":"L&#039;association","item":"https:\/\/musikabulegoa.eus\/hub\/fr\/mb\/"},{"@type":"ListItem","position":3,"name":"Conseils"}]},{"@type":"WebSite","@id":"https:\/\/musikabulegoa.eus\/hub\/fr\/#website","url":"https:\/\/musikabulegoa.eus\/hub\/fr\/","name":"Musika Bulegoa","description":"La Oficina de la M\u00fasica de Euskal Herria","potentialAction":[{"@type":"SearchAction","target":{"@type":"EntryPoint","urlTemplate":"https:\/\/musikabulegoa.eus\/hub\/fr\/?s={search_term_string}"},"query-input":{"@type":"PropertyValueSpecification","valueRequired":true,"valueName":"search_term_string"}}],"inLanguage":"fr-FR"}]}},"_links":{"self":[{"href":"https:\/\/musikabulegoa.eus\/hub\/fr\/wp-json\/wp\/v2\/pages\/92350","targetHints":{"allow":["GET"]}}],"collection":[{"href":"https:\/\/musikabulegoa.eus\/hub\/fr\/wp-json\/wp\/v2\/pages"}],"about":[{"href":"https:\/\/musikabulegoa.eus\/hub\/fr\/wp-json\/wp\/v2\/types\/page"}],"author":[{"embeddable":true,"href":"https:\/\/musikabulegoa.eus\/hub\/fr\/wp-json\/wp\/v2\/users\/1"}],"replies":[{"embeddable":true,"href":"https:\/\/musikabulegoa.eus\/hub\/fr\/wp-json\/wp\/v2\/comments?post=92350"}],"version-history":[{"count":2,"href":"https:\/\/musikabulegoa.eus\/hub\/fr\/wp-json\/wp\/v2\/pages\/92350\/revisions"}],"predecessor-version":[{"id":103654,"href":"https:\/\/musikabulegoa.eus\/hub\/fr\/wp-json\/wp\/v2\/pages\/92350\/revisions\/103654"}],"up":[{"embeddable":true,"href":"https:\/\/musikabulegoa.eus\/hub\/fr\/wp-json\/wp\/v2\/pages\/92344"}],"wp:featuredmedia":[{"embeddable":true,"href":"https:\/\/musikabulegoa.eus\/hub\/fr\/wp-json\/wp\/v2\/media\/88457"}],"wp:attachment":[{"href":"https:\/\/musikabulegoa.eus\/hub\/fr\/wp-json\/wp\/v2\/media?parent=92350"}],"wp:term":[{"taxonomy":"post_tag","embeddable":true,"href":"https:\/\/musikabulegoa.eus\/hub\/fr\/wp-json\/wp\/v2\/tags?post=92350"}],"curies":[{"name":"wp","href":"https:\/\/api.w.org\/{rel}","templated":true}]}}