{"id":87057,"date":"2022-02-09T16:23:20","date_gmt":"2022-02-09T15:23:20","guid":{"rendered":"https:\/\/musikabulegoa.eus\/hub\/?page_id=87057"},"modified":"2024-05-12T12:15:00","modified_gmt":"2024-05-12T10:15:00","slug":"hub","status":"publish","type":"page","link":"https:\/\/musikabulegoa.eus\/hub\/","title":{"rendered":"HUB"},"content":{"rendered":"<div class=\"wpb-content-wrapper\"><p>[vc_row unlock_row_content=\u00bbyes\u00bb row_height_percent=\u00bb0&#8243; overlay_alpha=\u00bb50&#8243; gutter_size=\u00bb3&#8243; column_width_percent=\u00bb100&#8243; shift_y=\u00bb0&#8243; z_index=\u00bb0&#8243; uncode_shortcode_id=\u00bb148784&#8243;][vc_column width=\u00bb1\/1&#8243;][uncode_block id=\u00bb87150&#8243;][\/vc_column][\/vc_row][vc_row row_height_percent=\u00bb0&#8243; override_padding=\u00bbyes\u00bb h_padding=\u00bb2&#8243; top_padding=\u00bb2&#8243; bottom_padding=\u00bb2&#8243; overlay_alpha=\u00bb50&#8243; equal_height=\u00bbyes\u00bb gutter_size=\u00bb3&#8243; column_width_percent=\u00bb100&#8243; shift_y=\u00bb0&#8243; z_index=\u00bb0&#8243; uncode_shortcode_id=\u00bb222381&#8243; shape_dividers=\u00bb\u00bb el_class=\u00bbhub-search-column\u00bb][vc_column column_width_percent=\u00bb100&#8243; gutter_size=\u00bb2&#8243; style=\u00bbdark\u00bb overlay_alpha=\u00bb50&#8243; shift_x=\u00bb0&#8243; shift_y=\u00bb0&#8243; shift_y_down=\u00bb0&#8243; z_index=\u00bb0&#8243; medium_width=\u00bb0&#8243; mobile_width=\u00bb0&#8243; width=\u00bb2\/3&#8243; uncode_shortcode_id=\u00bb129178&#8243; el_class=\u00bbhub-info-column\u00bb][vc_custom_heading text_color=\u00bbcolor-xsdn\u00bb uncode_shortcode_id=\u00bb205695&#8243; text_color_type=\u00bbuncode-palette\u00bb]<span class=\"ES\">Espacio de conocimiento para el ecosistema musical de Euskadi<\/span><span class=\"EU\">Euskal Herriko musika-ekosistemarentzako ezagutza-espazioa<\/span><span class=\"EN\">Knowledge space for the Basque music ecosystem<\/span><span class=\"FR\">Espace de connaissance pour l\u2019\u00e9cosyst\u00e8me musical d\u2019Euskadi<\/span>[\/vc_custom_heading][vc_column_text uncode_shortcode_id=\u00bb104812&#8243;]<span class=\"ES\">Informaci\u00f3n jur\u00eddica, subvenciones, informaci\u00f3n fiscal&#8230;<\/span><span class=\"EU\">Informazio juridikoa, dirulaguntzak, zerga-informazioa&#8230;<\/span><span class=\"EN\">Legal information, subsidies, fiscal information\u2026<\/span><span class=\"FR\">Informations juridiques, subventions, informations fiscales&#8230;<\/span>[\/vc_column_text][\/vc_column][vc_column column_width_percent=\u00bb100&#8243; position_vertical=\u00bbbottom\u00bb gutter_size=\u00bb0&#8243; style=\u00bbdark\u00bb overlay_alpha=\u00bb50&#8243; shift_x=\u00bb0&#8243; shift_y=\u00bb0&#8243; shift_y_down=\u00bb0&#8243; z_index=\u00bb0&#8243; medium_width=\u00bb0&#8243; mobile_width=\u00bb0&#8243; width=\u00bb1\/3&#8243; uncode_shortcode_id=\u00bb124318&#8243;][vc_column_text uncode_shortcode_id=\u00bb438967&#8243;]<span class=\"ES\">Buscar en el HUB&#8230;<\/span><span class=\"EU\">Bilatu hubean&#8230;<\/span><span class=\"EN\">Search on the HUB&#8230;<\/span><span class=\"FR\">Chercher dans le HUB&#8230;<\/span>[\/vc_column_text][vc_raw_html]JTVCd2RfYXNwJTIwaWQlM0QxJTVE[\/vc_raw_html][\/vc_column][\/vc_row][vc_row row_height_percent=\u00bb0&#8243; override_padding=\u00bbyes\u00bb h_padding=\u00bb2&#8243; top_padding=\u00bb2&#8243; bottom_padding=\u00bb2&#8243; overlay_alpha=\u00bb50&#8243; equal_height=\u00bbyes\u00bb gutter_size=\u00bb3&#8243; column_width_percent=\u00bb100&#8243; shift_y=\u00bb0&#8243; z_index=\u00bb0&#8243; uncode_shortcode_id=\u00bb624440&#8243;][vc_column column_width_percent=\u00bb100&#8243; position_horizontal=\u00bbleft\u00bb gutter_size=\u00bb0&#8243; override_padding=\u00bbyes\u00bb column_padding=\u00bb0&#8243; style=\u00bbdark\u00bb overlay_alpha=\u00bb50&#8243; shift_x=\u00bb0&#8243; shift_y=\u00bb0&#8243; shift_y_down=\u00bb0&#8243; z_index=\u00bb0&#8243; medium_width=\u00bb0&#8243; mobile_width=\u00bb0&#8243; width=\u00bb1\/2&#8243; uncode_shortcode_id=\u00bb177331&#8243; el_class=\u00bbhub-1&#8243;][vc_custom_heading text_color=\u00bbcolor-157627&#8243; text_size=\u00bbfontsize-739966&#8243; text_weight=\u00bb400&#8243; css_animation=\u00bbalpha-anim\u00bb uncode_shortcode_id=\u00bb162486&#8243; text_color_type=\u00bbuncode-palette\u00bb]<span class=\"ES\">Legal \/ Fiscal<\/span><span class=\"EU\">Legala \/ Fiskala<\/span><span class=\"EN\">Legal \/ Fiscal<\/span><span class=\"FR\">L\u00e9gal \/ Fiscal<\/span>[\/vc_custom_heading][vc_empty_space empty_h=\u00bb2&#8243;][uncode_index el_id=\u00bbindex-131250-827&#8243; isotope_mode=\u00bbpackery\u00bb loop=\u00bbsize:1|order_by:date|post_type:hub|tax_query:208|taxonomy_count:10&#8243; screen_lg=\u00bb1000&#8243; screen_md=\u00bb600&#8243; screen_sm=\u00bb480&#8243; gutter_size=\u00bb0&#8243; hub_items=\u00bbmedia|featured|onpost|poster,title,text|full|200&#8243; single_text=\u00bboverlay\u00bb single_width=\u00bb12&#8243; images_size=\u00bbone-one\u00bb single_overlay_color=\u00bbcolor-jevc\u00bb single_overlay_coloration=\u00bbbottom_gradient\u00bb single_overlay_opacity=\u00bb50&#8243; single_overlay_visible=\u00bbyes\u00bb single_text_visible=\u00bbyes\u00bb single_text_anim=\u00bbno\u00bb single_v_position=\u00bbbottom\u00bb single_reduced=\u00bbthree_quarter\u00bb single_padding=\u00bb2&#8243; single_title_semantic=\u00bbh2&#8243; single_title_dimension=\u00bbh2&#8243; single_text_lead=\u00bbsmall\u00bb single_border=\u00bbyes\u00bb single_css_animation=\u00bbalpha-anim\u00bb single_animation_delay=\u00bb100&#8243; uncode_shortcode_id=\u00bb490863&#8243;][vc_empty_space empty_h=\u00bb2&#8243;][uncode_index el_id=\u00bbMB-legal&#8212;\u00bb isotope_mode=\u00bbpackery\u00bb loop=\u00bbsize:2|order_by:date|order:DESC|post_type:hub|tax_query:208|taxonomy_count:10&#8243; screen_lg=\u00bb480&#8243; screen_md=\u00bb480&#8243; screen_sm=\u00bb480&#8243; gutter_size=\u00bb2&#8243; post_items=\u00bbmeta|display-icon,title,text|full|200,link|default|small_size| ,media|featured|onpost|original\u00bb hub_items=\u00bbmedia|featured|onpost|poster,title,text|full|200&#8243; footer_style=\u00bbdark\u00bb footer_full_width=\u00bbyes\u00bb single_width=\u00bb6&#8243; images_size=\u00bbone-one\u00bb single_style=\u00bbdark\u00bb single_back_color=\u00bbcolor-jevc\u00bb single_overlay_opacity=\u00bb1&#8243; single_overlay_anim=\u00bbno\u00bb single_text_visible=\u00bbyes\u00bb single_text_anim_type=\u00bbbtt\u00bb single_h_align_mobile=\u00bbleft\u00bb single_padding=\u00bb1&#8243; single_thumb_hover=\u00bbyes\u00bb single_title_semantic=\u00bbh2&#8243; single_title_dimension=\u00bbh3&#8243; single_text_lead=\u00bbsmall\u00bb single_border=\u00bbyes\u00bb single_css_animation=\u00bbbottom-t-top\u00bb uncode_shortcode_id=\u00bb109126&#8243; offset=\u00bb1&#8243; el_class=\u00bbhub-posts-1&#8243;][vc_empty_space empty_h=\u00bb1&#8243;][vc_button radius=\u00bbbtn-round\u00bb wide=\u00bbyes\u00bb hover_fx=\u00bboutlined\u00bb outline=\u00bbyes\u00bb text_skin=\u00bbyes\u00bb custom_typo=\u00bbyes\u00bb font_family=\u00bbfont-412429&#8243; font_weight=\u00bb100&#8243; text_transform=\u00bbuppercase\u00bb letter_spacing=\u00bbfontspace-108263&#8243; border_width=\u00bb0&#8243; scale_mobile=\u00bbno\u00bb link=\u00bburl:https%3A%2F%2Fmusikabulegoa.eus\/hub%2Flegal-hub%2F|title:HUB-Legal%2FFiscal\u00bb uncode_shortcode_id=\u00bb670808&#8243; el_class=\u00bbhub-1-button\u00bb]<span class=\"ES\">Mas sobre Legal \/ Fiscal<\/span><span class=\"EU\">Arlo Legalari \/ Fiskalari buruzko informazio gehiago<\/span><span class=\"EN\">More on Legal \/ Fiscal<\/span><span class=\"FR\">L\u00e9gal \/ Fiscal<\/span>[\/vc_button][vc_empty_space empty_h=\u00bb2&#8243;][\/vc_column][vc_column column_width_percent=\u00bb100&#8243; position_horizontal=\u00bbleft\u00bb gutter_size=\u00bb0&#8243; override_padding=\u00bbyes\u00bb column_padding=\u00bb0&#8243; style=\u00bbdark\u00bb overlay_alpha=\u00bb50&#8243; shift_x=\u00bb0&#8243; shift_y=\u00bb0&#8243; shift_y_down=\u00bb0&#8243; z_index=\u00bb0&#8243; medium_width=\u00bb0&#8243; mobile_width=\u00bb0&#8243; width=\u00bb1\/2&#8243; uncode_shortcode_id=\u00bb161273&#8243; el_class=\u00bbhub-2&#8243;][vc_custom_heading text_color=\u00bbcolor-157627&#8243; text_size=\u00bbfontsize-739966&#8243; text_weight=\u00bb400&#8243; css_animation=\u00bbalpha-anim\u00bb uncode_shortcode_id=\u00bb515428&#8243; text_color_type=\u00bbuncode-palette\u00bb]<span class=\"ES\">Propiedad intelectual<\/span><span class=\"EU\">Jabetza intelektuala<\/span><span class=\"EN\">Intellectual property<\/span><span class=\"FR\">Propri\u00e9t\u00e9 intellectuelle<\/span>[\/vc_custom_heading][vc_empty_space empty_h=\u00bb2&#8243;][uncode_index el_id=\u00bbindex-163474-propiedad\u00bb index_type=\u00bbcss_grid\u00bb loop=\u00bbsize:6|order_by:date|post_type:hub|tax_query:209|taxonomy_count:10&#8243; grid_items=\u00bb1&#8243; screen_lg_items=\u00bb1&#8243; screen_lg_breakpoint=\u00bb1000&#8243; screen_md_items=\u00bb1&#8243; screen_md_breakpoint=\u00bb600&#8243; screen_sm_items=\u00bb1&#8243; screen_sm_breakpoint=\u00bb480&#8243; gutter_size=\u00bb2&#8243; css_grid_equal_height=\u00bbyes\u00bb hub_items=\u00bbtitle,link|default|default_size|scale_mobile,media|featured|onpost|poster\u00bb single_text=\u00bblateral\u00bb css_grid_images_size=\u00bbone-one\u00bb single_image_position=\u00bbright\u00bb single_image_size=\u00bb4&#8243; single_back_color=\u00bbcolor-xsdn\u00bb single_shape=\u00bbround\u00bb single_overlay_opacity=\u00bb50&#8243; single_overlay_anim=\u00bbno\u00bb single_text_visible=\u00bbyes\u00bb single_padding=\u00bb2&#8243; single_text_reduced=\u00bbyes\u00bb single_title_semantic=\u00bbh2&#8243; single_title_dimension=\u00bbfontsize-445851&#8243; single_border=\u00bbyes\u00bb single_css_animation=\u00bbalpha-anim\u00bb single_animation_delay=\u00bb100&#8243; uncode_shortcode_id=\u00bb192655&#8243; el_class=\u00bbonlytitleposts\u00bb][vc_empty_space empty_h=\u00bb1&#8243;][vc_button radius=\u00bbbtn-round\u00bb wide=\u00bbyes\u00bb hover_fx=\u00bboutlined\u00bb outline=\u00bbyes\u00bb text_skin=\u00bbyes\u00bb custom_typo=\u00bbyes\u00bb font_family=\u00bbfont-412429&#8243; font_weight=\u00bb100&#8243; text_transform=\u00bbuppercase\u00bb letter_spacing=\u00bbfontspace-108263&#8243; border_width=\u00bb0&#8243; scale_mobile=\u00bbno\u00bb link=\u00bburl:https%3A%2F%2Fmusikabulegoa.eus\/hub%2Fpropiedad-hub%2F\u00bb uncode_shortcode_id=\u00bb149427&#8243;]<span class=\"ES\">M\u00e1s sobre Propiedad intelectual<\/span><span class=\"EU\">Jabetza intelektualari buruzko informazio gehiago<\/span><span class=\"EN\">More on Intellectual Property<\/span><span class=\"FR\">En savoir plus sur Propri\u00e9t\u00e9 intellectuelle<\/span>[\/vc_button][vc_empty_space empty_h=\u00bb1&#8243;][\/vc_column][\/vc_row][vc_row row_height_percent=\u00bb0&#8243; override_padding=\u00bbyes\u00bb h_padding=\u00bb2&#8243; top_padding=\u00bb2&#8243; bottom_padding=\u00bb3&#8243; overlay_alpha=\u00bb50&#8243; equal_height=\u00bbyes\u00bb gutter_size=\u00bb2&#8243; column_width_percent=\u00bb100&#8243; shift_y=\u00bb0&#8243; z_index=\u00bb0&#8243; uncode_shortcode_id=\u00bb187583&#8243; el_class=\u00bbsubv\u00bb][vc_column column_width_percent=\u00bb100&#8243; gutter_size=\u00bb0&#8243; style=\u00bbdark\u00bb overlay_alpha=\u00bb50&#8243; shift_x=\u00bb0&#8243; shift_y=\u00bb0&#8243; shift_y_down=\u00bb0&#8243; z_index=\u00bb0&#8243; medium_width=\u00bb0&#8243; mobile_width=\u00bb0&#8243; width=\u00bb1\/4&#8243; uncode_shortcode_id=\u00bb955336&#8243;][vc_custom_heading text_color=\u00bbcolor-157627&#8243; text_size=\u00bbfontsize-739966&#8243; text_weight=\u00bb400&#8243; uncode_shortcode_id=\u00bb645484&#8243; text_color_type=\u00bbuncode-palette\u00bb]<span class=\"ES\">Subvenciones<\/span><span class=\"EU\">Dirulaguntzak<\/span><span class=\"EN\">Subsidies<\/span><span class=\"FR\">Subventions<\/span>[\/vc_custom_heading][vc_column_text uncode_shortcode_id=\u00bb621688&#8243;]<span class=\"ES\">Aqu\u00ed encontrar\u00e1s ayuda para conseguir tus objetivos<\/span><span class=\"EU\">Zure helburuak lortzeko laguntza aurkituko dituzu hemen<\/span><span class=\"EN\">Here you will find help to achieve your goals<\/span><span class=\"FR\">Ici, vous trouverez de l&#8217;aide pour atteindre vos objectifs<\/span>[\/vc_column_text][\/vc_column][vc_column column_width_percent=\u00bb100&#8243; gutter_size=\u00bb2&#8243; style=\u00bbdark\u00bb overlay_alpha=\u00bb50&#8243; shift_x=\u00bb0&#8243; shift_y=\u00bb0&#8243; shift_y_down=\u00bb0&#8243; z_index=\u00bb0&#8243; medium_width=\u00bb0&#8243; mobile_width=\u00bb0&#8243; width=\u00bb3\/4&#8243; uncode_shortcode_id=\u00bb241074&#8243; el_class=\u00bbhub-3&#8243;][uncode_index el_id=\u00bbindex-163474-sub\u00bb index_type=\u00bbcss_grid\u00bb loop=\u00bbsize:6|order_by:date|post_type:hub|tax_query:210|taxonomy_count:10&#8243; grid_items=\u00bb2&#8243; screen_lg_items=\u00bb2&#8243; screen_lg_breakpoint=\u00bb600&#8243; screen_md_items=\u00bb2&#8243; screen_md_breakpoint=\u00bb600&#8243; screen_sm_items=\u00bb1&#8243; screen_sm_breakpoint=\u00bb480&#8243; gutter_size=\u00bb1&#8243; css_grid_equal_height=\u00bbyes\u00bb hub_items=\u00bbtitle,link|default|small_size|scale_mobile\u00bb css_grid_images_size=\u00bbone-one\u00bb single_style=\u00bbdark\u00bb single_back_color=\u00bbcolor-157627&#8243; single_shape=\u00bbround\u00bb single_overlay_opacity=\u00bb50&#8243; single_text_visible=\u00bbyes\u00bb single_image_coloration=\u00bbdesaturated\u00bb single_padding=\u00bb2&#8243; single_thumb_hover=\u00bbyes\u00bb single_title_semantic=\u00bbh2&#8243; single_title_dimension=\u00bbh3&#8243; single_border=\u00bbyes\u00bb single_css_animation=\u00bbalpha-anim\u00bb single_animation_delay=\u00bb100&#8243; uncode_shortcode_id=\u00bb907725&#8243; el_class=\u00bbonlytitleposts\u00bb][vc_button radius=\u00bbbtn-round\u00bb wide=\u00bbyes\u00bb hover_fx=\u00bboutlined\u00bb outline=\u00bbyes\u00bb text_skin=\u00bbyes\u00bb custom_typo=\u00bbyes\u00bb font_family=\u00bbfont-412429&#8243; font_weight=\u00bb100&#8243; text_transform=\u00bbuppercase\u00bb letter_spacing=\u00bbfontspace-108263&#8243; border_width=\u00bb0&#8243; scale_mobile=\u00bbno\u00bb link=\u00bburl:https%3A%2F%2Fmusikabulegoa.eus\/hub%2Fsubvenciones-hub%2F\u00bb uncode_shortcode_id=\u00bb485071&#8243;]<span class=\"ES\">M\u00e1s sobre Subvenciones<\/span><span class=\"EU\">Dirulaguntzei buruzko informazio gehiago<\/span><span class=\"EN\">More on Subsidies<\/span><span class=\"FR\">En savoir plus sur Subventions<\/span>[\/vc_button][\/vc_column][\/vc_row]<\/p>\n<\/div>","protected":false},"excerpt":{"rendered":"<p>[vc_row unlock_row_content=\u00bbyes\u00bb row_height_percent=\u00bb0&#8243; overlay_alpha=\u00bb50&#8243; gutter_size=\u00bb3&#8243; column_width_percent=\u00bb100&#8243; shift_y=\u00bb0&#8243; z_index=\u00bb0&#8243; uncode_shortcode_id=\u00bb148784&#8243;][vc_column width=\u00bb1\/1&#8243;][uncode_block id=\u00bb87150&#8243;][\/vc_column][\/vc_row][vc_row row_height_percent=\u00bb0&#8243; override_padding=\u00bbyes\u00bb h_padding=\u00bb2&#8243; top_padding=\u00bb2&#8243; bottom_padding=\u00bb2&#8243; overlay_alpha=\u00bb50&#8243; equal_height=\u00bbyes\u00bb gutter_size=\u00bb3&#8243; column_width_percent=\u00bb100&#8243; [&hellip;]<\/p>\n","protected":false},"author":1,"featured_media":88335,"parent":0,"menu_order":0,"comment_status":"closed","ping_status":"closed","template":"","meta":{"_acf_changed":false,"_monsterinsights_skip_tracking":false,"_monsterinsights_sitenote_active":false,"_monsterinsights_sitenote_note":"","_monsterinsights_sitenote_category":0,"footnotes":""},"tags":[],"class_list":["post-87057","page","type-page","status-publish","has-post-thumbnail","hentry"],"acf":[],"yoast_head":"<!-- This site is optimized with the Yoast SEO plugin v24.0 - https:\/\/yoast.com\/wordpress\/plugins\/seo\/ -->\n<title>HUB - Musika Bulegoa<\/title>\n<meta name=\"description\" content=\"Euskal Herriko musika-ekosistemarentzako ezagutza-espazioa \/ Espacio de conocimiento para el ecosistema musical de Euskadi\" \/>\n<meta name=\"robots\" content=\"index, follow, max-snippet:-1, max-image-preview:large, max-video-preview:-1\" \/>\n<link rel=\"canonical\" href=\"https:\/\/musikabulegoa.eus\/hub\/\" \/>\n<meta property=\"og:locale\" content=\"es_ES\" \/>\n<meta property=\"og:type\" content=\"article\" \/>\n<meta property=\"og:title\" content=\"HUB - Musika Bulegoa\" \/>\n<meta property=\"og:description\" content=\"Euskal Herriko musika-ekosistemarentzako ezagutza-espazioa \/ Espacio de conocimiento para el ecosistema musical de Euskadi\" \/>\n<meta property=\"og:url\" content=\"https:\/\/musikabulegoa.eus\/hub\/\" \/>\n<meta property=\"og:site_name\" content=\"Musika Bulegoa\" \/>\n<meta property=\"article:modified_time\" content=\"2024-05-12T10:15:00+00:00\" \/>\n<meta property=\"og:image\" content=\"https:\/\/musikabulegoa.eus\/hub\/wp-content\/uploads\/2023\/03\/hub2.png\" \/>\n\t<meta property=\"og:image:width\" content=\"800\" \/>\n\t<meta property=\"og:image:height\" content=\"800\" \/>\n\t<meta property=\"og:image:type\" content=\"image\/png\" \/>\n<meta name=\"twitter:card\" content=\"summary_large_image\" \/>\n<meta name=\"twitter:label1\" content=\"Tiempo de lectura\" \/>\n\t<meta name=\"twitter:data1\" content=\"6 minutos\" \/>\n<script type=\"application\/ld+json\" class=\"yoast-schema-graph\">{\"@context\":\"https:\/\/schema.org\",\"@graph\":[{\"@type\":\"WebPage\",\"@id\":\"https:\/\/musikabulegoa.eus\/hub\/\",\"url\":\"https:\/\/musikabulegoa.eus\/hub\/\",\"name\":\"HUB - Musika Bulegoa\",\"isPartOf\":{\"@id\":\"https:\/\/musikabulegoa.eus\/hub\/#website\"},\"primaryImageOfPage\":{\"@id\":\"https:\/\/musikabulegoa.eus\/hub\/#primaryimage\"},\"image\":{\"@id\":\"https:\/\/musikabulegoa.eus\/hub\/#primaryimage\"},\"thumbnailUrl\":\"https:\/\/musikabulegoa.eus\/hub\/wp-content\/uploads\/2023\/03\/hub2.png\",\"datePublished\":\"2022-02-09T15:23:20+00:00\",\"dateModified\":\"2024-05-12T10:15:00+00:00\",\"description\":\"Euskal Herriko musika-ekosistemarentzako ezagutza-espazioa \/ Espacio de conocimiento para el ecosistema musical de Euskadi\",\"breadcrumb\":{\"@id\":\"https:\/\/musikabulegoa.eus\/hub\/#breadcrumb\"},\"inLanguage\":\"es\",\"potentialAction\":[{\"@type\":\"ReadAction\",\"target\":[\"https:\/\/musikabulegoa.eus\/hub\/\"]}]},{\"@type\":\"ImageObject\",\"inLanguage\":\"es\",\"@id\":\"https:\/\/musikabulegoa.eus\/hub\/#primaryimage\",\"url\":\"https:\/\/musikabulegoa.eus\/hub\/wp-content\/uploads\/2023\/03\/hub2.png\",\"contentUrl\":\"https:\/\/musikabulegoa.eus\/hub\/wp-content\/uploads\/2023\/03\/hub2.png\",\"width\":800,\"height\":800},{\"@type\":\"BreadcrumbList\",\"@id\":\"https:\/\/musikabulegoa.eus\/hub\/#breadcrumb\",\"itemListElement\":[{\"@type\":\"ListItem\",\"position\":1,\"name\":\"Portada\",\"item\":\"https:\/\/musikabulegoa.eus\/hub\/hub\/\"},{\"@type\":\"ListItem\",\"position\":2,\"name\":\"HUB\"}]},{\"@type\":\"WebSite\",\"@id\":\"https:\/\/musikabulegoa.eus\/hub\/#website\",\"url\":\"https:\/\/musikabulegoa.eus\/hub\/\",\"name\":\"Musika Bulegoa\",\"description\":\"La Oficina de la M\u00fasica de Euskal Herria\",\"potentialAction\":[{\"@type\":\"SearchAction\",\"target\":{\"@type\":\"EntryPoint\",\"urlTemplate\":\"https:\/\/musikabulegoa.eus\/hub\/?s={search_term_string}\"},\"query-input\":{\"@type\":\"PropertyValueSpecification\",\"valueRequired\":true,\"valueName\":\"search_term_string\"}}],\"inLanguage\":\"es\"}]}<\/script>\n<!-- \/ Yoast SEO plugin. -->","yoast_head_json":{"title":"HUB - Musika Bulegoa","description":"Euskal Herriko musika-ekosistemarentzako ezagutza-espazioa \/ Espacio de conocimiento para el ecosistema musical de Euskadi","robots":{"index":"index","follow":"follow","max-snippet":"max-snippet:-1","max-image-preview":"max-image-preview:large","max-video-preview":"max-video-preview:-1"},"canonical":"https:\/\/musikabulegoa.eus\/hub\/","og_locale":"es_ES","og_type":"article","og_title":"HUB - Musika Bulegoa","og_description":"Euskal Herriko musika-ekosistemarentzako ezagutza-espazioa \/ Espacio de conocimiento para el ecosistema musical de Euskadi","og_url":"https:\/\/musikabulegoa.eus\/hub\/","og_site_name":"Musika Bulegoa","article_modified_time":"2024-05-12T10:15:00+00:00","og_image":[{"width":800,"height":800,"url":"https:\/\/musikabulegoa.eus\/hub\/wp-content\/uploads\/2023\/03\/hub2.png","type":"image\/png"}],"twitter_card":"summary_large_image","twitter_misc":{"Tiempo de lectura":"6 minutos"},"schema":{"@context":"https:\/\/schema.org","@graph":[{"@type":"WebPage","@id":"https:\/\/musikabulegoa.eus\/hub\/","url":"https:\/\/musikabulegoa.eus\/hub\/","name":"HUB - Musika Bulegoa","isPartOf":{"@id":"https:\/\/musikabulegoa.eus\/hub\/#website"},"primaryImageOfPage":{"@id":"https:\/\/musikabulegoa.eus\/hub\/#primaryimage"},"image":{"@id":"https:\/\/musikabulegoa.eus\/hub\/#primaryimage"},"thumbnailUrl":"https:\/\/musikabulegoa.eus\/hub\/wp-content\/uploads\/2023\/03\/hub2.png","datePublished":"2022-02-09T15:23:20+00:00","dateModified":"2024-05-12T10:15:00+00:00","description":"Euskal Herriko musika-ekosistemarentzako ezagutza-espazioa \/ Espacio de conocimiento para el ecosistema musical de Euskadi","breadcrumb":{"@id":"https:\/\/musikabulegoa.eus\/hub\/#breadcrumb"},"inLanguage":"es","potentialAction":[{"@type":"ReadAction","target":["https:\/\/musikabulegoa.eus\/hub\/"]}]},{"@type":"ImageObject","inLanguage":"es","@id":"https:\/\/musikabulegoa.eus\/hub\/#primaryimage","url":"https:\/\/musikabulegoa.eus\/hub\/wp-content\/uploads\/2023\/03\/hub2.png","contentUrl":"https:\/\/musikabulegoa.eus\/hub\/wp-content\/uploads\/2023\/03\/hub2.png","width":800,"height":800},{"@type":"BreadcrumbList","@id":"https:\/\/musikabulegoa.eus\/hub\/#breadcrumb","itemListElement":[{"@type":"ListItem","position":1,"name":"Portada","item":"https:\/\/musikabulegoa.eus\/hub\/hub\/"},{"@type":"ListItem","position":2,"name":"HUB"}]},{"@type":"WebSite","@id":"https:\/\/musikabulegoa.eus\/hub\/#website","url":"https:\/\/musikabulegoa.eus\/hub\/","name":"Musika Bulegoa","description":"La Oficina de la M\u00fasica de Euskal Herria","potentialAction":[{"@type":"SearchAction","target":{"@type":"EntryPoint","urlTemplate":"https:\/\/musikabulegoa.eus\/hub\/?s={search_term_string}"},"query-input":{"@type":"PropertyValueSpecification","valueRequired":true,"valueName":"search_term_string"}}],"inLanguage":"es"}]}},"_links":{"self":[{"href":"https:\/\/musikabulegoa.eus\/hub\/wp-json\/wp\/v2\/pages\/87057","targetHints":{"allow":["GET"]}}],"collection":[{"href":"https:\/\/musikabulegoa.eus\/hub\/wp-json\/wp\/v2\/pages"}],"about":[{"href":"https:\/\/musikabulegoa.eus\/hub\/wp-json\/wp\/v2\/types\/page"}],"author":[{"embeddable":true,"href":"https:\/\/musikabulegoa.eus\/hub\/wp-json\/wp\/v2\/users\/1"}],"replies":[{"embeddable":true,"href":"https:\/\/musikabulegoa.eus\/hub\/wp-json\/wp\/v2\/comments?post=87057"}],"version-history":[{"count":14,"href":"https:\/\/musikabulegoa.eus\/hub\/wp-json\/wp\/v2\/pages\/87057\/revisions"}],"predecessor-version":[{"id":102030,"href":"https:\/\/musikabulegoa.eus\/hub\/wp-json\/wp\/v2\/pages\/87057\/revisions\/102030"}],"wp:featuredmedia":[{"embeddable":true,"href":"https:\/\/musikabulegoa.eus\/hub\/wp-json\/wp\/v2\/media\/88335"}],"wp:attachment":[{"href":"https:\/\/musikabulegoa.eus\/hub\/wp-json\/wp\/v2\/media?parent=87057"}],"wp:term":[{"taxonomy":"post_tag","embeddable":true,"href":"https:\/\/musikabulegoa.eus\/hub\/wp-json\/wp\/v2\/tags?post=87057"}],"curies":[{"name":"wp","href":"https:\/\/api.w.org\/{rel}","templated":true}]}}