{"id":88330,"date":"2020-03-21T12:18:41","date_gmt":"2020-03-21T11:18:41","guid":{"rendered":"https:\/\/musikabulegoa.eus\/hub\/?page_id=88330"},"modified":"2024-06-06T17:08:53","modified_gmt":"2024-06-06T15:08:53","slug":"asesoria","status":"publish","type":"page","link":"https:\/\/musikabulegoa.eus\/hub\/mb\/asesoria\/","title":{"rendered":"Asesor\u00eda"},"content":{"rendered":"<div class=\"wpb-content-wrapper\"><p>[vc_row row_height_percent=\u00bb0&#8243; override_padding=\u00bbyes\u00bb h_padding=\u00bb2&#8243; top_padding=\u00bb4&#8243; bottom_padding=\u00bb2&#8243; back_color=\u00bbcolor-651503&#8243; overlay_alpha=\u00bb50&#8243; gutter_size=\u00bb3&#8243; column_width_percent=\u00bb100&#8243; shift_y=\u00bb0&#8243; z_index=\u00bb0&#8243; enable_top_divider=\u00bbdefault\u00bb top_divider=\u00bbtilt\u00bb shape_top_h_use_pixel=\u00bb\u00bb shape_top_height=\u00bb120&#8243; shape_top_color=\u00bbcolor-jevc\u00bb shape_top_opacity=\u00bb100&#8243; shape_top_index=\u00bb0&#8243; bwd_tbc4vd_show_weekday=\u00bb\u00bb uncode_shortcode_id=\u00bb578503&#8243; shape_top_color_type=\u00bbuncode-palette\u00bb back_color_type=\u00bbuncode-palette\u00bb][vc_column column_width_percent=\u00bb100&#8243; gutter_size=\u00bb2&#8243; overlay_alpha=\u00bb50&#8243; shift_x=\u00bb0&#8243; shift_y=\u00bb0&#8243; shift_y_down=\u00bb0&#8243; z_index=\u00bb0&#8243; medium_width=\u00bb0&#8243; align_mobile=\u00bbalign_center_mobile\u00bb mobile_width=\u00bb0&#8243; css_animation=\u00bbalpha-anim\u00bb width=\u00bb1\/1&#8243; uncode_shortcode_id=\u00bb171209&#8243;][vc_custom_heading text_color=\u00bbamrillo-contraste\u00bb heading_semantic=\u00bbh1&#8243; text_size=\u00bbh1&#8243; uncode_shortcode_id=\u00bb422214&#8243; text_color_type=\u00bbuncode-palette\u00bb]Asesor\u00eda[\/vc_custom_heading][vc_column_text uncode_shortcode_id=\u00bb263310&#8243;]<\/p>\n<p style=\"font-weight: 400;\">Musika Bulegoa pone a disposici\u00f3n de sus socios y socias un servicio de asesor\u00eda que abarca diferentes \u00e1mbitos.<\/p>\n<p>[\/vc_column_text][\/vc_column][\/vc_row][vc_row row_height_percent=\u00bb0&#8243; override_padding=\u00bbyes\u00bb h_padding=\u00bb2&#8243; top_padding=\u00bb0&#8243; bottom_padding=\u00bb0&#8243; back_color=\u00bbcolor-651503&#8243; overlay_alpha=\u00bb50&#8243; equal_height=\u00bbyes\u00bb gutter_size=\u00bb0&#8243; column_width_percent=\u00bb100&#8243; shift_y=\u00bb0&#8243; z_index=\u00bb0&#8243; bwd_tbc4vd_show_weekday=\u00bb\u00bb uncode_shortcode_id=\u00bb146223&#8243; el_class=\u00bbasesoria\u00bb row_height_pixel=\u00bb423px\u00bb back_color_type=\u00bbuncode-palette\u00bb][vc_column column_width_percent=\u00bb100&#8243; position_vertical=\u00bbmiddle\u00bb gutter_size=\u00bb3&#8243; override_padding=\u00bbyes\u00bb column_padding=\u00bb3&#8243; back_image=\u00bb91450&#8243; back_position=\u00bbcenter center\u00bb overlay_alpha=\u00bb50&#8243; shift_x=\u00bb0&#8243; shift_y=\u00bb0&#8243; shift_y_down=\u00bb0&#8243; z_index=\u00bb3&#8243; medium_width=\u00bb4&#8243; mobile_width=\u00bb0&#8243; css_animation=\u00bbalpha-anim\u00bb width=\u00bb1\/2&#8243; uncode_shortcode_id=\u00bb585409&#8243; el_class=\u00bbase-img\u00bb back_size=\u00bbcover\u00bb][vc_single_image media=\u00bb88490&#8243; media_width_use_pixel=\u00bbyes\u00bb uncode_shortcode_id=\u00bb209055&#8243; media_width_pixel=\u00bb340&#8243;][\/vc_column][vc_column column_width_percent=\u00bb100&#8243; position_vertical=\u00bbmiddle\u00bb gutter_size=\u00bb2&#8243; override_padding=\u00bbyes\u00bb column_padding=\u00bb3&#8243; back_color=\u00bbcolor-lxmt\u00bb overlay_alpha=\u00bb50&#8243; shift_x=\u00bb0&#8243; shift_y=\u00bb0&#8243; shift_y_down=\u00bb0&#8243; z_index=\u00bb4&#8243; medium_width=\u00bb4&#8243; align_mobile=\u00bbalign_center_mobile\u00bb mobile_width=\u00bb0&#8243; css_animation=\u00bbalpha-anim\u00bb animation_delay=\u00bb200&#8243; width=\u00bb1\/2&#8243; uncode_shortcode_id=\u00bb534959&#8243; back_color_type=\u00bbuncode-palette\u00bb][vc_custom_heading text_color=\u00bbcolor-jevc\u00bb heading_semantic=\u00bbh3&#8243; text_size=\u00bbh3&#8243; uncode_shortcode_id=\u00bb118596&#8243; text_color_type=\u00bbuncode-palette\u00bb]Salud mental[\/vc_custom_heading][vc_column_text uncode_shortcode_id=\u00bb569590&#8243;]De la mano de la psic\u00f3loga especialista Rosana Corbacho, en estas sesiones se pondr\u00e1n en pr\u00e1ctica t\u00e9cnicas psicol\u00f3gicas para prevenir y tratar los trastornos habituales (ansiedad, estr\u00e9s, <em>burnout<\/em>, bloqueos creativos\u2026). El objetivo es mejorar la calidad de vida y el equilibrio de los artistas y profesionales de la m\u00fasica.[\/vc_column_text][\/vc_column][\/vc_row][vc_row row_height_percent=\u00bb0&#8243; override_padding=\u00bbyes\u00bb h_padding=\u00bb2&#8243; top_padding=\u00bb0&#8243; bottom_padding=\u00bb0&#8243; back_color=\u00bbcolor-651503&#8243; overlay_alpha=\u00bb50&#8243; equal_height=\u00bbyes\u00bb gutter_size=\u00bb0&#8243; column_width_percent=\u00bb100&#8243; shift_y=\u00bb0&#8243; z_index=\u00bb0&#8243; bottom_divider=\u00bbtilt\u00bb inverted_device_order=\u00bbyes\u00bb bwd_tbc4vd_show_weekday=\u00bb\u00bb uncode_shortcode_id=\u00bb556154&#8243; el_class=\u00bbasesoria\u00bb row_height_pixel=\u00bb423px\u00bb back_color_type=\u00bbuncode-palette\u00bb][vc_column column_width_percent=\u00bb100&#8243; position_vertical=\u00bbmiddle\u00bb gutter_size=\u00bb2&#8243; override_padding=\u00bbyes\u00bb column_padding=\u00bb3&#8243; back_color=\u00bbcolor-lxmt\u00bb overlay_alpha=\u00bb50&#8243; shift_x=\u00bb0&#8243; shift_y=\u00bb0&#8243; shift_y_down=\u00bb0&#8243; z_index=\u00bb3&#8243; medium_width=\u00bb4&#8243; align_mobile=\u00bbalign_center_mobile\u00bb mobile_width=\u00bb0&#8243; css_animation=\u00bbalpha-anim\u00bb animation_delay=\u00bb400&#8243; width=\u00bb1\/2&#8243; uncode_shortcode_id=\u00bb210850&#8243; back_color_type=\u00bbuncode-palette\u00bb][vc_custom_heading text_color=\u00bbcolor-jevc\u00bb heading_semantic=\u00bbh3&#8243; text_size=\u00bbh3&#8243; uncode_shortcode_id=\u00bb180596&#8243; text_color_type=\u00bbuncode-palette\u00bb]Legal \/ Fiscal \/ Laboral[\/vc_custom_heading][vc_column_text uncode_shortcode_id=\u00bb208040&#8243;]<\/p>\n<p style=\"font-weight: 400;\">Con la colaboraci\u00f3n del bufete de abogados especializado Sympathy for the Lawyer, se podr\u00e1n realizar consultas sobre las siguientes materias: propiedad intelectual, edici\u00f3n musical, gesti\u00f3n colectiva, contratos discogr\u00e1ficos,<em> joint ventures,<\/em> contrataci\u00f3n de artistas, m\u00fasica en directo, industria musical, planificaci\u00f3n fiscal, as\u00ed como en materias que permitan a las personas asociadas posicionarse en su sector, hacer lobby y dialogar\/negociar con otros interesados y con las autoridades competentes.<\/p>\n<p>[\/vc_column_text][\/vc_column][vc_column column_width_percent=\u00bb100&#8243; position_vertical=\u00bbmiddle\u00bb gutter_size=\u00bb3&#8243; override_padding=\u00bbyes\u00bb column_padding=\u00bb3&#8243; back_image=\u00bb91449&#8243; back_position=\u00bbcenter center\u00bb overlay_alpha=\u00bb50&#8243; shift_x=\u00bb0&#8243; shift_y=\u00bb0&#8243; shift_y_down=\u00bb0&#8243; z_index=\u00bb7&#8243; medium_width=\u00bb4&#8243; mobile_width=\u00bb0&#8243; css_animation=\u00bbalpha-anim\u00bb animation_delay=\u00bb600&#8243; width=\u00bb1\/2&#8243; uncode_shortcode_id=\u00bb106296&#8243; el_class=\u00bbase-img\u00bb back_size=\u00bbcover\u00bb][vc_single_image media=\u00bb88490&#8243; media_width_use_pixel=\u00bbyes\u00bb uncode_shortcode_id=\u00bb209055&#8243; media_width_pixel=\u00bb340&#8243;][\/vc_column][\/vc_row][vc_row row_height_percent=\u00bb0&#8243; override_padding=\u00bbyes\u00bb h_padding=\u00bb2&#8243; top_padding=\u00bb0&#8243; bottom_padding=\u00bb0&#8243; back_color=\u00bbcolor-651503&#8243; overlay_alpha=\u00bb50&#8243; equal_height=\u00bbyes\u00bb gutter_size=\u00bb0&#8243; column_width_percent=\u00bb100&#8243; shift_y=\u00bb0&#8243; z_index=\u00bb0&#8243; top_divider=\u00bbtilt\u00bb bwd_tbc4vd_show_weekday=\u00bb\u00bb uncode_shortcode_id=\u00bb138314&#8243; el_class=\u00bbasesoria\u00bb row_height_pixel=\u00bb423px\u00bb back_color_type=\u00bbuncode-palette\u00bb][vc_column column_width_percent=\u00bb100&#8243; position_vertical=\u00bbmiddle\u00bb gutter_size=\u00bb3&#8243; override_padding=\u00bbyes\u00bb column_padding=\u00bb3&#8243; back_image=\u00bb91448&#8243; back_position=\u00bbcenter center\u00bb overlay_alpha=\u00bb50&#8243; shift_x=\u00bb0&#8243; shift_y=\u00bb0&#8243; shift_y_down=\u00bb0&#8243; z_index=\u00bb10&#8243; medium_width=\u00bb4&#8243; mobile_width=\u00bb0&#8243; css_animation=\u00bbalpha-anim\u00bb animation_delay=\u00bb800&#8243; width=\u00bb1\/2&#8243; uncode_shortcode_id=\u00bb159759&#8243; el_class=\u00bbase-img\u00bb back_size=\u00bbcover\u00bb][vc_single_image media=\u00bb88490&#8243; media_width_use_pixel=\u00bbyes\u00bb uncode_shortcode_id=\u00bb209055&#8243; media_width_pixel=\u00bb340&#8243;][\/vc_column][vc_column column_width_percent=\u00bb100&#8243; position_vertical=\u00bbmiddle\u00bb gutter_size=\u00bb2&#8243; override_padding=\u00bbyes\u00bb column_padding=\u00bb3&#8243; back_color=\u00bbcolor-lxmt\u00bb overlay_alpha=\u00bb50&#8243; shift_x=\u00bb0&#8243; shift_y=\u00bb0&#8243; shift_y_down=\u00bb0&#8243; z_index=\u00bb10&#8243; medium_width=\u00bb4&#8243; align_mobile=\u00bbalign_center_mobile\u00bb mobile_width=\u00bb0&#8243; css_animation=\u00bbalpha-anim\u00bb animation_delay=\u00bb1200&#8243; width=\u00bb1\/2&#8243; uncode_shortcode_id=\u00bb146814&#8243; back_color_type=\u00bbuncode-palette\u00bb][vc_custom_heading text_color=\u00bbcolor-jevc\u00bb heading_semantic=\u00bbh3&#8243; text_size=\u00bbh3&#8243; uncode_shortcode_id=\u00bb201084&#8243; text_color_type=\u00bbuncode-palette\u00bb]Propiedad intelectual[\/vc_custom_heading][vc_column_text uncode_shortcode_id=\u00bb506916&#8243;]<\/p>\n<p style=\"font-weight: 400;\">Gestionado por el equipo de Ainara LeGardon, este servicio resuelve dudas sobre propiedad intelectual y la gesti\u00f3n de derechos de autor\u00eda: dudas sobre contratos discogr\u00e1ficos, editoriales, entidades de gesti\u00f3n colectiva y todas aquellas consultas relacionadas con la propiedad intelectual. Las consultas se gestionan de manera personalizada y seg\u00fan contenido y\/o urgencia se abordar\u00e1n por tel\u00e9fono, correo electr\u00f3nico o reuni\u00f3n telem\u00e1tica.<\/p>\n<p>[\/vc_column_text][\/vc_column][\/vc_row][vc_row row_height_percent=\u00bb0&#8243; override_padding=\u00bbyes\u00bb h_padding=\u00bb0&#8243; top_padding=\u00bb1&#8243; bottom_padding=\u00bb0&#8243; back_color=\u00bbcolor-651503&#8243; overlay_alpha=\u00bb50&#8243; gutter_size=\u00bb3&#8243; column_width_percent=\u00bb100&#8243; shift_y=\u00bb0&#8243; z_index=\u00bb0&#8243; top_divider=\u00bbtilt\u00bb enable_bottom_divider=\u00bbdefault\u00bb bottom_divider=\u00bbtilt\u00bb shape_bottom_h_use_pixel=\u00bb\u00bb shape_bottom_height=\u00bb50&#8243; shape_bottom_color=\u00bbcolor-jevc\u00bb shape_bottom_opacity=\u00bb100&#8243; shape_bottom_index=\u00bb0&#8243; uncode_shortcode_id=\u00bb181952&#8243; shape_bottom_color_type=\u00bbuncode-palette\u00bb back_color_type=\u00bbuncode-palette\u00bb][vc_column column_width_percent=\u00bb100&#8243; gutter_size=\u00bb3&#8243; override_padding=\u00bbyes\u00bb column_padding=\u00bb3&#8243; overlay_alpha=\u00bb50&#8243; shift_x=\u00bb0&#8243; shift_y=\u00bb0&#8243; shift_y_down=\u00bb0&#8243; z_index=\u00bb0&#8243; medium_width=\u00bb0&#8243; align_mobile=\u00bbalign_center_mobile\u00bb mobile_width=\u00bb0&#8243; css_animation=\u00bbbottom-t-top\u00bb animation_delay=\u00bb100&#8243; width=\u00bb1\/1&#8243; uncode_shortcode_id=\u00bb517222&#8243;][vc_column_text text_lead=\u00bbyes\u00bb uncode_shortcode_id=\u00bb179061&#8243;]<\/p>\n<p style=\"font-weight: 400;\">Adem\u00e1s, en nuestro <a href=\"https:\/\/musikabulegoa.eus\/hub\/hub\/\"><strong>HUB<\/strong><\/a> podr\u00e1s encontrar gu\u00edas especializadas y webinars sobre estas cuestiones y otras como ayudas, subvenciones, etc.<\/p>\n<p>[\/vc_column_text][vc_empty_space empty_h=\u00bb2&#8243;][\/vc_column][\/vc_row]<\/p>\n<\/div>","protected":false},"excerpt":{"rendered":"<p>[vc_row row_height_percent=\u00bb0&#8243; override_padding=\u00bbyes\u00bb h_padding=\u00bb2&#8243; top_padding=\u00bb4&#8243; bottom_padding=\u00bb2&#8243; back_color=\u00bbcolor-651503&#8243; overlay_alpha=\u00bb50&#8243; gutter_size=\u00bb3&#8243; column_width_percent=\u00bb100&#8243; shift_y=\u00bb0&#8243; z_index=\u00bb0&#8243; enable_top_divider=\u00bbdefault\u00bb top_divider=\u00bbtilt\u00bb shape_top_h_use_pixel=\u00bb\u00bb shape_top_height=\u00bb120&#8243; shape_top_color=\u00bbcolor-jevc\u00bb shape_top_opacity=\u00bb100&#8243; shape_top_index=\u00bb0&#8243; bwd_tbc4vd_show_weekday=\u00bb\u00bb [&hellip;]<\/p>\n","protected":false},"author":1,"featured_media":88457,"parent":3393,"menu_order":0,"comment_status":"closed","ping_status":"closed","template":"","meta":{"_acf_changed":false,"_monsterinsights_skip_tracking":false,"_monsterinsights_sitenote_active":false,"_monsterinsights_sitenote_note":"","_monsterinsights_sitenote_category":0,"footnotes":""},"tags":[],"class_list":["post-88330","page","type-page","status-publish","has-post-thumbnail","hentry"],"acf":[],"yoast_head":"<!-- This site is optimized with the Yoast SEO plugin v24.0 - https:\/\/yoast.com\/wordpress\/plugins\/seo\/ -->\n<title>Asesor\u00eda - Musika Bulegoa<\/title>\n<meta name=\"description\" content=\"Musika Bulegoa pone a disposici\u00f3n de sus socios y socias un servicio de asesor\u00eda que abarca diferentes \u00e1mbitos.\" \/>\n<meta name=\"robots\" content=\"index, follow, max-snippet:-1, max-image-preview:large, max-video-preview:-1\" \/>\n<link rel=\"canonical\" href=\"https:\/\/musikabulegoa.eus\/hub\/mb\/asesoria\/\" \/>\n<meta property=\"og:locale\" content=\"es_ES\" \/>\n<meta property=\"og:type\" content=\"article\" \/>\n<meta property=\"og:title\" content=\"Asesor\u00eda - Musika Bulegoa\" \/>\n<meta property=\"og:description\" content=\"Musika Bulegoa pone a disposici\u00f3n de sus socios y socias un servicio de asesor\u00eda que abarca diferentes \u00e1mbitos.\" \/>\n<meta property=\"og:url\" content=\"https:\/\/musikabulegoa.eus\/hub\/mb\/asesoria\/\" \/>\n<meta property=\"og:site_name\" content=\"Musika Bulegoa\" \/>\n<meta property=\"article:modified_time\" content=\"2024-06-06T15:08:53+00:00\" \/>\n<meta property=\"og:image\" content=\"https:\/\/musikabulegoa.eus\/hub\/wp-content\/uploads\/2023\/04\/musika-bulegoa-piano1-2.jpg\" \/>\n\t<meta property=\"og:image:width\" content=\"600\" \/>\n\t<meta property=\"og:image:height\" content=\"914\" \/>\n\t<meta property=\"og:image:type\" content=\"image\/jpeg\" \/>\n<meta name=\"twitter:card\" content=\"summary_large_image\" \/>\n<meta name=\"twitter:label1\" content=\"Tiempo de lectura\" \/>\n\t<meta name=\"twitter:data1\" content=\"6 minutos\" \/>\n<script type=\"application\/ld+json\" class=\"yoast-schema-graph\">{\"@context\":\"https:\/\/schema.org\",\"@graph\":[{\"@type\":\"WebPage\",\"@id\":\"https:\/\/musikabulegoa.eus\/hub\/mb\/asesoria\/\",\"url\":\"https:\/\/musikabulegoa.eus\/hub\/mb\/asesoria\/\",\"name\":\"Asesor\u00eda - Musika Bulegoa\",\"isPartOf\":{\"@id\":\"https:\/\/musikabulegoa.eus\/hub\/#website\"},\"primaryImageOfPage\":{\"@id\":\"https:\/\/musikabulegoa.eus\/hub\/mb\/asesoria\/#primaryimage\"},\"image\":{\"@id\":\"https:\/\/musikabulegoa.eus\/hub\/mb\/asesoria\/#primaryimage\"},\"thumbnailUrl\":\"https:\/\/musikabulegoa.eus\/hub\/wp-content\/uploads\/2023\/04\/musika-bulegoa-piano1-2.jpg\",\"datePublished\":\"2020-03-21T11:18:41+00:00\",\"dateModified\":\"2024-06-06T15:08:53+00:00\",\"description\":\"Musika Bulegoa pone a disposici\u00f3n de sus socios y socias un servicio de asesor\u00eda que abarca diferentes \u00e1mbitos.\",\"breadcrumb\":{\"@id\":\"https:\/\/musikabulegoa.eus\/hub\/mb\/asesoria\/#breadcrumb\"},\"inLanguage\":\"es\",\"potentialAction\":[{\"@type\":\"ReadAction\",\"target\":[\"https:\/\/musikabulegoa.eus\/hub\/mb\/asesoria\/\"]}]},{\"@type\":\"ImageObject\",\"inLanguage\":\"es\",\"@id\":\"https:\/\/musikabulegoa.eus\/hub\/mb\/asesoria\/#primaryimage\",\"url\":\"https:\/\/musikabulegoa.eus\/hub\/wp-content\/uploads\/2023\/04\/musika-bulegoa-piano1-2.jpg\",\"contentUrl\":\"https:\/\/musikabulegoa.eus\/hub\/wp-content\/uploads\/2023\/04\/musika-bulegoa-piano1-2.jpg\",\"width\":600,\"height\":914,\"caption\":\"musika-bulegoa-piano\"},{\"@type\":\"BreadcrumbList\",\"@id\":\"https:\/\/musikabulegoa.eus\/hub\/mb\/asesoria\/#breadcrumb\",\"itemListElement\":[{\"@type\":\"ListItem\",\"position\":1,\"name\":\"Portada\",\"item\":\"https:\/\/musikabulegoa.eus\/hub\/hub\/\"},{\"@type\":\"ListItem\",\"position\":2,\"name\":\"La asociaci\u00f3n\",\"item\":\"https:\/\/musikabulegoa.eus\/hub\/mb\/\"},{\"@type\":\"ListItem\",\"position\":3,\"name\":\"Asesor\u00eda\"}]},{\"@type\":\"WebSite\",\"@id\":\"https:\/\/musikabulegoa.eus\/hub\/#website\",\"url\":\"https:\/\/musikabulegoa.eus\/hub\/\",\"name\":\"Musika Bulegoa\",\"description\":\"La Oficina de la M\u00fasica de Euskal Herria\",\"potentialAction\":[{\"@type\":\"SearchAction\",\"target\":{\"@type\":\"EntryPoint\",\"urlTemplate\":\"https:\/\/musikabulegoa.eus\/hub\/?s={search_term_string}\"},\"query-input\":{\"@type\":\"PropertyValueSpecification\",\"valueRequired\":true,\"valueName\":\"search_term_string\"}}],\"inLanguage\":\"es\"}]}<\/script>\n<!-- \/ Yoast SEO plugin. -->","yoast_head_json":{"title":"Asesor\u00eda - Musika Bulegoa","description":"Musika Bulegoa pone a disposici\u00f3n de sus socios y socias un servicio de asesor\u00eda que abarca diferentes \u00e1mbitos.","robots":{"index":"index","follow":"follow","max-snippet":"max-snippet:-1","max-image-preview":"max-image-preview:large","max-video-preview":"max-video-preview:-1"},"canonical":"https:\/\/musikabulegoa.eus\/hub\/mb\/asesoria\/","og_locale":"es_ES","og_type":"article","og_title":"Asesor\u00eda - Musika Bulegoa","og_description":"Musika Bulegoa pone a disposici\u00f3n de sus socios y socias un servicio de asesor\u00eda que abarca diferentes \u00e1mbitos.","og_url":"https:\/\/musikabulegoa.eus\/hub\/mb\/asesoria\/","og_site_name":"Musika Bulegoa","article_modified_time":"2024-06-06T15:08:53+00:00","og_image":[{"width":600,"height":914,"url":"https:\/\/musikabulegoa.eus\/hub\/wp-content\/uploads\/2023\/04\/musika-bulegoa-piano1-2.jpg","type":"image\/jpeg"}],"twitter_card":"summary_large_image","twitter_misc":{"Tiempo de lectura":"6 minutos"},"schema":{"@context":"https:\/\/schema.org","@graph":[{"@type":"WebPage","@id":"https:\/\/musikabulegoa.eus\/hub\/mb\/asesoria\/","url":"https:\/\/musikabulegoa.eus\/hub\/mb\/asesoria\/","name":"Asesor\u00eda - Musika Bulegoa","isPartOf":{"@id":"https:\/\/musikabulegoa.eus\/hub\/#website"},"primaryImageOfPage":{"@id":"https:\/\/musikabulegoa.eus\/hub\/mb\/asesoria\/#primaryimage"},"image":{"@id":"https:\/\/musikabulegoa.eus\/hub\/mb\/asesoria\/#primaryimage"},"thumbnailUrl":"https:\/\/musikabulegoa.eus\/hub\/wp-content\/uploads\/2023\/04\/musika-bulegoa-piano1-2.jpg","datePublished":"2020-03-21T11:18:41+00:00","dateModified":"2024-06-06T15:08:53+00:00","description":"Musika Bulegoa pone a disposici\u00f3n de sus socios y socias un servicio de asesor\u00eda que abarca diferentes \u00e1mbitos.","breadcrumb":{"@id":"https:\/\/musikabulegoa.eus\/hub\/mb\/asesoria\/#breadcrumb"},"inLanguage":"es","potentialAction":[{"@type":"ReadAction","target":["https:\/\/musikabulegoa.eus\/hub\/mb\/asesoria\/"]}]},{"@type":"ImageObject","inLanguage":"es","@id":"https:\/\/musikabulegoa.eus\/hub\/mb\/asesoria\/#primaryimage","url":"https:\/\/musikabulegoa.eus\/hub\/wp-content\/uploads\/2023\/04\/musika-bulegoa-piano1-2.jpg","contentUrl":"https:\/\/musikabulegoa.eus\/hub\/wp-content\/uploads\/2023\/04\/musika-bulegoa-piano1-2.jpg","width":600,"height":914,"caption":"musika-bulegoa-piano"},{"@type":"BreadcrumbList","@id":"https:\/\/musikabulegoa.eus\/hub\/mb\/asesoria\/#breadcrumb","itemListElement":[{"@type":"ListItem","position":1,"name":"Portada","item":"https:\/\/musikabulegoa.eus\/hub\/hub\/"},{"@type":"ListItem","position":2,"name":"La asociaci\u00f3n","item":"https:\/\/musikabulegoa.eus\/hub\/mb\/"},{"@type":"ListItem","position":3,"name":"Asesor\u00eda"}]},{"@type":"WebSite","@id":"https:\/\/musikabulegoa.eus\/hub\/#website","url":"https:\/\/musikabulegoa.eus\/hub\/","name":"Musika Bulegoa","description":"La Oficina de la M\u00fasica de Euskal Herria","potentialAction":[{"@type":"SearchAction","target":{"@type":"EntryPoint","urlTemplate":"https:\/\/musikabulegoa.eus\/hub\/?s={search_term_string}"},"query-input":{"@type":"PropertyValueSpecification","valueRequired":true,"valueName":"search_term_string"}}],"inLanguage":"es"}]}},"_links":{"self":[{"href":"https:\/\/musikabulegoa.eus\/hub\/wp-json\/wp\/v2\/pages\/88330","targetHints":{"allow":["GET"]}}],"collection":[{"href":"https:\/\/musikabulegoa.eus\/hub\/wp-json\/wp\/v2\/pages"}],"about":[{"href":"https:\/\/musikabulegoa.eus\/hub\/wp-json\/wp\/v2\/types\/page"}],"author":[{"embeddable":true,"href":"https:\/\/musikabulegoa.eus\/hub\/wp-json\/wp\/v2\/users\/1"}],"replies":[{"embeddable":true,"href":"https:\/\/musikabulegoa.eus\/hub\/wp-json\/wp\/v2\/comments?post=88330"}],"version-history":[{"count":3,"href":"https:\/\/musikabulegoa.eus\/hub\/wp-json\/wp\/v2\/pages\/88330\/revisions"}],"predecessor-version":[{"id":103653,"href":"https:\/\/musikabulegoa.eus\/hub\/wp-json\/wp\/v2\/pages\/88330\/revisions\/103653"}],"up":[{"embeddable":true,"href":"https:\/\/musikabulegoa.eus\/hub\/wp-json\/wp\/v2\/pages\/3393"}],"wp:featuredmedia":[{"embeddable":true,"href":"https:\/\/musikabulegoa.eus\/hub\/wp-json\/wp\/v2\/media\/88457"}],"wp:attachment":[{"href":"https:\/\/musikabulegoa.eus\/hub\/wp-json\/wp\/v2\/media?parent=88330"}],"wp:term":[{"taxonomy":"post_tag","embeddable":true,"href":"https:\/\/musikabulegoa.eus\/hub\/wp-json\/wp\/v2\/tags?post=88330"}],"curies":[{"name":"wp","href":"https:\/\/api.w.org\/{rel}","templated":true}]}}